{"id":1280,"date":"2020-06-16T18:49:38","date_gmt":"2020-06-16T16:49:38","guid":{"rendered":"https:\/\/cedgkchesterton.cat\/projecte\/"},"modified":"2025-06-20T16:59:29","modified_gmt":"2025-06-20T14:59:29","slug":"the-project","status":"publish","type":"page","link":"https:\/\/cedgkchesterton.cat\/en\/the-project\/","title":{"rendered":"The Project"},"content":{"rendered":"<p>[et_pb_section fb_built=&#8221;1&#8243; _builder_version=&#8221;4.16&#8243; background_color=&#8221;#004225&#8243; background_color_gradient_direction=&#8221;239deg&#8221; custom_padding=&#8221;0px||0px||false|false&#8221; global_colors_info=&#8221;{}&#8221;][et_pb_row _builder_version=&#8221;4.16&#8243; custom_padding=&#8221;9px||5px||false|false&#8221; global_colors_info=&#8221;{}&#8221;][et_pb_column type=&#8221;4_4&#8243; _builder_version=&#8221;4.16&#8243; custom_padding=&#8221;||||false|false&#8221; global_colors_info=&#8221;{}&#8221;][et_pb_text _builder_version=&#8221;4.16&#8243; background_layout=&#8221;dark&#8221; global_colors_info=&#8221;{}&#8221;]<\/p>\n<h1>Project Centre d\u2019Estudis i Documentaci\u00f3 G. K. Chesterton<\/h1>\n<p>[\/et_pb_text][\/et_pb_column][\/et_pb_row][\/et_pb_section][et_pb_section fb_built=&#8221;1&#8243; _builder_version=&#8221;4.16&#8243; global_colors_info=&#8221;{}&#8221;][et_pb_row _builder_version=&#8221;4.16&#8243; background_size=&#8221;initial&#8221; background_position=&#8221;top_left&#8221; background_repeat=&#8221;repeat&#8221; global_colors_info=&#8221;{}&#8221;][et_pb_column type=&#8221;4_4&#8243; _builder_version=&#8221;4.16&#8243; custom_padding=&#8221;|||&#8221; global_colors_info=&#8221;{}&#8221; custom_padding__hover=&#8221;|||&#8221;][et_pb_accordion _builder_version=&#8221;4.27.4&#8243; hover_enabled=&#8221;0&#8243; global_colors_info=&#8221;{}&#8221; sticky_enabled=&#8221;0&#8243;][et_pb_accordion_item title=&#8221;Origin&#8221; open=&#8221;on&#8221; _builder_version=&#8221;4.16&#8243; global_colors_info=&#8221;{}&#8221;]<\/p>\n<p>The G. K. Chesterton Study and Documentation Centre project (CEDGKC in its Catalan initials) stems from the donation to the Facultat de Filosofia at Universitat Ramon Llull of a documental archive focused on G. K. Chesterton, and from a permanent partnership agreement with the Faculty.<\/p>\n<p>[\/et_pb_accordion_item][et_pb_accordion_item title=&#8221;Basic principles&#8221; _builder_version=&#8221;4.16&#8243; global_colors_info=&#8221;{}&#8221; open=&#8221;off&#8221;]<\/p>\n<p>The CEDGKC project is based in three key ideas: Chesterton\u2019s links with Catalonia by means of his influence and repercussion on its literature, journalism and social thought; the continuity of his legacy to the present day as a result of the studies and public outreach of a generation of Catalan writers who, in the 1920\u2019s and 30\u2019s, received his work and circulated his thought, such as Pau Romeva, Josep Maria Junoy, Josep Maria Capdevila, Maurici Serrahima and Mari\u00e0 Manent, amongst others; and the creation of a documentation centre which organises archive collections related to Chesterton and his times. More than forty thousand documental units are listed in the library, the archive and its newspaper and periodicals, photography and media sections.<\/p>\n<p>[\/et_pb_accordion_item][et_pb_accordion_item title=&#8221;Aims&#8221; _builder_version=&#8221;4.16&#8243; global_colors_info=&#8221;{}&#8221; open=&#8221;off&#8221;]<\/p>\n<p>The CEDGCK team has established as its main aim to create a study and research site through the development of a documentation centre and a subject-arranged library, which are managed from the CEDGKC webpage. It will promote the research and study of Chesterton\u2019s relationship with Catalonia, his influence on its literature, journalism, thought, religion and politics, and the cultural and social context of the reception of his work. Another aim of the CEDGKC is to circulate Chesterton\u2019s work and thought, by means of study sessions and projects related to the author and his times, and to encourage links with other Chestertonian and academic institutions.<\/p>\n<p>[\/et_pb_accordion_item][et_pb_accordion_item title=&#8221;Services&#8221; _builder_version=&#8221;4.16&#8243; global_colors_info=&#8221;{}&#8221; open=&#8221;off&#8221;]<\/p>\n<p>The CEDGKC provides two types of services: assistance for studies and projects, and access to and reproduction of the documents. A communication channel with the CEDGKC is available to heed any inquiries and to inform of the activities programmed by the Centre, as well as those related to the area of study and to the management of the Centre.<\/p>\n<p>[\/et_pb_accordion_item][et_pb_accordion_item title=&#8221;Activities&#8221; _builder_version=&#8221;4.16&#8243; global_colors_info=&#8221;{}&#8221; open=&#8221;off&#8221;]<\/p>\n<p>The CEDGKC offers a wide range of activities related to, on the one hand, the study and public outreaching of Chesterton\u2019s work, life and thought and of his literary, cultural and social context, and on the other, aspects of the British cultural and literary tradition, especially from the interwar period, through the organization of courses, sessions, lectures, subject-oriented exhibitions or international symposiums. As a Study Centre it promotes its own research projects, as well as others in collaboration with academic institutions.<\/p>\n<p>[\/et_pb_accordion_item][et_pb_accordion_item title=&#8221;Team&#8221; _builder_version=&#8221;4.27.4&#8243; hover_enabled=&#8221;0&#8243; global_colors_info=&#8221;{}&#8221; open=&#8221;off&#8221; sticky_enabled=&#8221;0&#8243;]<\/p>\n<p>The project\u2019s team is organised into three coordinated and complementary areas. The management team, consisting of Dr. Jaume Aymar (president), Dr. S\u00edlvia Coll-Vinent (director), Mr. Mari\u00e0 Hispano (secretary), Mr. Josep Aranda (treasurer) and Mr. Josep Carbonell (project and activities coordinator); the scientific coordination area (Dr. S\u00edlvia Coll-Vinent) and the technical coordination area (Mari\u00e0 Hispano and Josep Oller). From the outset the CEDGKC has counted on the support and the involvement of the Facultat de Filosofia at the Universitat Ramon Llull, the Ateneu Universitari Sant Paci\u00e0 and the Biblioteca P\u00fablica Episcopal de Barcelona (BPEB).<\/p>\n<p>Contributors: Centre d&#8217;Estudi i Documentaci\u00f3 G. K. Chesterton (Josep Carbonell, Mari\u00e0 Hispano, S\u00edlvia Coll-Vinent); Miguel Romero, Miquel Sellar\u00e8s, Juan Ram\u00f3n Laparra, Francesc Montero and Xavi Isern.<\/p>\n<p>Translation: Ruth Ma\u00f1ero-Lamb\u00fa Comunicaci\u00f3 (into Spanish) and Esteve Cabr\u00e9 (into English).<\/p>\n<p>[\/et_pb_accordion_item][et_pb_accordion_item title=&#8221;Brief history&#8221; _builder_version=&#8221;4.16&#8243; global_colors_info=&#8221;{}&#8221; open=&#8221;off&#8221;]<\/p>\n<p><em>Raimon Gal\u00ed, director of the Grup d\u2019Estudis Coronel Guarner (GEN), asked me to give a paper on Chesterton for the 2000 course. In his own words he told me:<\/em><\/p>\n<p><em>\u00a0<\/em><em>You should answer two questions: who brought Chesterton to Catalonia and for what reason.<\/em><\/p>\n<p><em>\u00a0<\/em><em>To answer these questions a bibliographic search was started. The country\u2019s libraries, archives and bookshops (second-hand and other) were researched. Works edited by Plaza &amp; Jan\u00e9s in the 1960\u2019s and 70\u2019s were found, along with some volumes by Chesterton translated into Catalan in the 1930\u2019s. Jordi Gal\u00ed and Dr. D\u00eddac Parellada had published respectively <\/em>El comprom\u00eds politic de Chesterton <em>and <\/em>Recordatori a Chesterton<em> to coincide with the 100<sup>th<\/sup> anniversary of his birth. To be fair, bibliography related to Chesterton\u2019s two stays in Catalonia was scarce.<\/em><\/p>\n<p><em><img loading=\"lazy\" decoding=\"async\" class=\"wp-image-1268 alignnone size-full\" src=\"https:\/\/cedgkchesterton.cat\/wp-content\/uploads\/2021\/06\/breu-historia_CEDGKC.jpg\" alt=\"\" width=\"1200\" height=\"758\" srcset=\"https:\/\/cedgkchesterton.cat\/wp-content\/uploads\/2021\/06\/breu-historia_CEDGKC.jpg 1200w, https:\/\/cedgkchesterton.cat\/wp-content\/uploads\/2021\/06\/breu-historia_CEDGKC-980x619.jpg 980w, https:\/\/cedgkchesterton.cat\/wp-content\/uploads\/2021\/06\/breu-historia_CEDGKC-480x303.jpg 480w\" sizes=\"(min-width: 0px) and (max-width: 480px) 480px, (min-width: 481px) and (max-width: 980px) 980px, (min-width: 981px) 1200px, 100vw\" \/><\/em><\/p>\n<p><em>Access to the internet facilitated a worldwide bibliographic search. Chesterton being a prolific and multi-faceted writer, a whole Chestertonian universe was opened. He published some ninety books and around four thousand articles. Apart from being a writer who pursued many literary genres, he was renowned as a polemicist and an apologist. Following with the research, the catalogues of universities, national libraries, archives and foreign collections were examined. Visits were made to Italy, France and Madrid. In Rome, documents were obtained from several public or Catholic universities, and the Biblioteca Nazionale Centrale. In Paris and Lyon an extensive volume of articles, essays and literary reviews were obtained. In Madrid, documents were examined in the Archivo General de la Administraci\u00f3n (Alcal\u00e1 de Henares) on Francoist censorship and Chesterton\u2019s published work; in the Hemeroteca and the Residencia de Estudiantes, documentation was researched related to his stay in Madrid and the lecture he gave there in the spring of 1926, before going to Barcelona. A subject-arranged library was created. Works by Chesterton, biographies or books about the writer were acquired in Argentina, Mexico, Italy and France. The publishing houses Acantilado, Renacimiento and Valdemar started publishing works not available in Spanish up to that point. As the size of the document collection grew, a new systematic organization was needed. The worldwide research permitted at the same time to establish contacts with other associations from abroad, such as Les Amis de G. K. Chesterton of Philippe Maxence, the Societ\u00e0 Chestertoniana Italiana of Marco Sermarini or Chesterton Institue for Faith and Culture at Seton Hall University.<\/em><\/p>\n<p><em>An agreement was reached with Dr. Jaume Aymar, then dean of the Facultat de Filosofia at the Universitat Ramon Llull, to carry out the donation of the documental collection to the Universitat Ramon Llull and begin the work and coordination of the G. K. Chesterton Study and Documentation project.<\/em><\/p>\n<p><em>Josep Carbonell i Rod\u00e9s<\/em><\/p>\n<p>[\/et_pb_accordion_item][\/et_pb_accordion][\/et_pb_column][\/et_pb_row][\/et_pb_section]<\/p>\n","protected":false},"excerpt":{"rendered":"<p>Project Centre d\u2019Estudis i Documentaci\u00f3 G. K. ChestertonThe G. K. Chesterton Study and Documentation Centre project (CEDGKC in its Catalan initials) stems from the donation to the Facultat de Filosofia [&hellip;]<\/p>\n","protected":false},"author":1,"featured_media":0,"parent":0,"menu_order":0,"comment_status":"closed","ping_status":"closed","template":"","meta":{"_et_pb_use_builder":"on","_et_pb_old_content":"","_et_gb_content_width":"","footnotes":""},"class_list":["post-1280","page","type-page","status-publish","hentry"],"yoast_head":"<!-- This site is optimized with the Yoast SEO plugin v25.3 - https:\/\/yoast.com\/wordpress\/plugins\/seo\/ -->\n<title>The Project - G. K. Chesterton Study and Documentation Centre<\/title>\n<meta name=\"robots\" content=\"index, follow, max-snippet:-1, max-image-preview:large, max-video-preview:-1\" \/>\n<link rel=\"canonical\" href=\"https:\/\/cedgkchesterton.cat\/projecte\/\" \/>\n<meta property=\"og:locale\" content=\"en_US\" \/>\n<meta property=\"og:type\" content=\"article\" \/>\n<meta property=\"og:title\" content=\"The Project - G. K. Chesterton Study and Documentation Centre\" \/>\n<meta property=\"og:description\" content=\"Project Centre d\u2019Estudis i Documentaci\u00f3 G. K. ChestertonThe G. K. Chesterton Study and Documentation Centre project (CEDGKC in its Catalan initials) stems from the donation to the Facultat de Filosofia [&hellip;]\" \/>\n<meta property=\"og:url\" content=\"https:\/\/cedgkchesterton.cat\/projecte\/\" \/>\n<meta property=\"og:site_name\" content=\"G. K. Chesterton Study and Documentation Centre\" \/>\n<meta property=\"article:modified_time\" content=\"2025-06-20T14:59:29+00:00\" \/>\n<meta property=\"og:image\" content=\"https:\/\/cedgkchesterton.cat\/wp-content\/uploads\/2021\/06\/breu-historia_CEDGKC.jpg\" \/>\n\t<meta property=\"og:image:width\" content=\"1200\" \/>\n\t<meta property=\"og:image:height\" content=\"758\" \/>\n\t<meta property=\"og:image:type\" content=\"image\/jpeg\" \/>\n<meta name=\"twitter:card\" content=\"summary_large_image\" \/>\n<meta name=\"twitter:label1\" content=\"Est. reading time\" \/>\n\t<meta name=\"twitter:data1\" content=\"6 minutes\" \/>\n<script type=\"application\/ld+json\" class=\"yoast-schema-graph\">{\"@context\":\"https:\/\/schema.org\",\"@graph\":[{\"@type\":\"WebPage\",\"@id\":\"https:\/\/cedgkchesterton.cat\/projecte\/\",\"url\":\"https:\/\/cedgkchesterton.cat\/projecte\/\",\"name\":\"The Project - G. K. Chesterton Study and Documentation Centre\",\"isPartOf\":{\"@id\":\"https:\/\/cedgkchesterton.cat\/#website\"},\"primaryImageOfPage\":{\"@id\":\"https:\/\/cedgkchesterton.cat\/projecte\/#primaryimage\"},\"image\":{\"@id\":\"https:\/\/cedgkchesterton.cat\/projecte\/#primaryimage\"},\"thumbnailUrl\":\"https:\/\/cedgkchesterton.cat\/wp-content\/uploads\/2021\/06\/breu-historia_CEDGKC.jpg\",\"datePublished\":\"2020-06-16T16:49:38+00:00\",\"dateModified\":\"2025-06-20T14:59:29+00:00\",\"breadcrumb\":{\"@id\":\"https:\/\/cedgkchesterton.cat\/projecte\/#breadcrumb\"},\"inLanguage\":\"en-US\",\"potentialAction\":[{\"@type\":\"ReadAction\",\"target\":[\"https:\/\/cedgkchesterton.cat\/projecte\/\"]}]},{\"@type\":\"ImageObject\",\"inLanguage\":\"en-US\",\"@id\":\"https:\/\/cedgkchesterton.cat\/projecte\/#primaryimage\",\"url\":\"https:\/\/cedgkchesterton.cat\/wp-content\/uploads\/2021\/06\/breu-historia_CEDGKC.jpg\",\"contentUrl\":\"https:\/\/cedgkchesterton.cat\/wp-content\/uploads\/2021\/06\/breu-historia_CEDGKC.jpg\"},{\"@type\":\"BreadcrumbList\",\"@id\":\"https:\/\/cedgkchesterton.cat\/projecte\/#breadcrumb\",\"itemListElement\":[{\"@type\":\"ListItem\",\"position\":1,\"name\":\"Inici\",\"item\":\"https:\/\/cedgkchesterton.cat\/en\/\"},{\"@type\":\"ListItem\",\"position\":2,\"name\":\"The Project\"}]},{\"@type\":\"WebSite\",\"@id\":\"https:\/\/cedgkchesterton.cat\/#website\",\"url\":\"https:\/\/cedgkchesterton.cat\/\",\"name\":\"G. K. Chesterton Study and Documentation Centre\",\"description\":\"Estudi i divulgaci\u00f3 de l\u2019obra de Chesterton\",\"publisher\":{\"@id\":\"https:\/\/cedgkchesterton.cat\/#organization\"},\"potentialAction\":[{\"@type\":\"SearchAction\",\"target\":{\"@type\":\"EntryPoint\",\"urlTemplate\":\"https:\/\/cedgkchesterton.cat\/?s={search_term_string}\"},\"query-input\":{\"@type\":\"PropertyValueSpecification\",\"valueRequired\":true,\"valueName\":\"search_term_string\"}}],\"inLanguage\":\"en-US\"},{\"@type\":\"Organization\",\"@id\":\"https:\/\/cedgkchesterton.cat\/#organization\",\"name\":\"G.K. Chesterton Study and Documentation Centre\",\"url\":\"https:\/\/cedgkchesterton.cat\/\",\"logo\":{\"@type\":\"ImageObject\",\"inLanguage\":\"en-US\",\"@id\":\"https:\/\/cedgkchesterton.cat\/#\/schema\/logo\/image\/\",\"url\":\"https:\/\/cedgkchesterton.cat\/wp-content\/uploads\/2020\/09\/CEDGKC_logo.jpg\",\"contentUrl\":\"https:\/\/cedgkchesterton.cat\/wp-content\/uploads\/2020\/09\/CEDGKC_logo.jpg\",\"width\":492,\"height\":233,\"caption\":\"G.K. Chesterton Study and Documentation Centre\"},\"image\":{\"@id\":\"https:\/\/cedgkchesterton.cat\/#\/schema\/logo\/image\/\"}}]}<\/script>\n<!-- \/ Yoast SEO plugin. -->","yoast_head_json":{"title":"The Project - G. K. Chesterton Study and Documentation Centre","robots":{"index":"index","follow":"follow","max-snippet":"max-snippet:-1","max-image-preview":"max-image-preview:large","max-video-preview":"max-video-preview:-1"},"canonical":"https:\/\/cedgkchesterton.cat\/projecte\/","og_locale":"en_US","og_type":"article","og_title":"The Project - G. K. Chesterton Study and Documentation Centre","og_description":"Project Centre d\u2019Estudis i Documentaci\u00f3 G. K. ChestertonThe G. K. Chesterton Study and Documentation Centre project (CEDGKC in its Catalan initials) stems from the donation to the Facultat de Filosofia [&hellip;]","og_url":"https:\/\/cedgkchesterton.cat\/projecte\/","og_site_name":"G. K. Chesterton Study and Documentation Centre","article_modified_time":"2025-06-20T14:59:29+00:00","og_image":[{"width":1200,"height":758,"url":"https:\/\/cedgkchesterton.cat\/wp-content\/uploads\/2021\/06\/breu-historia_CEDGKC.jpg","type":"image\/jpeg"}],"twitter_card":"summary_large_image","twitter_misc":{"Est. reading time":"6 minutes"},"schema":{"@context":"https:\/\/schema.org","@graph":[{"@type":"WebPage","@id":"https:\/\/cedgkchesterton.cat\/projecte\/","url":"https:\/\/cedgkchesterton.cat\/projecte\/","name":"The Project - G. K. Chesterton Study and Documentation Centre","isPartOf":{"@id":"https:\/\/cedgkchesterton.cat\/#website"},"primaryImageOfPage":{"@id":"https:\/\/cedgkchesterton.cat\/projecte\/#primaryimage"},"image":{"@id":"https:\/\/cedgkchesterton.cat\/projecte\/#primaryimage"},"thumbnailUrl":"https:\/\/cedgkchesterton.cat\/wp-content\/uploads\/2021\/06\/breu-historia_CEDGKC.jpg","datePublished":"2020-06-16T16:49:38+00:00","dateModified":"2025-06-20T14:59:29+00:00","breadcrumb":{"@id":"https:\/\/cedgkchesterton.cat\/projecte\/#breadcrumb"},"inLanguage":"en-US","potentialAction":[{"@type":"ReadAction","target":["https:\/\/cedgkchesterton.cat\/projecte\/"]}]},{"@type":"ImageObject","inLanguage":"en-US","@id":"https:\/\/cedgkchesterton.cat\/projecte\/#primaryimage","url":"https:\/\/cedgkchesterton.cat\/wp-content\/uploads\/2021\/06\/breu-historia_CEDGKC.jpg","contentUrl":"https:\/\/cedgkchesterton.cat\/wp-content\/uploads\/2021\/06\/breu-historia_CEDGKC.jpg"},{"@type":"BreadcrumbList","@id":"https:\/\/cedgkchesterton.cat\/projecte\/#breadcrumb","itemListElement":[{"@type":"ListItem","position":1,"name":"Inici","item":"https:\/\/cedgkchesterton.cat\/en\/"},{"@type":"ListItem","position":2,"name":"The Project"}]},{"@type":"WebSite","@id":"https:\/\/cedgkchesterton.cat\/#website","url":"https:\/\/cedgkchesterton.cat\/","name":"G. K. Chesterton Study and Documentation Centre","description":"Estudi i divulgaci\u00f3 de l\u2019obra de Chesterton","publisher":{"@id":"https:\/\/cedgkchesterton.cat\/#organization"},"potentialAction":[{"@type":"SearchAction","target":{"@type":"EntryPoint","urlTemplate":"https:\/\/cedgkchesterton.cat\/?s={search_term_string}"},"query-input":{"@type":"PropertyValueSpecification","valueRequired":true,"valueName":"search_term_string"}}],"inLanguage":"en-US"},{"@type":"Organization","@id":"https:\/\/cedgkchesterton.cat\/#organization","name":"G.K. Chesterton Study and Documentation Centre","url":"https:\/\/cedgkchesterton.cat\/","logo":{"@type":"ImageObject","inLanguage":"en-US","@id":"https:\/\/cedgkchesterton.cat\/#\/schema\/logo\/image\/","url":"https:\/\/cedgkchesterton.cat\/wp-content\/uploads\/2020\/09\/CEDGKC_logo.jpg","contentUrl":"https:\/\/cedgkchesterton.cat\/wp-content\/uploads\/2020\/09\/CEDGKC_logo.jpg","width":492,"height":233,"caption":"G.K. Chesterton Study and Documentation Centre"},"image":{"@id":"https:\/\/cedgkchesterton.cat\/#\/schema\/logo\/image\/"}}]}},"_links":{"self":[{"href":"https:\/\/cedgkchesterton.cat\/en\/wp-json\/wp\/v2\/pages\/1280","targetHints":{"allow":["GET"]}}],"collection":[{"href":"https:\/\/cedgkchesterton.cat\/en\/wp-json\/wp\/v2\/pages"}],"about":[{"href":"https:\/\/cedgkchesterton.cat\/en\/wp-json\/wp\/v2\/types\/page"}],"author":[{"embeddable":true,"href":"https:\/\/cedgkchesterton.cat\/en\/wp-json\/wp\/v2\/users\/1"}],"replies":[{"embeddable":true,"href":"https:\/\/cedgkchesterton.cat\/en\/wp-json\/wp\/v2\/comments?post=1280"}],"version-history":[{"count":15,"href":"https:\/\/cedgkchesterton.cat\/en\/wp-json\/wp\/v2\/pages\/1280\/revisions"}],"predecessor-version":[{"id":2469,"href":"https:\/\/cedgkchesterton.cat\/en\/wp-json\/wp\/v2\/pages\/1280\/revisions\/2469"}],"wp:attachment":[{"href":"https:\/\/cedgkchesterton.cat\/en\/wp-json\/wp\/v2\/media?parent=1280"}],"curies":[{"name":"wp","href":"https:\/\/api.w.org\/{rel}","templated":true}]}}