{"id":1281,"date":"2020-06-16T18:49:38","date_gmt":"2020-06-16T16:49:38","guid":{"rendered":"https:\/\/cedgkchesterton.cat\/projecte\/"},"modified":"2025-06-20T16:59:57","modified_gmt":"2025-06-20T14:59:57","slug":"proyecto","status":"publish","type":"page","link":"https:\/\/cedgkchesterton.cat\/es\/proyecto\/","title":{"rendered":"Proyecto"},"content":{"rendered":"<p>[et_pb_section fb_built=\u00bb1&#8243; _builder_version=\u00bb4.16&#8243; background_color=\u00bb#004225&#8243; background_color_gradient_direction=\u00bb239deg\u00bb custom_padding=\u00bb0px||0px||false|false\u00bb global_colors_info=\u00bb{}\u00bb][et_pb_row _builder_version=\u00bb4.16&#8243; custom_padding=\u00bb9px||5px||false|false\u00bb global_colors_info=\u00bb{}\u00bb][et_pb_column type=\u00bb4_4&#8243; _builder_version=\u00bb4.16&#8243; custom_padding=\u00bb||||false|false\u00bb global_colors_info=\u00bb{}\u00bb][et_pb_text _builder_version=\u00bb4.16&#8243; background_layout=\u00bbdark\u00bb global_colors_info=\u00bb{}\u00bb]<\/p>\n<h1>Proyecto Centre d&#8217;Estudis i Documentaci\u00f3 G. K. Chesterton<\/h1>\n<p>[\/et_pb_text][\/et_pb_column][\/et_pb_row][\/et_pb_section][et_pb_section fb_built=\u00bb1&#8243; _builder_version=\u00bb4.16&#8243; global_colors_info=\u00bb{}\u00bb][et_pb_row _builder_version=\u00bb4.16&#8243; background_size=\u00bbinitial\u00bb background_position=\u00bbtop_left\u00bb background_repeat=\u00bbrepeat\u00bb global_colors_info=\u00bb{}\u00bb][et_pb_column type=\u00bb4_4&#8243; _builder_version=\u00bb4.16&#8243; custom_padding=\u00bb|||\u00bb global_colors_info=\u00bb{}\u00bb custom_padding__hover=\u00bb|||\u00bb][et_pb_accordion _builder_version=\u00bb4.27.4&#8243; hover_enabled=\u00bb0&#8243; global_colors_info=\u00bb{}\u00bb sticky_enabled=\u00bb0&#8243;][et_pb_accordion_item title=\u00bbCimientos\u00bb _builder_version=\u00bb4.16&#8243; global_colors_info=\u00bb{}\u00bb open=\u00bbon\u00bb]El Centro de Estudios y Documentaci\u00f3n G. K. Chesterton (CEDGKC) basa su proyecto en tres ideas clave: la vinculaci\u00f3n de Chesterton con Catalu\u00f1a a trav\u00e9s de la influencia y la repercusi\u00f3n que tuvo el autor sobre la literatura, el periodismo y el ideario social; la continuidad de su legado hasta nuestros d\u00edas, resultado de la divulgaci\u00f3n y de los estudios publicados por una generaci\u00f3n de escritores catalanes que en los a\u00f1os 20 y 30 del siglo pasado acogieron su obra y difundieron su pensamiento, como son Pau Romeva, Josep Maria Junoy, Josep Maria Capdevila, Maurici Serrahima y Mari\u00e0 Manent, entre otros; la formaci\u00f3n de un centro de documentaci\u00f3n que organiza fondos de archivo relacionados con Chesterton y su \u00e9poca. Se clasifican m\u00e1s de cuarenta mil unidades documentales dentro de los \u00e1mbitos de archivo, biblioteca, hemeroteca, fotograf\u00eda y mediateca.[\/et_pb_accordion_item][et_pb_accordion_item title=\u00bbObjetivos\u00bb _builder_version=\u00bb4.16&#8243; global_colors_info=\u00bb{}\u00bb open=\u00bboff\u00bb]El equipo del CEDGKC se ha fijado como objetivos principales crear un espacio de estudio e investigaci\u00f3n a trav\u00e9s de la formaci\u00f3n de un centro de documentaci\u00f3n y de una biblioteca tem\u00e1tica que se gestionan desde la p\u00e1gina web del CEDGKG. Se promover\u00e1n investigaciones y estudios relacionados con los v\u00ednculos de Chesterton con Catalu\u00f1a, con la influencia en la literatura, el periodismo, el pensamiento, la religi\u00f3n y la pol\u00edtica de nuestro pa\u00eds y con el contexto cultural y social de la \u00e9poca. Otro objetivo del CEDGKC es divulgar la obra y el pensamiento del autor, mediante jornadas de estudio y proyectos relacionados con el escritor y su tiempo, y potenciar los v\u00ednculos con otras entidades acad\u00e9micas y chestertonianas.[\/et_pb_accordion_item][et_pb_accordion_item title=\u00bbServicios\u00bb _builder_version=\u00bb4.16&#8243; global_colors_info=\u00bb{}\u00bb open=\u00bboff\u00bb]El CEDGKC ofrece dos tipos de servicios: de asesoramiento a estudios y proyectos, y de acceso y reproducci\u00f3n de los documentos. El CEDGKC dispone de un canal de comunicaci\u00f3n con los usuarios para atender las consultas, para informar de las actividades programadas por el Centro y otras relacionadas con el \u00e1mbito de estudio, as\u00ed como de la propia administraci\u00f3n de la entidad.[\/et_pb_accordion_item][et_pb_accordion_item title=\u00bbActividades\u00bb _builder_version=\u00bb4.16&#8243; global_colors_info=\u00bb{}\u00bb open=\u00bboff\u00bb]El CEDGKC se propone realizar un abanico de actividades relacionadas, por un lado, con el estudio y la divulgaci\u00f3n de la obra, la vida y el pensamiento de Chesterton y de su contexto literario, cultural y social, y por otro lado, con aspectos de la tradici\u00f3n cultural y literaria brit\u00e1nica, especialmente del periodo de entreguerras, a trav\u00e9s de la organizaci\u00f3n de cursos, jornadas, conferencias, exposiciones tem\u00e1ticas o simposios internacionales. Como Centro de Estudios, promueve proyectos propios de investigaci\u00f3n y otros en colaboraci\u00f3n con entidades del \u00e1mbito acad\u00e9mico.[\/et_pb_accordion_item][et_pb_accordion_item title=\u00bbEl equipo\u00bb open=\u00bboff\u00bb _builder_version=\u00bb4.27.4&#8243; hover_enabled=\u00bb0&#8243; global_colors_info=\u00bb{}\u00bb sticky_enabled=\u00bb0&#8243;]<\/p>\n<p><el equipo=\"\" del=\"\" proyecto=\"\" se=\"\" organiza=\"\" a=\"\" partir=\"\" de=\"\" tres=\"\" reas=\"\" complementarias=\"\" y=\"\" coordinadas=\"\" el=\"\" directivo=\"\" con=\"\" dr=\"\" jaume=\"\" aymar=\"\" presidente=\"\" la=\"\" dra=\"\" s=\"\" lvia=\"\" coll-vinent=\"\" directora=\"\" sr=\"\" mari=\"\" hispano=\"\" secretario=\"\" josep=\"\" oller=\"\" tesorero=\"\" carbonell=\"\" coordinaci=\"\" n=\"\" actividades=\"\" proyectos=\"\" rea=\"\" cient=\"\" fica=\"\" t=\"\" cnica=\"\" desde=\"\" sus=\"\" inicios=\"\" cedgkc=\"\" ha=\"\" contado=\"\" apoyo=\"\" participaci=\"\" facultad=\"\" filosof=\"\" universidad=\"\" ramon=\"\" llull=\"\" ateneu=\"\" universitari=\"\" sant=\"\" paci=\"\" biblioteca=\"\" p=\"\" blica=\"\" episcopal=\"\" barcelona=\"\" bpeb=\"\"><\/el><\/p>\n<p>El equipo se organiza a partir de tres \u00e1reas complementarias y coordinadas. El equipo directivo, con el Dr. Jaume Aymar (miembro de honor) , la Dra. S\u00edlvia Coll-Vinent (presidenta), el Sr. Mari\u00e0 Hispano (secretario), el Sr. Josep Aranda (tesorero) y el Sr. Josep Carbonell (coordinador de actividades y proyectos); el \u00e1rea de coordinaci\u00f3n cient\u00edfica (Dra. S\u00edlvia Coll-Vinent) y el \u00e1rea de coordinaci\u00f3n t\u00e9cnica (Mari\u00e0 Hispano y Josep Oller). Desde el inicio el CEDGKC ha contado con el apoyo y la participaci\u00f3n de la\u00a0 a Facultat de Filosofia de la Universitat Ramon Llull, del Ateneu Universitari Sant Paci\u00e0 y de la Biblioteca P\u00fablica Episcopal de Barcelona (BPEB).<\/p>\n<p>Han colaborado en los contenidos del web: Centre d\u2019Estudis i Documentaci\u00f3 G. K. Chesterton (Josep Carbonell, Mari\u00e0 Hispano, S\u00edlvia Coll-Vinent), Miguel Romero, Bernat Sellar\u00e8s, Juan Ramon Laparra, Francesc Montero y Xavi Isern.<\/p>\n<p>Traducci\u00f3n: Ruth Ma\u00f1ero-Lamb\u00fa Comunicaci\u00f3 (al castellano) y Esteve Cabr\u00e9 (al ingl\u00e9s).<\/p>\n<p>&nbsp;<\/p>\n<p>[\/et_pb_accordion_item][et_pb_accordion_item title=\u00bbBreu hist\u00f2ria\u00bb _builder_version=\u00bb4.16&#8243; global_colors_info=\u00bb{}\u00bb open=\u00bboff\u00bb]<\/p>\n<p><em>Raimon Gal\u00ed, director del Grupo de Estudios Coronel Guarner (GEN), me propuso para la ponencia del curso del a\u00f1o 2000 que hablara de Chesterton. Literalmente, me dijo, \u201ctendr\u00edas que responder dos preguntas: qui\u00e9n llev\u00f3 Chesterton a Catalu\u00f1a y por qu\u00e9 raz\u00f3n\u201d. Para responder estas dos cuestiones se inici\u00f3 una b\u00fasqueda bibliogr\u00e1fica. Se investig\u00f3 en bibliotecas, archivos, librer\u00edas de nuevo y de viejo de nuestro pa\u00eds. Se encontraron obras editadas por Plaza &amp; Jan\u00e9s, de los a\u00f1os 1960-70 y algunos vol\u00famenes de Chesterton traducidos al catal\u00e1n en los a\u00f1os 30. Jordi Gal\u00ed y el Dr. D\u00eddac Parellada hab\u00edan publicado, respectivamente, El compromiso pol\u00edtico de los hermanos Chesterton y Recordatorio a Chesterton, coincidiendo con el centenario del nacimiento del escritor ingl\u00e9s. En realidad, la bibliograf\u00eda relacionada con las dos estancias de Chesterton en Catalu\u00f1a era escasa.<\/em><\/p>\n<p><em><img loading=\"lazy\" decoding=\"async\" class=\"wp-image-1268 alignnone size-full\" src=\"https:\/\/cedgkchesterton.cat\/wp-content\/uploads\/2021\/06\/breu-historia_CEDGKC.jpg\" alt=\"\" width=\"1200\" height=\"758\" srcset=\"https:\/\/cedgkchesterton.cat\/wp-content\/uploads\/2021\/06\/breu-historia_CEDGKC.jpg 1200w, https:\/\/cedgkchesterton.cat\/wp-content\/uploads\/2021\/06\/breu-historia_CEDGKC-980x619.jpg 980w, https:\/\/cedgkchesterton.cat\/wp-content\/uploads\/2021\/06\/breu-historia_CEDGKC-480x303.jpg 480w\" sizes=\"(min-width: 0px) and (max-width: 480px) 480px, (min-width: 481px) and (max-width: 980px) 980px, (min-width: 981px) 1200px, 100vw\" \/><\/em><\/p>\n<p><em><br \/>El acceso a internet facilit\u00f3 una b\u00fasqueda bibliogr\u00e1fica en todo el mundo. Se abri\u00f3 un verdadero universo chestertoniano porque Chesterton fue un autor prol\u00edfico y polifac\u00e9tico. Public\u00f3 unos noventa libros y alrededor de cuatro mil art\u00edculos. Adem\u00e1s de escritor que cultiv\u00f3 varios g\u00e9neros literarios, destac\u00f3 como polemista y apologista. Continuando la investigaci\u00f3n se exploraron cat\u00e1logos de universidades, de bibliotecas nacionales, de archivos y de colecciones en el extranjero. Se viaj\u00f3 a Italia, Francia y Madrid. En Roma se consiguieron documentos en varias universidades p\u00fablicas y cat\u00f3licas, as\u00ed como en la biblioteca nacional. En Par\u00eds y en Lyon se obtuvieron un volumen extenso de art\u00edculos, ensayos y rese\u00f1as literarias. En Madrid, se buscaron documentos en el Archivo General de la Administraci\u00f3n (Alcal\u00e1 de Henares) sobre la censura franquista y la obra publicada de Chesterton; en la Hemeroteca y en la Residencia de Estudiantes se busc\u00f3 documentaci\u00f3n relacionada con su estancia madrile\u00f1a y la conferencia que pronunci\u00f3 la primavera de 1926, antes de viajar a Barcelona. Se cre\u00f3 una biblioteca tem\u00e1tica. Se adquirieron obras de Chesterton, biograf\u00edas y libros sobre el escritor en Argentina, M\u00e9jico, Italia y Francia. Las editoriales Acantilado, Renacimiento y Valdemar comenzaron a editar obras hasta entonces in\u00e9ditas en castellano. A medida que aumentaba el volumen del fondo documental se hac\u00eda m\u00e1s necesaria la organizaci\u00f3n sistem\u00e1tica. La investigaci\u00f3n de \u00e1mbito internacional permiti\u00f3 a la vez contactos con varias asociaciones en el extranjero, como por ejemplo Les Amis de G. K. Chesterton de Philippe Maxence, la Societ\u00e0 Chestertoniana Italiana de Marco Sermarini o el Chesterton Institute for Faith and Culture ubicado en la Seton Hall Universtity.<br \/>Se acord\u00f3 con el Dr. Jaume Aymar, entonces decano de la Facultad de Filosof\u00eda de la Universidad Ramon Llull, llevar a cabo la donaci\u00f3n del fondo documental en la propia Universidad Ramon Llull e iniciar los trabajos y la coordinaci\u00f3n del proyecto del Centro de Estudios G. K. Chesterton.<br \/>Josep Carbonell i Rod\u00e9s<\/em><\/p>\n<p>[\/et_pb_accordion_item][\/et_pb_accordion][\/et_pb_column][\/et_pb_row][\/et_pb_section]<\/p>\n","protected":false},"excerpt":{"rendered":"<p>Proyecto Centre d&#8217;Estudis i Documentaci\u00f3 G. K. ChestertonEl Centro de Estudios y Documentaci\u00f3n G. K. Chesterton (CEDGKC) basa su proyecto en tres ideas clave: la vinculaci\u00f3n de Chesterton con Catalu\u00f1a [&hellip;]<\/p>\n","protected":false},"author":1,"featured_media":0,"parent":0,"menu_order":0,"comment_status":"closed","ping_status":"closed","template":"","meta":{"_et_pb_use_builder":"on","_et_pb_old_content":"","_et_gb_content_width":"","footnotes":""},"class_list":["post-1281","page","type-page","status-publish","hentry"],"yoast_head":"<!-- This site is optimized with the Yoast SEO plugin v25.3 - https:\/\/yoast.com\/wordpress\/plugins\/seo\/ -->\n<title>Proyecto - Centro de Estudios y Documentaci\u00f3n G. K. Chesterton<\/title>\n<meta name=\"robots\" content=\"index, follow, max-snippet:-1, max-image-preview:large, max-video-preview:-1\" \/>\n<link rel=\"canonical\" href=\"https:\/\/cedgkchesterton.cat\/projecte\/\" \/>\n<meta property=\"og:locale\" content=\"es_ES\" \/>\n<meta property=\"og:type\" content=\"article\" \/>\n<meta property=\"og:title\" content=\"Proyecto - Centro de Estudios y Documentaci\u00f3n G. K. Chesterton\" \/>\n<meta property=\"og:description\" content=\"Proyecto Centre d&#039;Estudis i Documentaci\u00f3 G. K. ChestertonEl Centro de Estudios y Documentaci\u00f3n G. K. Chesterton (CEDGKC) basa su proyecto en tres ideas clave: la vinculaci\u00f3n de Chesterton con Catalu\u00f1a [&hellip;]\" \/>\n<meta property=\"og:url\" content=\"https:\/\/cedgkchesterton.cat\/projecte\/\" \/>\n<meta property=\"og:site_name\" content=\"Centro de Estudios y Documentaci\u00f3n G. K. Chesterton\" \/>\n<meta property=\"article:modified_time\" content=\"2025-06-20T14:59:57+00:00\" \/>\n<meta property=\"og:image\" content=\"https:\/\/cedgkchesterton.cat\/wp-content\/uploads\/2021\/06\/breu-historia_CEDGKC.jpg\" \/>\n\t<meta property=\"og:image:width\" content=\"1200\" \/>\n\t<meta property=\"og:image:height\" content=\"758\" \/>\n\t<meta property=\"og:image:type\" content=\"image\/jpeg\" \/>\n<meta name=\"twitter:card\" content=\"summary_large_image\" \/>\n<meta name=\"twitter:label1\" content=\"Tiempo de lectura\" \/>\n\t<meta name=\"twitter:data1\" content=\"7 minutos\" \/>\n<script type=\"application\/ld+json\" class=\"yoast-schema-graph\">{\"@context\":\"https:\/\/schema.org\",\"@graph\":[{\"@type\":\"WebPage\",\"@id\":\"https:\/\/cedgkchesterton.cat\/projecte\/\",\"url\":\"https:\/\/cedgkchesterton.cat\/projecte\/\",\"name\":\"Proyecto - Centro de Estudios y Documentaci\u00f3n G. K. Chesterton\",\"isPartOf\":{\"@id\":\"https:\/\/cedgkchesterton.cat\/#website\"},\"primaryImageOfPage\":{\"@id\":\"https:\/\/cedgkchesterton.cat\/projecte\/#primaryimage\"},\"image\":{\"@id\":\"https:\/\/cedgkchesterton.cat\/projecte\/#primaryimage\"},\"thumbnailUrl\":\"https:\/\/cedgkchesterton.cat\/wp-content\/uploads\/2021\/06\/breu-historia_CEDGKC.jpg\",\"datePublished\":\"2020-06-16T16:49:38+00:00\",\"dateModified\":\"2025-06-20T14:59:57+00:00\",\"breadcrumb\":{\"@id\":\"https:\/\/cedgkchesterton.cat\/projecte\/#breadcrumb\"},\"inLanguage\":\"es\",\"potentialAction\":[{\"@type\":\"ReadAction\",\"target\":[\"https:\/\/cedgkchesterton.cat\/projecte\/\"]}]},{\"@type\":\"ImageObject\",\"inLanguage\":\"es\",\"@id\":\"https:\/\/cedgkchesterton.cat\/projecte\/#primaryimage\",\"url\":\"https:\/\/cedgkchesterton.cat\/wp-content\/uploads\/2021\/06\/breu-historia_CEDGKC.jpg\",\"contentUrl\":\"https:\/\/cedgkchesterton.cat\/wp-content\/uploads\/2021\/06\/breu-historia_CEDGKC.jpg\"},{\"@type\":\"BreadcrumbList\",\"@id\":\"https:\/\/cedgkchesterton.cat\/projecte\/#breadcrumb\",\"itemListElement\":[{\"@type\":\"ListItem\",\"position\":1,\"name\":\"Inici\",\"item\":\"https:\/\/cedgkchesterton.cat\/\"},{\"@type\":\"ListItem\",\"position\":2,\"name\":\"Proyecto\"}]},{\"@type\":\"WebSite\",\"@id\":\"https:\/\/cedgkchesterton.cat\/#website\",\"url\":\"https:\/\/cedgkchesterton.cat\/\",\"name\":\"Centro de Estudios y Documentaci\u00f3n G. K. Chesterton\",\"description\":\"Estudi i divulgaci\u00f3 de l\u2019obra de Chesterton\",\"publisher\":{\"@id\":\"https:\/\/cedgkchesterton.cat\/#organization\"},\"potentialAction\":[{\"@type\":\"SearchAction\",\"target\":{\"@type\":\"EntryPoint\",\"urlTemplate\":\"https:\/\/cedgkchesterton.cat\/?s={search_term_string}\"},\"query-input\":{\"@type\":\"PropertyValueSpecification\",\"valueRequired\":true,\"valueName\":\"search_term_string\"}}],\"inLanguage\":\"es\"},{\"@type\":\"Organization\",\"@id\":\"https:\/\/cedgkchesterton.cat\/#organization\",\"name\":\"Centro de Estudios y Documentaci\u00f3n G. K. Chesterton\",\"url\":\"https:\/\/cedgkchesterton.cat\/\",\"logo\":{\"@type\":\"ImageObject\",\"inLanguage\":\"es\",\"@id\":\"https:\/\/cedgkchesterton.cat\/#\/schema\/logo\/image\/\",\"url\":\"https:\/\/cedgkchesterton.cat\/wp-content\/uploads\/2020\/09\/CEDGKC_logo.jpg\",\"contentUrl\":\"https:\/\/cedgkchesterton.cat\/wp-content\/uploads\/2020\/09\/CEDGKC_logo.jpg\",\"width\":492,\"height\":233,\"caption\":\"Centro de Estudios y Documentaci\u00f3n G. K. Chesterton\"},\"image\":{\"@id\":\"https:\/\/cedgkchesterton.cat\/#\/schema\/logo\/image\/\"}}]}<\/script>\n<!-- \/ Yoast SEO plugin. -->","yoast_head_json":{"title":"Proyecto - Centro de Estudios y Documentaci\u00f3n G. K. Chesterton","robots":{"index":"index","follow":"follow","max-snippet":"max-snippet:-1","max-image-preview":"max-image-preview:large","max-video-preview":"max-video-preview:-1"},"canonical":"https:\/\/cedgkchesterton.cat\/projecte\/","og_locale":"es_ES","og_type":"article","og_title":"Proyecto - Centro de Estudios y Documentaci\u00f3n G. K. Chesterton","og_description":"Proyecto Centre d'Estudis i Documentaci\u00f3 G. K. ChestertonEl Centro de Estudios y Documentaci\u00f3n G. K. Chesterton (CEDGKC) basa su proyecto en tres ideas clave: la vinculaci\u00f3n de Chesterton con Catalu\u00f1a [&hellip;]","og_url":"https:\/\/cedgkchesterton.cat\/projecte\/","og_site_name":"Centro de Estudios y Documentaci\u00f3n G. K. Chesterton","article_modified_time":"2025-06-20T14:59:57+00:00","og_image":[{"width":1200,"height":758,"url":"https:\/\/cedgkchesterton.cat\/wp-content\/uploads\/2021\/06\/breu-historia_CEDGKC.jpg","type":"image\/jpeg"}],"twitter_card":"summary_large_image","twitter_misc":{"Tiempo de lectura":"7 minutos"},"schema":{"@context":"https:\/\/schema.org","@graph":[{"@type":"WebPage","@id":"https:\/\/cedgkchesterton.cat\/projecte\/","url":"https:\/\/cedgkchesterton.cat\/projecte\/","name":"Proyecto - Centro de Estudios y Documentaci\u00f3n G. K. Chesterton","isPartOf":{"@id":"https:\/\/cedgkchesterton.cat\/#website"},"primaryImageOfPage":{"@id":"https:\/\/cedgkchesterton.cat\/projecte\/#primaryimage"},"image":{"@id":"https:\/\/cedgkchesterton.cat\/projecte\/#primaryimage"},"thumbnailUrl":"https:\/\/cedgkchesterton.cat\/wp-content\/uploads\/2021\/06\/breu-historia_CEDGKC.jpg","datePublished":"2020-06-16T16:49:38+00:00","dateModified":"2025-06-20T14:59:57+00:00","breadcrumb":{"@id":"https:\/\/cedgkchesterton.cat\/projecte\/#breadcrumb"},"inLanguage":"es","potentialAction":[{"@type":"ReadAction","target":["https:\/\/cedgkchesterton.cat\/projecte\/"]}]},{"@type":"ImageObject","inLanguage":"es","@id":"https:\/\/cedgkchesterton.cat\/projecte\/#primaryimage","url":"https:\/\/cedgkchesterton.cat\/wp-content\/uploads\/2021\/06\/breu-historia_CEDGKC.jpg","contentUrl":"https:\/\/cedgkchesterton.cat\/wp-content\/uploads\/2021\/06\/breu-historia_CEDGKC.jpg"},{"@type":"BreadcrumbList","@id":"https:\/\/cedgkchesterton.cat\/projecte\/#breadcrumb","itemListElement":[{"@type":"ListItem","position":1,"name":"Inici","item":"https:\/\/cedgkchesterton.cat\/"},{"@type":"ListItem","position":2,"name":"Proyecto"}]},{"@type":"WebSite","@id":"https:\/\/cedgkchesterton.cat\/#website","url":"https:\/\/cedgkchesterton.cat\/","name":"Centro de Estudios y Documentaci\u00f3n G. K. Chesterton","description":"Estudi i divulgaci\u00f3 de l\u2019obra de Chesterton","publisher":{"@id":"https:\/\/cedgkchesterton.cat\/#organization"},"potentialAction":[{"@type":"SearchAction","target":{"@type":"EntryPoint","urlTemplate":"https:\/\/cedgkchesterton.cat\/?s={search_term_string}"},"query-input":{"@type":"PropertyValueSpecification","valueRequired":true,"valueName":"search_term_string"}}],"inLanguage":"es"},{"@type":"Organization","@id":"https:\/\/cedgkchesterton.cat\/#organization","name":"Centro de Estudios y Documentaci\u00f3n G. K. Chesterton","url":"https:\/\/cedgkchesterton.cat\/","logo":{"@type":"ImageObject","inLanguage":"es","@id":"https:\/\/cedgkchesterton.cat\/#\/schema\/logo\/image\/","url":"https:\/\/cedgkchesterton.cat\/wp-content\/uploads\/2020\/09\/CEDGKC_logo.jpg","contentUrl":"https:\/\/cedgkchesterton.cat\/wp-content\/uploads\/2020\/09\/CEDGKC_logo.jpg","width":492,"height":233,"caption":"Centro de Estudios y Documentaci\u00f3n G. K. Chesterton"},"image":{"@id":"https:\/\/cedgkchesterton.cat\/#\/schema\/logo\/image\/"}}]}},"_links":{"self":[{"href":"https:\/\/cedgkchesterton.cat\/es\/wp-json\/wp\/v2\/pages\/1281","targetHints":{"allow":["GET"]}}],"collection":[{"href":"https:\/\/cedgkchesterton.cat\/es\/wp-json\/wp\/v2\/pages"}],"about":[{"href":"https:\/\/cedgkchesterton.cat\/es\/wp-json\/wp\/v2\/types\/page"}],"author":[{"embeddable":true,"href":"https:\/\/cedgkchesterton.cat\/es\/wp-json\/wp\/v2\/users\/1"}],"replies":[{"embeddable":true,"href":"https:\/\/cedgkchesterton.cat\/es\/wp-json\/wp\/v2\/comments?post=1281"}],"version-history":[{"count":4,"href":"https:\/\/cedgkchesterton.cat\/es\/wp-json\/wp\/v2\/pages\/1281\/revisions"}],"predecessor-version":[{"id":2470,"href":"https:\/\/cedgkchesterton.cat\/es\/wp-json\/wp\/v2\/pages\/1281\/revisions\/2470"}],"wp:attachment":[{"href":"https:\/\/cedgkchesterton.cat\/es\/wp-json\/wp\/v2\/media?parent=1281"}],"curies":[{"name":"wp","href":"https:\/\/api.w.org\/{rel}","templated":true}]}}