{"id":1285,"date":"2020-06-25T10:31:42","date_gmt":"2020-06-25T08:31:42","guid":{"rendered":"https:\/\/cedgkchesterton.cat\/lhome-que-fou-g-k-chesterton\/"},"modified":"2021-06-07T15:13:06","modified_gmt":"2021-06-07T13:13:06","slug":"el-hombre-que-fue-g-k-chesterton","status":"publish","type":"page","link":"https:\/\/cedgkchesterton.cat\/es\/el-hombre-que-fue-g-k-chesterton\/","title":{"rendered":"El hombre que fue G. K. Chesterton"},"content":{"rendered":"<p>[et_pb_section fb_built=\u00bb1&#8243; _builder_version=\u00bb4.4.8&#8243; background_color=\u00bb#004225&#8243; background_color_gradient_direction=\u00bb239deg\u00bb custom_padding=\u00bb0px||0px||false|false\u00bb][et_pb_row _builder_version=\u00bb4.4.8&#8243; custom_padding=\u00bb9px||5px||false|false\u00bb][et_pb_column type=\u00bb4_4&#8243; _builder_version=\u00bb4.4.8&#8243; custom_padding=\u00bb||||false|false\u00bb][et_pb_text _builder_version=\u00bb4.9.4&#8243; background_layout=\u00bbdark\u00bb]<\/p>\n<h1>El hombre que fue Chesterton<\/h1>\n<p>[\/et_pb_text][\/et_pb_column][\/et_pb_row][\/et_pb_section][et_pb_section fb_built=\u00bb1&#8243; _builder_version=\u00bb4.4.8&#8243;][et_pb_row _builder_version=\u00bb4.4.8&#8243;][et_pb_column type=\u00bb4_4&#8243; _builder_version=\u00bb4.4.8&#8243;][et_pb_text _builder_version=\u00bb4.9.4&#8243;]<\/p>\n<p>G. K. Chesterton (1874-1936) fue un escritor polifac\u00e9tico, un escritor de ideas, un periodista de trayectoria intensa, que con su talante de polemista, sensible a las preocupaciones del hombre corriente, y su verbo brillante y parad\u00f3jico revolucion\u00f3 el mundo literario y period\u00edstico de su tiempo.<\/p>\n<p>G. K. Chesterton, nacido en Londres el 29 de mayo de 1874, era hijo de una familia acomodada del barrio de Kensington dedicada a los negocios inmobiliarios. Recibi\u00f3 una educaci\u00f3n privilegiada en la St. Paul\u2019s School y ya de bien joven destac\u00f3 por sus dotes ret\u00f3ricas y de argumentaci\u00f3n, fundando con amigos del colegio el Junior Debating Club. Desarroll\u00f3 su talento art\u00edstico en la Slade School of Arts de Londres y se inici\u00f3 en el periodismo haciendo cr\u00edtica de libros de arte y literatura. Su vida period\u00edstica transcurri\u00f3 primero en Londres alrededor Fleet Street, colaborando en el peri\u00f3dico liberal <em>Daily News<\/em> y en la revista <em>The Illustrated London News<\/em>, entre otros. Consigui\u00f3 hacer una vida m\u00e1s retirada con su esposa Francis en la casa de Beaconsfield, sin dejar nunca el periodismo de primera l\u00ednea ni de participar en la vida p\u00fablica inglesa en m\u00faltiples pol\u00e9micas y controversias. Fund\u00f3 en 1925 un semanario propio, el G. K.\u2019s Weekly. La popularidad literaria le lleg\u00f3 con las historias detectivescas protagonizadas por el Padre Brown, ya en 1908. Cultiv\u00f3 el ensayo social y religioso (<em>Heretics<\/em>, 1905; <em>Orthodoxy<\/em>, 1908; <em>What<\/em><em>\u2019<\/em><em>s Wrong with the World<\/em>, 1910, fueron las primeras obras que le otorgaron fama) y no abandon\u00f3 nunca la cr\u00edtica literaria. Altern\u00f3 la vida de escritor y periodista con conferencias y viajes por Europa y Am\u00e9rica. Muri\u00f3 en su casa de Beaconsfield el 14 de junio de 1936.<\/p>\n<p>[\/et_pb_text][\/et_pb_column][\/et_pb_row][\/et_pb_section]<\/p>\n","protected":false},"excerpt":{"rendered":"<p>El hombre que fue ChestertonG. K. Chesterton (1874-1936) fue un escritor polifac\u00e9tico, un escritor de ideas, un periodista de trayectoria intensa, que con su talante de polemista, sensible a las [&hellip;]<\/p>\n","protected":false},"author":1,"featured_media":0,"parent":0,"menu_order":0,"comment_status":"closed","ping_status":"closed","template":"","meta":{"_et_pb_use_builder":"on","_et_pb_old_content":"","_et_gb_content_width":"","footnotes":""},"class_list":["post-1285","page","type-page","status-publish","hentry"],"yoast_head":"<!-- This site is optimized with the Yoast SEO plugin v25.3 - https:\/\/yoast.com\/wordpress\/plugins\/seo\/ -->\n<title>El hombre que fue G. K. Chesterton - Centro de Estudios y Documentaci\u00f3n G. K. Chesterton<\/title>\n<meta name=\"robots\" content=\"index, follow, max-snippet:-1, max-image-preview:large, max-video-preview:-1\" \/>\n<link rel=\"canonical\" href=\"https:\/\/cedgkchesterton.cat\/lhome-que-fou-g-k-chesterton\/\" \/>\n<meta property=\"og:locale\" content=\"es_ES\" \/>\n<meta property=\"og:type\" content=\"article\" \/>\n<meta property=\"og:title\" content=\"El hombre que fue G. K. Chesterton - Centro de Estudios y Documentaci\u00f3n G. K. Chesterton\" \/>\n<meta property=\"og:description\" content=\"El hombre que fue ChestertonG. K. Chesterton (1874-1936) fue un escritor polifac\u00e9tico, un escritor de ideas, un periodista de trayectoria intensa, que con su talante de polemista, sensible a las [&hellip;]\" \/>\n<meta property=\"og:url\" content=\"https:\/\/cedgkchesterton.cat\/lhome-que-fou-g-k-chesterton\/\" \/>\n<meta property=\"og:site_name\" content=\"Centro de Estudios y Documentaci\u00f3n G. K. Chesterton\" \/>\n<meta property=\"article:modified_time\" content=\"2021-06-07T13:13:06+00:00\" \/>\n<meta name=\"twitter:card\" content=\"summary_large_image\" \/>\n<meta name=\"twitter:label1\" content=\"Tiempo de lectura\" \/>\n\t<meta name=\"twitter:data1\" content=\"2 minutos\" \/>\n<script type=\"application\/ld+json\" class=\"yoast-schema-graph\">{\"@context\":\"https:\/\/schema.org\",\"@graph\":[{\"@type\":\"WebPage\",\"@id\":\"https:\/\/cedgkchesterton.cat\/lhome-que-fou-g-k-chesterton\/\",\"url\":\"https:\/\/cedgkchesterton.cat\/lhome-que-fou-g-k-chesterton\/\",\"name\":\"El hombre que fue G. K. Chesterton - Centro de Estudios y Documentaci\u00f3n G. K. Chesterton\",\"isPartOf\":{\"@id\":\"https:\/\/cedgkchesterton.cat\/#website\"},\"datePublished\":\"2020-06-25T08:31:42+00:00\",\"dateModified\":\"2021-06-07T13:13:06+00:00\",\"breadcrumb\":{\"@id\":\"https:\/\/cedgkchesterton.cat\/lhome-que-fou-g-k-chesterton\/#breadcrumb\"},\"inLanguage\":\"es\",\"potentialAction\":[{\"@type\":\"ReadAction\",\"target\":[\"https:\/\/cedgkchesterton.cat\/lhome-que-fou-g-k-chesterton\/\"]}]},{\"@type\":\"BreadcrumbList\",\"@id\":\"https:\/\/cedgkchesterton.cat\/lhome-que-fou-g-k-chesterton\/#breadcrumb\",\"itemListElement\":[{\"@type\":\"ListItem\",\"position\":1,\"name\":\"Inici\",\"item\":\"https:\/\/cedgkchesterton.cat\/\"},{\"@type\":\"ListItem\",\"position\":2,\"name\":\"El hombre que fue G. K. Chesterton\"}]},{\"@type\":\"WebSite\",\"@id\":\"https:\/\/cedgkchesterton.cat\/#website\",\"url\":\"https:\/\/cedgkchesterton.cat\/\",\"name\":\"Centro de Estudios y Documentaci\u00f3n G. K. Chesterton\",\"description\":\"Estudi i divulgaci\u00f3 de l\u2019obra de Chesterton\",\"publisher\":{\"@id\":\"https:\/\/cedgkchesterton.cat\/#organization\"},\"potentialAction\":[{\"@type\":\"SearchAction\",\"target\":{\"@type\":\"EntryPoint\",\"urlTemplate\":\"https:\/\/cedgkchesterton.cat\/?s={search_term_string}\"},\"query-input\":{\"@type\":\"PropertyValueSpecification\",\"valueRequired\":true,\"valueName\":\"search_term_string\"}}],\"inLanguage\":\"es\"},{\"@type\":\"Organization\",\"@id\":\"https:\/\/cedgkchesterton.cat\/#organization\",\"name\":\"Centro de Estudios y Documentaci\u00f3n G. K. Chesterton\",\"url\":\"https:\/\/cedgkchesterton.cat\/\",\"logo\":{\"@type\":\"ImageObject\",\"inLanguage\":\"es\",\"@id\":\"https:\/\/cedgkchesterton.cat\/#\/schema\/logo\/image\/\",\"url\":\"https:\/\/cedgkchesterton.cat\/wp-content\/uploads\/2020\/09\/CEDGKC_logo.jpg\",\"contentUrl\":\"https:\/\/cedgkchesterton.cat\/wp-content\/uploads\/2020\/09\/CEDGKC_logo.jpg\",\"width\":492,\"height\":233,\"caption\":\"Centro de Estudios y Documentaci\u00f3n G. K. Chesterton\"},\"image\":{\"@id\":\"https:\/\/cedgkchesterton.cat\/#\/schema\/logo\/image\/\"}}]}<\/script>\n<!-- \/ Yoast SEO plugin. -->","yoast_head_json":{"title":"El hombre que fue G. K. Chesterton - Centro de Estudios y Documentaci\u00f3n G. K. Chesterton","robots":{"index":"index","follow":"follow","max-snippet":"max-snippet:-1","max-image-preview":"max-image-preview:large","max-video-preview":"max-video-preview:-1"},"canonical":"https:\/\/cedgkchesterton.cat\/lhome-que-fou-g-k-chesterton\/","og_locale":"es_ES","og_type":"article","og_title":"El hombre que fue G. K. Chesterton - Centro de Estudios y Documentaci\u00f3n G. K. Chesterton","og_description":"El hombre que fue ChestertonG. K. Chesterton (1874-1936) fue un escritor polifac\u00e9tico, un escritor de ideas, un periodista de trayectoria intensa, que con su talante de polemista, sensible a las [&hellip;]","og_url":"https:\/\/cedgkchesterton.cat\/lhome-que-fou-g-k-chesterton\/","og_site_name":"Centro de Estudios y Documentaci\u00f3n G. K. Chesterton","article_modified_time":"2021-06-07T13:13:06+00:00","twitter_card":"summary_large_image","twitter_misc":{"Tiempo de lectura":"2 minutos"},"schema":{"@context":"https:\/\/schema.org","@graph":[{"@type":"WebPage","@id":"https:\/\/cedgkchesterton.cat\/lhome-que-fou-g-k-chesterton\/","url":"https:\/\/cedgkchesterton.cat\/lhome-que-fou-g-k-chesterton\/","name":"El hombre que fue G. K. Chesterton - Centro de Estudios y Documentaci\u00f3n G. K. Chesterton","isPartOf":{"@id":"https:\/\/cedgkchesterton.cat\/#website"},"datePublished":"2020-06-25T08:31:42+00:00","dateModified":"2021-06-07T13:13:06+00:00","breadcrumb":{"@id":"https:\/\/cedgkchesterton.cat\/lhome-que-fou-g-k-chesterton\/#breadcrumb"},"inLanguage":"es","potentialAction":[{"@type":"ReadAction","target":["https:\/\/cedgkchesterton.cat\/lhome-que-fou-g-k-chesterton\/"]}]},{"@type":"BreadcrumbList","@id":"https:\/\/cedgkchesterton.cat\/lhome-que-fou-g-k-chesterton\/#breadcrumb","itemListElement":[{"@type":"ListItem","position":1,"name":"Inici","item":"https:\/\/cedgkchesterton.cat\/"},{"@type":"ListItem","position":2,"name":"El hombre que fue G. K. Chesterton"}]},{"@type":"WebSite","@id":"https:\/\/cedgkchesterton.cat\/#website","url":"https:\/\/cedgkchesterton.cat\/","name":"Centro de Estudios y Documentaci\u00f3n G. K. Chesterton","description":"Estudi i divulgaci\u00f3 de l\u2019obra de Chesterton","publisher":{"@id":"https:\/\/cedgkchesterton.cat\/#organization"},"potentialAction":[{"@type":"SearchAction","target":{"@type":"EntryPoint","urlTemplate":"https:\/\/cedgkchesterton.cat\/?s={search_term_string}"},"query-input":{"@type":"PropertyValueSpecification","valueRequired":true,"valueName":"search_term_string"}}],"inLanguage":"es"},{"@type":"Organization","@id":"https:\/\/cedgkchesterton.cat\/#organization","name":"Centro de Estudios y Documentaci\u00f3n G. K. Chesterton","url":"https:\/\/cedgkchesterton.cat\/","logo":{"@type":"ImageObject","inLanguage":"es","@id":"https:\/\/cedgkchesterton.cat\/#\/schema\/logo\/image\/","url":"https:\/\/cedgkchesterton.cat\/wp-content\/uploads\/2020\/09\/CEDGKC_logo.jpg","contentUrl":"https:\/\/cedgkchesterton.cat\/wp-content\/uploads\/2020\/09\/CEDGKC_logo.jpg","width":492,"height":233,"caption":"Centro de Estudios y Documentaci\u00f3n G. K. Chesterton"},"image":{"@id":"https:\/\/cedgkchesterton.cat\/#\/schema\/logo\/image\/"}}]}},"_links":{"self":[{"href":"https:\/\/cedgkchesterton.cat\/es\/wp-json\/wp\/v2\/pages\/1285","targetHints":{"allow":["GET"]}}],"collection":[{"href":"https:\/\/cedgkchesterton.cat\/es\/wp-json\/wp\/v2\/pages"}],"about":[{"href":"https:\/\/cedgkchesterton.cat\/es\/wp-json\/wp\/v2\/types\/page"}],"author":[{"embeddable":true,"href":"https:\/\/cedgkchesterton.cat\/es\/wp-json\/wp\/v2\/users\/1"}],"replies":[{"embeddable":true,"href":"https:\/\/cedgkchesterton.cat\/es\/wp-json\/wp\/v2\/comments?post=1285"}],"version-history":[{"count":3,"href":"https:\/\/cedgkchesterton.cat\/es\/wp-json\/wp\/v2\/pages\/1285\/revisions"}],"predecessor-version":[{"id":1289,"href":"https:\/\/cedgkchesterton.cat\/es\/wp-json\/wp\/v2\/pages\/1285\/revisions\/1289"}],"wp:attachment":[{"href":"https:\/\/cedgkchesterton.cat\/es\/wp-json\/wp\/v2\/media?parent=1285"}],"curies":[{"name":"wp","href":"https:\/\/api.w.org\/{rel}","templated":true}]}}