{"id":1309,"date":"2020-12-16T16:18:36","date_gmt":"2020-12-16T14:18:36","guid":{"rendered":"https:\/\/cedgkchesterton.cat\/el-hombre-que-fue-g-k-chesterton\/obra-de-g-k-chesterton\/"},"modified":"2021-06-07T15:36:18","modified_gmt":"2021-06-07T13:36:18","slug":"obra-de-g-k-chesterton","status":"publish","type":"page","link":"https:\/\/cedgkchesterton.cat\/es\/el-hombre-que-fue-g-k-chesterton\/obra-de-g-k-chesterton\/","title":{"rendered":"Obra"},"content":{"rendered":"<p>[et_pb_section fb_built=\u00bb1&#8243; _builder_version=\u00bb4.4.8&#8243; background_color=\u00bb#004225&#8243; background_color_gradient_direction=\u00bb239deg\u00bb custom_padding=\u00bb0px||0px||false|false\u00bb][et_pb_row _builder_version=\u00bb4.4.8&#8243; custom_padding=\u00bb9px||5px||false|false\u00bb][et_pb_column type=\u00bb4_4&#8243; _builder_version=\u00bb4.4.8&#8243; custom_padding=\u00bb||||false|false\u00bb][et_pb_text _builder_version=\u00bb4.9.2&#8243; background_layout=\u00bbdark\u00bb]<\/p>\n<h1>Obra de Chesterton<\/h1>\n<p>[\/et_pb_text][\/et_pb_column][\/et_pb_row][\/et_pb_section][et_pb_section fb_built=\u00bb1&#8243; _builder_version=\u00bb3.22&#8243;][et_pb_row _builder_version=\u00bb3.25&#8243; background_size=\u00bbinitial\u00bb background_position=\u00bbtop_left\u00bb background_repeat=\u00bbrepeat\u00bb][et_pb_column type=\u00bb4_4&#8243; _builder_version=\u00bb3.25&#8243; custom_padding=\u00bb|||\u00bb custom_padding__hover=\u00bb|||\u00bb][et_pb_text _builder_version=\u00bb4.9.4&#8243; background_size=\u00bbinitial\u00bb background_position=\u00bbtop_left\u00bb background_repeat=\u00bbrepeat\u00bb hover_enabled=\u00bb0&#8243; sticky_enabled=\u00bb0&#8243;]<\/p>\n<h2>El mundo literario e intelectual<\/h2>\n<p>El mundo literario e intelectual de Chesterton se explica por la herencia victoriana de los grandes escritores y novelistas que admir\u00f3 y que lo marcaron, como Charles Dickens, Robert Browning, o R. L. Stevenson, y\u00a0 anteriores, como Walter Scott o William Blake. Comparte el esp\u00edritu radical de algunos victorianos \u2014de Dickens, Ruskin o Carlyle\u2014 de reacci\u00f3n contra los excesos de la segunda revoluci\u00f3n industrial, pero tambi\u00e9n del publicista del siglo XVIII William Cobbett, quien, con su campa\u00f1a a favor de los peque\u00f1os propietarios rurales, constituir\u00e1 una de las bases del distributismo de orientaci\u00f3n agraria. Dickens fue sin duda su autor de referencia y con quien se identificaba por su condici\u00f3n de novelista popular que consegu\u00eda el contacto inmediato con el lector y por sus ideales de justicia social plasmados en sus novelas. Defendi\u00f3 la novela popular, que practic\u00f3 con su literatura detectivesca, y ejerci\u00f3 la cr\u00edtica literaria y social desde una posici\u00f3n antiintelectual, hasta cierto punto radical y rom\u00e1ntica. M\u00e1s pr\u00f3ximo al siglo XIX que al XX, la obra de Chesterton se impregna de una atm\u00f3sfera decadentista y rasgos medievalizantes caracter\u00edsticas del cambio de siglo.<\/p>\n<h2>El periodismo<\/h2>\n<p>Polemista brillante, dio salida a esta faceta de su car\u00e1cter en el terreno espiritual, pol\u00edtico, literario y especialmente period\u00edstico. Colabor\u00f3 durante muchos a\u00f1os en el diario liberal <em>Daily News<\/em>, y en el <em>Illustrated London News<\/em> con una columna semanal desde 1906. La vertiente period\u00edstica de Chesterton tiene que considerarse en continuidad con la ensay\u00edstica. Director del semanario <em>G. K\u2019<\/em><em>s Weekly<\/em> (1925-1936), que fund\u00f3 y dirigi\u00f3 \u00e9l mismo, se enfrent\u00f3 con sus art\u00edculos a los poderes ingleses dominantes. Tanto desde el terreno period\u00edstico como literario no evit\u00f3 la confrontaci\u00f3n con otros autores ingleses contempor\u00e1neos, especialmente H. G. Wells y G. B. Shaw, con quienes entabl\u00f3 notables pol\u00e9micas en cuestiones de orden moral, social o literario. Gracias a su extraordinario talento con la pluma y a la atm\u00f3sfera de libertad dial\u00e9ctica que aliment\u00f3, se convirti\u00f3 en uno de los autores ingleses m\u00e1s conocidos fuera del Reino Unido. En Catalu\u00f1a fue enormemente admirado y estableci\u00f3 relaciones de amistad en los c\u00edrculos period\u00edsticos y literarios que propiciaron, entre los a\u00f1os veinte y treinta del siglo pasado, la traducci\u00f3n al catal\u00e1n de parte de su obra.<\/p>\n<h2>G. K. Chesterton, un hombre de su \u00e9poca<\/h2>\n<p>Se le ha definido como un periodista comprometido porque entra de pleno en el debate de las ideas, que hizo extensivo a toda su obra literaria. Chesterton no ahorr\u00f3 en pol\u00e9micas ni controversias con escritores y periodistas de su tiempo, de H. G. Wells a Bernard Shaw, del parlamentario Charles Masterman al director del semanario socialista <em>The Clarion<\/em>, Robert Blatchford, y en los \u00faltimos a\u00f1os de su vida hizo o\u00edr su voz tambi\u00e9n en la radio. Su opini\u00f3n anticonformista y radical romp\u00eda lanzas en temas tan importantes en la Gran Breta\u00f1a de principios de siglo como, por ejemplo, el imperialismo o la eugenesia. En t\u00e9rminos actuales, se podr\u00eda considerar Chesterton como un influencer de los a\u00f1os que van de la d\u00e9cada de 1910 a la primera mitad de los a\u00f1os 30, porque situ\u00f3 al hombre corriente en el centro de todas las batallas sociales y pol\u00edticas libradas en plena crisis econ\u00f3mica y de valores, y en plena crisis de las democracias parlamentarias. Ante el fracaso del gran capitalismo, el miedo al bolchevismo, y en medio del auge de los totalitarismos, opt\u00f3 por una tercera v\u00eda, para dar forma a un ideario social dem\u00f3crata basado en autores ingleses del siglo XVIII, XIX y principios del XX y en el pensamiento social de la iglesia cat\u00f3lica a partir de Le\u00f3n XIII.<\/p>\n<h2>La obra creativa de G. K. Chesterton<\/h2>\n<div id=\"attachment_1164\" style=\"width: 610px\" class=\"wp-caption alignnone\"><img loading=\"lazy\" decoding=\"async\" aria-describedby=\"caption-attachment-1164\" class=\"wp-image-1164 size-full\" src=\"\/wp-content\/uploads\/2021\/04\/manuscrit_Father_Brown_fot-e1618828131700.jpeg\" alt=\"\" width=\"600\" height=\"600\" srcset=\"\/wp-content\/uploads\/2021\/04\/manuscrit_Father_Brown_fot-e1618828131700.jpeg 600w, \/wp-content\/uploads\/2021\/04\/manuscrit_Father_Brown_fot-480x480.jpeg 480w\" sizes=\"(min-width: 0px) and (max-width: 480px) 480px, (min-width: 481px) 600px, 100vw\" \/><p id=\"caption-attachment-1164\" class=\"wp-caption-text\">Manuscrito de The Fairy Tale of Father Brown<\/p><\/div>\n<p>Hay cierto consenso en considerar que Chesterton escribi\u00f3 lo mejor de su obra creativa antes de 1910. Los mejores ensayos de contenido social (<em>Heretics<\/em>, 1905; <em>What<\/em><em>\u2019<\/em><em>s Wrong With the World<\/em>, 1910), una autobiograf\u00eda espiritual y un gran ensayo de pensamiento cristiano, como es <em>Orthodoxy<\/em> (1908), y tambi\u00e9n, del mismo a\u00f1o, el que se considera como la mejor compilaci\u00f3n de relatos detectivescos, <em>The Innocence of Father Brown<\/em>. En cr\u00edtica literaria destacan sus escritos sobre Charles Dickens. Una gran parte de su obra queda sepultada entre los miles de art\u00edculos que public\u00f3 en diarios y revistas, y que, actualmente, est\u00e1 saliendo a la luz editados en diversas compilaciones. Es autor de una autobiograf\u00eda p\u00f3stuma (1936), reeditada y traducida a muchos idiomas, que se puede leer como una introducci\u00f3n a su vida, su obra y su pensamiento. La fuerza literaria de sus escritos, period\u00edsticos, ensay\u00edsticos o de ficci\u00f3n, hacen de Chesterton uno de los autores de referencia de la literatura universal.<\/p>\n<h2>Chesterton nos habla de su obra<\/h2>\n<p>En la <em>Autobiography<\/em>, p\u00f3stuma, Chesterton se explica y explica su obra en clave de trayecto vital. Se despliega su memoria de la ni\u00f1ez, con escenarios familiares y la ascendencia literaria del padre, las calles y barrios que forman parte de su paisaje cotidiano, la relaci\u00f3n con amigos y contrincantes, adem\u00e1s de un mont\u00f3n de temas que recorren las pol\u00e9micas duraderas en que particip\u00f3 y que encuentran eco en otras muchas de sus obras. Pero es, sobre todo, la batalla contra el pesimismo y el escepticismo dominante en la \u00e9poca de formaci\u00f3n aquello que lo estimula a escribir y a dejar constancia de su tiempo. Chesterton tiende a explicarse, en la autobiograf\u00eda y en toda su obra \u2014sea esta period\u00edstica, ensay\u00edstica, biogr\u00e1fica o de ficci\u00f3n\u2014, la cual debe entenderse como una unidad que no se puede desvincular de un universo literario que influye de pleno en una cosmovisi\u00f3n rom\u00e1ntica e idealista, s\u00f3lidamente arraigada en el cristianismo.<\/p>\n<h2>\u00a0Chesterton nos habla de la literatura<\/h2>\n<p>Chesterton fue el primer gran defensor de Charles Dickens (de qui\u00e9n prolog\u00f3 las obras en la Everyman\u2019s Library), el novelista victoriano con quien mejor se identific\u00f3 por su visi\u00f3n del hombre corriente y por su pr\u00e1ctica de la novela sentimental que llega a todo el mundo. Chesterton defendi\u00f3 siempre un modelo de literatura popular, ejemplificada primero por Dickens, pero tambi\u00e9n por los autores de novela detectivesca \u2014 estilo que cultiv\u00f3 \u00e9l mismo con \u00e9xito con los relatos del Padre Brown\u2014, o de aventuras (de Walter Scott a R. L. Stevenson, dos autores especialmente admirados). Reticente respecto a la novela de car\u00e1cter realista o naturalista (como por ejemplo la de Zola), se decant\u00f3 hacia una literatura de base rom\u00e1ntica e idealista, y en la defensa de las leyendas y de los cuentos de hadas que le abrieron desde la ni\u00f1ez un mundo de trascendencia, como tambi\u00e9n lo hicieron las obras de Shakespeare u otros grandes autores de la literatura universal representadas por su padre en el teatro de juguete que ten\u00eda en casa.<\/p>\n<p>[\/et_pb_text][\/et_pb_column][\/et_pb_row][\/et_pb_section]<\/p>\n","protected":false},"excerpt":{"rendered":"<p>Obra de ChestertonEl mundo literario e intelectual El mundo literario e intelectual de Chesterton se explica por la herencia victoriana de los grandes escritores y novelistas que admir\u00f3 y que [&hellip;]<\/p>\n","protected":false},"author":1,"featured_media":0,"parent":1285,"menu_order":0,"comment_status":"closed","ping_status":"closed","template":"","meta":{"_et_pb_use_builder":"on","_et_pb_old_content":"","_et_gb_content_width":"","footnotes":""},"class_list":["post-1309","page","type-page","status-publish","hentry"],"yoast_head":"<!-- This site is optimized with the Yoast SEO plugin v25.3 - https:\/\/yoast.com\/wordpress\/plugins\/seo\/ -->\n<title>Obra - Centro de Estudios y Documentaci\u00f3n G. K. Chesterton<\/title>\n<meta name=\"robots\" content=\"index, follow, max-snippet:-1, max-image-preview:large, max-video-preview:-1\" \/>\n<link rel=\"canonical\" href=\"https:\/\/cedgkchesterton.cat\/lhome-que-fou-g-k-chesterton\/obra-de-g-k-chesterton\/\" \/>\n<meta property=\"og:locale\" content=\"es_ES\" \/>\n<meta property=\"og:type\" content=\"article\" \/>\n<meta property=\"og:title\" content=\"Obra - Centro de Estudios y Documentaci\u00f3n G. K. Chesterton\" \/>\n<meta property=\"og:description\" content=\"Obra de ChestertonEl mundo literario e intelectual El mundo literario e intelectual de Chesterton se explica por la herencia victoriana de los grandes escritores y novelistas que admir\u00f3 y que [&hellip;]\" \/>\n<meta property=\"og:url\" content=\"https:\/\/cedgkchesterton.cat\/lhome-que-fou-g-k-chesterton\/obra-de-g-k-chesterton\/\" \/>\n<meta property=\"og:site_name\" content=\"Centro de Estudios y Documentaci\u00f3n G. K. Chesterton\" \/>\n<meta property=\"article:modified_time\" content=\"2021-06-07T13:36:18+00:00\" \/>\n<meta name=\"twitter:card\" content=\"summary_large_image\" \/>\n<meta name=\"twitter:label1\" content=\"Tiempo de lectura\" \/>\n\t<meta name=\"twitter:data1\" content=\"7 minutos\" \/>\n<script type=\"application\/ld+json\" class=\"yoast-schema-graph\">{\"@context\":\"https:\/\/schema.org\",\"@graph\":[{\"@type\":\"WebPage\",\"@id\":\"https:\/\/cedgkchesterton.cat\/lhome-que-fou-g-k-chesterton\/obra-de-g-k-chesterton\/\",\"url\":\"https:\/\/cedgkchesterton.cat\/lhome-que-fou-g-k-chesterton\/obra-de-g-k-chesterton\/\",\"name\":\"Obra - Centro de Estudios y Documentaci\u00f3n G. K. Chesterton\",\"isPartOf\":{\"@id\":\"https:\/\/cedgkchesterton.cat\/#website\"},\"datePublished\":\"2020-12-16T14:18:36+00:00\",\"dateModified\":\"2021-06-07T13:36:18+00:00\",\"breadcrumb\":{\"@id\":\"https:\/\/cedgkchesterton.cat\/lhome-que-fou-g-k-chesterton\/obra-de-g-k-chesterton\/#breadcrumb\"},\"inLanguage\":\"es\",\"potentialAction\":[{\"@type\":\"ReadAction\",\"target\":[\"https:\/\/cedgkchesterton.cat\/lhome-que-fou-g-k-chesterton\/obra-de-g-k-chesterton\/\"]}]},{\"@type\":\"BreadcrumbList\",\"@id\":\"https:\/\/cedgkchesterton.cat\/lhome-que-fou-g-k-chesterton\/obra-de-g-k-chesterton\/#breadcrumb\",\"itemListElement\":[{\"@type\":\"ListItem\",\"position\":1,\"name\":\"Inici\",\"item\":\"https:\/\/cedgkchesterton.cat\/\"},{\"@type\":\"ListItem\",\"position\":2,\"name\":\"El hombre que fue G. K. Chesterton\",\"item\":\"https:\/\/cedgkchesterton.cat\/lhome-que-fou-g-k-chesterton\/\"},{\"@type\":\"ListItem\",\"position\":3,\"name\":\"Obra\"}]},{\"@type\":\"WebSite\",\"@id\":\"https:\/\/cedgkchesterton.cat\/#website\",\"url\":\"https:\/\/cedgkchesterton.cat\/\",\"name\":\"Centro de Estudios y Documentaci\u00f3n G. K. Chesterton\",\"description\":\"Estudi i divulgaci\u00f3 de l\u2019obra de Chesterton\",\"publisher\":{\"@id\":\"https:\/\/cedgkchesterton.cat\/#organization\"},\"potentialAction\":[{\"@type\":\"SearchAction\",\"target\":{\"@type\":\"EntryPoint\",\"urlTemplate\":\"https:\/\/cedgkchesterton.cat\/?s={search_term_string}\"},\"query-input\":{\"@type\":\"PropertyValueSpecification\",\"valueRequired\":true,\"valueName\":\"search_term_string\"}}],\"inLanguage\":\"es\"},{\"@type\":\"Organization\",\"@id\":\"https:\/\/cedgkchesterton.cat\/#organization\",\"name\":\"Centro de Estudios y Documentaci\u00f3n G. K. Chesterton\",\"url\":\"https:\/\/cedgkchesterton.cat\/\",\"logo\":{\"@type\":\"ImageObject\",\"inLanguage\":\"es\",\"@id\":\"https:\/\/cedgkchesterton.cat\/#\/schema\/logo\/image\/\",\"url\":\"https:\/\/cedgkchesterton.cat\/wp-content\/uploads\/2020\/09\/CEDGKC_logo.jpg\",\"contentUrl\":\"https:\/\/cedgkchesterton.cat\/wp-content\/uploads\/2020\/09\/CEDGKC_logo.jpg\",\"width\":492,\"height\":233,\"caption\":\"Centro de Estudios y Documentaci\u00f3n G. K. Chesterton\"},\"image\":{\"@id\":\"https:\/\/cedgkchesterton.cat\/#\/schema\/logo\/image\/\"}}]}<\/script>\n<!-- \/ Yoast SEO plugin. -->","yoast_head_json":{"title":"Obra - Centro de Estudios y Documentaci\u00f3n G. K. Chesterton","robots":{"index":"index","follow":"follow","max-snippet":"max-snippet:-1","max-image-preview":"max-image-preview:large","max-video-preview":"max-video-preview:-1"},"canonical":"https:\/\/cedgkchesterton.cat\/lhome-que-fou-g-k-chesterton\/obra-de-g-k-chesterton\/","og_locale":"es_ES","og_type":"article","og_title":"Obra - Centro de Estudios y Documentaci\u00f3n G. K. Chesterton","og_description":"Obra de ChestertonEl mundo literario e intelectual El mundo literario e intelectual de Chesterton se explica por la herencia victoriana de los grandes escritores y novelistas que admir\u00f3 y que [&hellip;]","og_url":"https:\/\/cedgkchesterton.cat\/lhome-que-fou-g-k-chesterton\/obra-de-g-k-chesterton\/","og_site_name":"Centro de Estudios y Documentaci\u00f3n G. K. Chesterton","article_modified_time":"2021-06-07T13:36:18+00:00","twitter_card":"summary_large_image","twitter_misc":{"Tiempo de lectura":"7 minutos"},"schema":{"@context":"https:\/\/schema.org","@graph":[{"@type":"WebPage","@id":"https:\/\/cedgkchesterton.cat\/lhome-que-fou-g-k-chesterton\/obra-de-g-k-chesterton\/","url":"https:\/\/cedgkchesterton.cat\/lhome-que-fou-g-k-chesterton\/obra-de-g-k-chesterton\/","name":"Obra - Centro de Estudios y Documentaci\u00f3n G. K. Chesterton","isPartOf":{"@id":"https:\/\/cedgkchesterton.cat\/#website"},"datePublished":"2020-12-16T14:18:36+00:00","dateModified":"2021-06-07T13:36:18+00:00","breadcrumb":{"@id":"https:\/\/cedgkchesterton.cat\/lhome-que-fou-g-k-chesterton\/obra-de-g-k-chesterton\/#breadcrumb"},"inLanguage":"es","potentialAction":[{"@type":"ReadAction","target":["https:\/\/cedgkchesterton.cat\/lhome-que-fou-g-k-chesterton\/obra-de-g-k-chesterton\/"]}]},{"@type":"BreadcrumbList","@id":"https:\/\/cedgkchesterton.cat\/lhome-que-fou-g-k-chesterton\/obra-de-g-k-chesterton\/#breadcrumb","itemListElement":[{"@type":"ListItem","position":1,"name":"Inici","item":"https:\/\/cedgkchesterton.cat\/"},{"@type":"ListItem","position":2,"name":"El hombre que fue G. K. Chesterton","item":"https:\/\/cedgkchesterton.cat\/lhome-que-fou-g-k-chesterton\/"},{"@type":"ListItem","position":3,"name":"Obra"}]},{"@type":"WebSite","@id":"https:\/\/cedgkchesterton.cat\/#website","url":"https:\/\/cedgkchesterton.cat\/","name":"Centro de Estudios y Documentaci\u00f3n G. K. Chesterton","description":"Estudi i divulgaci\u00f3 de l\u2019obra de Chesterton","publisher":{"@id":"https:\/\/cedgkchesterton.cat\/#organization"},"potentialAction":[{"@type":"SearchAction","target":{"@type":"EntryPoint","urlTemplate":"https:\/\/cedgkchesterton.cat\/?s={search_term_string}"},"query-input":{"@type":"PropertyValueSpecification","valueRequired":true,"valueName":"search_term_string"}}],"inLanguage":"es"},{"@type":"Organization","@id":"https:\/\/cedgkchesterton.cat\/#organization","name":"Centro de Estudios y Documentaci\u00f3n G. K. Chesterton","url":"https:\/\/cedgkchesterton.cat\/","logo":{"@type":"ImageObject","inLanguage":"es","@id":"https:\/\/cedgkchesterton.cat\/#\/schema\/logo\/image\/","url":"https:\/\/cedgkchesterton.cat\/wp-content\/uploads\/2020\/09\/CEDGKC_logo.jpg","contentUrl":"https:\/\/cedgkchesterton.cat\/wp-content\/uploads\/2020\/09\/CEDGKC_logo.jpg","width":492,"height":233,"caption":"Centro de Estudios y Documentaci\u00f3n G. K. Chesterton"},"image":{"@id":"https:\/\/cedgkchesterton.cat\/#\/schema\/logo\/image\/"}}]}},"_links":{"self":[{"href":"https:\/\/cedgkchesterton.cat\/es\/wp-json\/wp\/v2\/pages\/1309","targetHints":{"allow":["GET"]}}],"collection":[{"href":"https:\/\/cedgkchesterton.cat\/es\/wp-json\/wp\/v2\/pages"}],"about":[{"href":"https:\/\/cedgkchesterton.cat\/es\/wp-json\/wp\/v2\/types\/page"}],"author":[{"embeddable":true,"href":"https:\/\/cedgkchesterton.cat\/es\/wp-json\/wp\/v2\/users\/1"}],"replies":[{"embeddable":true,"href":"https:\/\/cedgkchesterton.cat\/es\/wp-json\/wp\/v2\/comments?post=1309"}],"version-history":[{"count":1,"href":"https:\/\/cedgkchesterton.cat\/es\/wp-json\/wp\/v2\/pages\/1309\/revisions"}],"predecessor-version":[{"id":1311,"href":"https:\/\/cedgkchesterton.cat\/es\/wp-json\/wp\/v2\/pages\/1309\/revisions\/1311"}],"up":[{"embeddable":true,"href":"https:\/\/cedgkchesterton.cat\/es\/wp-json\/wp\/v2\/pages\/1285"}],"wp:attachment":[{"href":"https:\/\/cedgkchesterton.cat\/es\/wp-json\/wp\/v2\/media?parent=1309"}],"curies":[{"name":"wp","href":"https:\/\/api.w.org\/{rel}","templated":true}]}}