{"id":1313,"date":"2020-12-16T16:24:33","date_gmt":"2020-12-16T14:24:33","guid":{"rendered":"https:\/\/cedgkchesterton.cat\/el-hombre-que-fue-g-k-chesterton\/pensament-de-g-k-chesterton\/"},"modified":"2021-06-08T11:01:32","modified_gmt":"2021-06-08T09:01:32","slug":"pensamiento","status":"publish","type":"page","link":"https:\/\/cedgkchesterton.cat\/es\/el-hombre-que-fue-g-k-chesterton\/pensamiento\/","title":{"rendered":"Pensamiento"},"content":{"rendered":"<p>[et_pb_section fb_built=\u00bb1&#8243; _builder_version=\u00bb4.4.8&#8243; background_color=\u00bb#004225&#8243; background_color_gradient_direction=\u00bb239deg\u00bb custom_padding=\u00bb0px||0px||false|false\u00bb][et_pb_row _builder_version=\u00bb4.4.8&#8243; custom_padding=\u00bb9px||5px||false|false\u00bb][et_pb_column type=\u00bb4_4&#8243; _builder_version=\u00bb4.4.8&#8243; custom_padding=\u00bb||||false|false\u00bb][et_pb_text _builder_version=\u00bb4.9.4&#8243; background_layout=\u00bbdark\u00bb hover_enabled=\u00bb0&#8243; sticky_enabled=\u00bb0&#8243;]<\/p>\n<h1>Pensamiento<\/h1>\n<p>[\/et_pb_text][\/et_pb_column][\/et_pb_row][\/et_pb_section][et_pb_section fb_built=\u00bb1&#8243; _builder_version=\u00bb3.22&#8243;][et_pb_row _builder_version=\u00bb3.25&#8243; background_size=\u00bbinitial\u00bb background_position=\u00bbtop_left\u00bb background_repeat=\u00bbrepeat\u00bb][et_pb_column type=\u00bb4_4&#8243; _builder_version=\u00bb3.25&#8243; custom_padding=\u00bb|||\u00bb custom_padding__hover=\u00bb|||\u00bb][et_pb_text _builder_version=\u00bb4.9.4&#8243; background_size=\u00bbinitial\u00bb background_position=\u00bbtop_left\u00bb background_repeat=\u00bbrepeat\u00bb hover_enabled=\u00bb0&#8243; sticky_enabled=\u00bb0&#8243;]<\/p>\n<h2>Un mundo de ideas<\/h2>\n<p>Chesterton quer\u00eda abrirnos la puerta de la tierra. Quer\u00eda en cierto modo despertar nuestra mirada al mundo que se encuentra ante nosotros. Quer\u00eda abrirnos la puerta a la proximidad de las cosas, de los otros y de Dios. Su misi\u00f3n fue hacer del kosmos un oikos, de la sustancia un existente, de la vida aquello cotidiano, de Dios una persona de carne y hueso, de la filosof\u00eda una historia.<\/p>\n<h2>Crisis existencial y de pensamiento<\/h2>\n<p>Varias circunstancias provocaron la crisis existencial del joven Gilbert. Ya se hab\u00eda alejado de la Iglesia Unitaria y pasaba por un periodo de agnosticismo. La dispersi\u00f3n de los miembros del Junior Debating Club para ir a estudiar a diferentes universidades inglesas y el final de las actividades de este club, el hecho de vivir una \u00e9poca de incertidumbres y dudas, vacilante entre el arte y la escritura, y, sobre todo, el ambiente decadente y de escepticismo de los modernos que se encontr\u00f3 en la Slade School of Fino Arte, lo llevaron a vivir un tiempo en los abismos del pesimismo. Las lecturas de Walt Whitman, Charles Dickens i Robert Louis Stevenson lo ayudaron a salir de esta etapa oscura.<\/p>\n<h2>Hacia un sistema propio<\/h2>\n<p>Su esp\u00edritu, colmado de asombro y agradecimiento, permea una infinidad de cuestiones, de lugares, de escenas, que tras recurrir a ellas varias veces y reflexivamente se puede ir descubriendo el hilo rojo que impregna cada una de sus p\u00e1ginas. Su peculiaridad recae en lo polimorfo de su obra: art\u00edculos, biograf\u00edas, poemas, cuentos, novelas, historia&#8230; Con todo, el mismo escritor ingl\u00e9s expres\u00f3 que sus libros constitu\u00edan \u201clas g\u00e1rgolas de una determinada catedral\u201d  (<em>Alarmas y digresiones<\/em>).<\/p>\n<h2>Descubrimiento del Cristianismo<\/h2>\n<p>Si hay dos formas para llegar a un lugar, siendo una \u201cla de no salir nunca del mismo\u201d, Chesterton hizo la segunda que consiste \u201cen dar la vuelta al mundo hasta volver al punto de partida\u201d  (<em>The Everlasting Man). <\/em>) La actitud sapiencial de Chesterton, resumida por Fazio como el \u201casombro agradecido\u201d, fue la constataci\u00f3n de la contingencia del mundo, de la experiencia del naufragio y del hogar del padre. Todo lo cual dispondr\u00e1 a Chesterton para una apertura de esp\u00edritu, colmado de alegr\u00eda y admiraci\u00f3n, a la trascendencia y a la fe. No en vano Chesterton reafirm\u00f3 que todos los caminos llevan a Roma.<\/p>\n<h2>El pr\u00edncipe de las paradojas<\/h2>\n<p><span>El uso de la paradoja constituye uno de los elementos m\u00e1s importantes y a la vez m\u00e1s sugerentes de la obra de G. K. Chesterton, en sus diversos \u00e1mbitos (ensayo, ficci\u00f3n, art\u00edculos). Seg\u00fan H. Kenner, su uso constituye el coraz\u00f3n de su pensamiento y de sus escritos, y de ah\u00ed que se le llegue a denominar como \u00abel exc\u00e9ntrico pr\u00edncipe de la paradoja\u00bb (J. D. Douglas). El uso de la paradoja es fundamental en el pensamiento religioso de Chesterton, justamente porque el cristianismo es parad\u00f3jico, siendo Jesucristo la paradoja final. Por ello, la personal apolog\u00e9tica cristiana de Chesterton hace un uso prol\u00edfico de la paradoja, no solamente como recurso, sino como elemento que subyace en el fondo de la cuesti\u00f3n. Destacamos, por su importancia, el cap\u00edtulo de Ortodoxia denominado \u00abLas paradojas del cristianismo\u00bb, en el cual se afronta expl\u00edcitamente esta cuesti\u00f3n, mostrando el cristianismo como un arriesgado equilibrio, como una s\u00edntesis vertiginosa que evita la mediocridad de la diluci\u00f3n y aporta a la vida una intensidad inusitada. <\/span><\/p>\n<h2>Cr\u00edtico de la Modernidad<\/h2>\n<p>Se puede considerar Chesterton como un reaccionario en el sentido etimol\u00f3gico del t\u00e9rmino, porque su pensamiento es fruto de la reacci\u00f3n que despleg\u00f3 respecto las profec\u00edas que dominaban la atm\u00f3sfera intelectual de su tiempo de formaci\u00f3n: el imperialismo, la fe desenfrenada en el progreso, el cosmopolitismo, el materialismo. Contin\u00faa as\u00ed la reacci\u00f3n victoriana manifestada desde Carlyle, John Ruskin, o William Morris, oponi\u00e9ndose a la modernidad desde ideales sociales o socializadores que hacen hincapi\u00e9 en la centralidad de la espiritualidad, el arte y la cultura. Derivar\u00e1 m\u00e1s adelante hacia la cr\u00edtica del gran capitalismo concentracionario (que proven\u00eda de Am\u00e9rica) y el socialismo de Estado, para defender un mundo hecho a peque\u00f1a escala, las ra\u00edces en lo local, y una po\u00e9tica rom\u00e1ntica resumida en el principio de \u201csmall is beautiful\u201d. La belleza antigua un\u00eda, seg\u00fan Chesterton. la peque\u00f1a Inglaterra con Europa, y hac\u00eda de la forma medieval la expresi\u00f3n m\u00e1s importante del desencanto con la realidad moderna.<\/p>\n<p>[\/et_pb_text][\/et_pb_column][\/et_pb_row][\/et_pb_section]<\/p>\n","protected":false},"excerpt":{"rendered":"<p>PensamientoUn mundo de ideas Chesterton quer\u00eda abrirnos la puerta de la tierra. Quer\u00eda en cierto modo despertar nuestra mirada al mundo que se encuentra ante nosotros. Quer\u00eda abrirnos la puerta [&hellip;]<\/p>\n","protected":false},"author":1,"featured_media":0,"parent":1285,"menu_order":0,"comment_status":"closed","ping_status":"closed","template":"","meta":{"_et_pb_use_builder":"on","_et_pb_old_content":"","_et_gb_content_width":"","footnotes":""},"class_list":["post-1313","page","type-page","status-publish","hentry"],"yoast_head":"<!-- This site is optimized with the Yoast SEO plugin v25.3 - https:\/\/yoast.com\/wordpress\/plugins\/seo\/ -->\n<title>Pensamiento - Centro de Estudios y Documentaci\u00f3n G. K. Chesterton<\/title>\n<meta name=\"robots\" content=\"index, follow, max-snippet:-1, max-image-preview:large, max-video-preview:-1\" \/>\n<link rel=\"canonical\" href=\"https:\/\/cedgkchesterton.cat\/lhome-que-fou-g-k-chesterton\/pensament-de-g-k-chesterton\/\" \/>\n<meta property=\"og:locale\" content=\"es_ES\" \/>\n<meta property=\"og:type\" content=\"article\" \/>\n<meta property=\"og:title\" content=\"Pensamiento - Centro de Estudios y Documentaci\u00f3n G. K. Chesterton\" \/>\n<meta property=\"og:description\" content=\"PensamientoUn mundo de ideas Chesterton quer\u00eda abrirnos la puerta de la tierra. Quer\u00eda en cierto modo despertar nuestra mirada al mundo que se encuentra ante nosotros. Quer\u00eda abrirnos la puerta [&hellip;]\" \/>\n<meta property=\"og:url\" content=\"https:\/\/cedgkchesterton.cat\/lhome-que-fou-g-k-chesterton\/pensament-de-g-k-chesterton\/\" \/>\n<meta property=\"og:site_name\" content=\"Centro de Estudios y Documentaci\u00f3n G. K. Chesterton\" \/>\n<meta property=\"article:modified_time\" content=\"2021-06-08T09:01:32+00:00\" \/>\n<meta name=\"twitter:card\" content=\"summary_large_image\" \/>\n<meta name=\"twitter:label1\" content=\"Tiempo de lectura\" \/>\n\t<meta name=\"twitter:data1\" content=\"5 minutos\" \/>\n<script type=\"application\/ld+json\" class=\"yoast-schema-graph\">{\"@context\":\"https:\/\/schema.org\",\"@graph\":[{\"@type\":\"WebPage\",\"@id\":\"https:\/\/cedgkchesterton.cat\/lhome-que-fou-g-k-chesterton\/pensament-de-g-k-chesterton\/\",\"url\":\"https:\/\/cedgkchesterton.cat\/lhome-que-fou-g-k-chesterton\/pensament-de-g-k-chesterton\/\",\"name\":\"Pensamiento - Centro de Estudios y Documentaci\u00f3n G. K. Chesterton\",\"isPartOf\":{\"@id\":\"https:\/\/cedgkchesterton.cat\/#website\"},\"datePublished\":\"2020-12-16T14:24:33+00:00\",\"dateModified\":\"2021-06-08T09:01:32+00:00\",\"breadcrumb\":{\"@id\":\"https:\/\/cedgkchesterton.cat\/lhome-que-fou-g-k-chesterton\/pensament-de-g-k-chesterton\/#breadcrumb\"},\"inLanguage\":\"es\",\"potentialAction\":[{\"@type\":\"ReadAction\",\"target\":[\"https:\/\/cedgkchesterton.cat\/lhome-que-fou-g-k-chesterton\/pensament-de-g-k-chesterton\/\"]}]},{\"@type\":\"BreadcrumbList\",\"@id\":\"https:\/\/cedgkchesterton.cat\/lhome-que-fou-g-k-chesterton\/pensament-de-g-k-chesterton\/#breadcrumb\",\"itemListElement\":[{\"@type\":\"ListItem\",\"position\":1,\"name\":\"Inici\",\"item\":\"https:\/\/cedgkchesterton.cat\/\"},{\"@type\":\"ListItem\",\"position\":2,\"name\":\"El hombre que fue G. K. Chesterton\",\"item\":\"https:\/\/cedgkchesterton.cat\/lhome-que-fou-g-k-chesterton\/\"},{\"@type\":\"ListItem\",\"position\":3,\"name\":\"Pensamiento\"}]},{\"@type\":\"WebSite\",\"@id\":\"https:\/\/cedgkchesterton.cat\/#website\",\"url\":\"https:\/\/cedgkchesterton.cat\/\",\"name\":\"Centro de Estudios y Documentaci\u00f3n G. K. Chesterton\",\"description\":\"Estudi i divulgaci\u00f3 de l\u2019obra de Chesterton\",\"publisher\":{\"@id\":\"https:\/\/cedgkchesterton.cat\/#organization\"},\"potentialAction\":[{\"@type\":\"SearchAction\",\"target\":{\"@type\":\"EntryPoint\",\"urlTemplate\":\"https:\/\/cedgkchesterton.cat\/?s={search_term_string}\"},\"query-input\":{\"@type\":\"PropertyValueSpecification\",\"valueRequired\":true,\"valueName\":\"search_term_string\"}}],\"inLanguage\":\"es\"},{\"@type\":\"Organization\",\"@id\":\"https:\/\/cedgkchesterton.cat\/#organization\",\"name\":\"Centro de Estudios y Documentaci\u00f3n G. K. Chesterton\",\"url\":\"https:\/\/cedgkchesterton.cat\/\",\"logo\":{\"@type\":\"ImageObject\",\"inLanguage\":\"es\",\"@id\":\"https:\/\/cedgkchesterton.cat\/#\/schema\/logo\/image\/\",\"url\":\"https:\/\/cedgkchesterton.cat\/wp-content\/uploads\/2020\/09\/CEDGKC_logo.jpg\",\"contentUrl\":\"https:\/\/cedgkchesterton.cat\/wp-content\/uploads\/2020\/09\/CEDGKC_logo.jpg\",\"width\":492,\"height\":233,\"caption\":\"Centro de Estudios y Documentaci\u00f3n G. K. Chesterton\"},\"image\":{\"@id\":\"https:\/\/cedgkchesterton.cat\/#\/schema\/logo\/image\/\"}}]}<\/script>\n<!-- \/ Yoast SEO plugin. -->","yoast_head_json":{"title":"Pensamiento - Centro de Estudios y Documentaci\u00f3n G. K. Chesterton","robots":{"index":"index","follow":"follow","max-snippet":"max-snippet:-1","max-image-preview":"max-image-preview:large","max-video-preview":"max-video-preview:-1"},"canonical":"https:\/\/cedgkchesterton.cat\/lhome-que-fou-g-k-chesterton\/pensament-de-g-k-chesterton\/","og_locale":"es_ES","og_type":"article","og_title":"Pensamiento - Centro de Estudios y Documentaci\u00f3n G. K. Chesterton","og_description":"PensamientoUn mundo de ideas Chesterton quer\u00eda abrirnos la puerta de la tierra. Quer\u00eda en cierto modo despertar nuestra mirada al mundo que se encuentra ante nosotros. Quer\u00eda abrirnos la puerta [&hellip;]","og_url":"https:\/\/cedgkchesterton.cat\/lhome-que-fou-g-k-chesterton\/pensament-de-g-k-chesterton\/","og_site_name":"Centro de Estudios y Documentaci\u00f3n G. K. Chesterton","article_modified_time":"2021-06-08T09:01:32+00:00","twitter_card":"summary_large_image","twitter_misc":{"Tiempo de lectura":"5 minutos"},"schema":{"@context":"https:\/\/schema.org","@graph":[{"@type":"WebPage","@id":"https:\/\/cedgkchesterton.cat\/lhome-que-fou-g-k-chesterton\/pensament-de-g-k-chesterton\/","url":"https:\/\/cedgkchesterton.cat\/lhome-que-fou-g-k-chesterton\/pensament-de-g-k-chesterton\/","name":"Pensamiento - Centro de Estudios y Documentaci\u00f3n G. K. Chesterton","isPartOf":{"@id":"https:\/\/cedgkchesterton.cat\/#website"},"datePublished":"2020-12-16T14:24:33+00:00","dateModified":"2021-06-08T09:01:32+00:00","breadcrumb":{"@id":"https:\/\/cedgkchesterton.cat\/lhome-que-fou-g-k-chesterton\/pensament-de-g-k-chesterton\/#breadcrumb"},"inLanguage":"es","potentialAction":[{"@type":"ReadAction","target":["https:\/\/cedgkchesterton.cat\/lhome-que-fou-g-k-chesterton\/pensament-de-g-k-chesterton\/"]}]},{"@type":"BreadcrumbList","@id":"https:\/\/cedgkchesterton.cat\/lhome-que-fou-g-k-chesterton\/pensament-de-g-k-chesterton\/#breadcrumb","itemListElement":[{"@type":"ListItem","position":1,"name":"Inici","item":"https:\/\/cedgkchesterton.cat\/"},{"@type":"ListItem","position":2,"name":"El hombre que fue G. K. Chesterton","item":"https:\/\/cedgkchesterton.cat\/lhome-que-fou-g-k-chesterton\/"},{"@type":"ListItem","position":3,"name":"Pensamiento"}]},{"@type":"WebSite","@id":"https:\/\/cedgkchesterton.cat\/#website","url":"https:\/\/cedgkchesterton.cat\/","name":"Centro de Estudios y Documentaci\u00f3n G. K. Chesterton","description":"Estudi i divulgaci\u00f3 de l\u2019obra de Chesterton","publisher":{"@id":"https:\/\/cedgkchesterton.cat\/#organization"},"potentialAction":[{"@type":"SearchAction","target":{"@type":"EntryPoint","urlTemplate":"https:\/\/cedgkchesterton.cat\/?s={search_term_string}"},"query-input":{"@type":"PropertyValueSpecification","valueRequired":true,"valueName":"search_term_string"}}],"inLanguage":"es"},{"@type":"Organization","@id":"https:\/\/cedgkchesterton.cat\/#organization","name":"Centro de Estudios y Documentaci\u00f3n G. K. Chesterton","url":"https:\/\/cedgkchesterton.cat\/","logo":{"@type":"ImageObject","inLanguage":"es","@id":"https:\/\/cedgkchesterton.cat\/#\/schema\/logo\/image\/","url":"https:\/\/cedgkchesterton.cat\/wp-content\/uploads\/2020\/09\/CEDGKC_logo.jpg","contentUrl":"https:\/\/cedgkchesterton.cat\/wp-content\/uploads\/2020\/09\/CEDGKC_logo.jpg","width":492,"height":233,"caption":"Centro de Estudios y Documentaci\u00f3n G. K. Chesterton"},"image":{"@id":"https:\/\/cedgkchesterton.cat\/#\/schema\/logo\/image\/"}}]}},"_links":{"self":[{"href":"https:\/\/cedgkchesterton.cat\/es\/wp-json\/wp\/v2\/pages\/1313","targetHints":{"allow":["GET"]}}],"collection":[{"href":"https:\/\/cedgkchesterton.cat\/es\/wp-json\/wp\/v2\/pages"}],"about":[{"href":"https:\/\/cedgkchesterton.cat\/es\/wp-json\/wp\/v2\/types\/page"}],"author":[{"embeddable":true,"href":"https:\/\/cedgkchesterton.cat\/es\/wp-json\/wp\/v2\/users\/1"}],"replies":[{"embeddable":true,"href":"https:\/\/cedgkchesterton.cat\/es\/wp-json\/wp\/v2\/comments?post=1313"}],"version-history":[{"count":2,"href":"https:\/\/cedgkchesterton.cat\/es\/wp-json\/wp\/v2\/pages\/1313\/revisions"}],"predecessor-version":[{"id":1317,"href":"https:\/\/cedgkchesterton.cat\/es\/wp-json\/wp\/v2\/pages\/1313\/revisions\/1317"}],"up":[{"embeddable":true,"href":"https:\/\/cedgkchesterton.cat\/es\/wp-json\/wp\/v2\/pages\/1285"}],"wp:attachment":[{"href":"https:\/\/cedgkchesterton.cat\/es\/wp-json\/wp\/v2\/media?parent=1313"}],"curies":[{"name":"wp","href":"https:\/\/api.w.org\/{rel}","templated":true}]}}