{"id":1319,"date":"2020-12-16T16:28:10","date_gmt":"2020-12-16T14:28:10","guid":{"rendered":"https:\/\/cedgkchesterton.cat\/el-hombre-que-fue-g-k-chesterton\/religiositat-de-chesterton\/"},"modified":"2021-06-08T11:03:16","modified_gmt":"2021-06-08T09:03:16","slug":"religiosidad","status":"publish","type":"page","link":"https:\/\/cedgkchesterton.cat\/es\/el-hombre-que-fue-g-k-chesterton\/religiosidad\/","title":{"rendered":"Religiosidad"},"content":{"rendered":"<p>[et_pb_section fb_built=\u00bb1&#8243; _builder_version=\u00bb4.4.8&#8243; background_color=\u00bb#004225&#8243; background_color_gradient_direction=\u00bb239deg\u00bb custom_padding=\u00bb0px||0px||false|false\u00bb][et_pb_row _builder_version=\u00bb4.4.8&#8243; custom_padding=\u00bb9px||5px||false|false\u00bb][et_pb_column type=\u00bb4_4&#8243; _builder_version=\u00bb4.4.8&#8243; custom_padding=\u00bb||||false|false\u00bb][et_pb_text _builder_version=\u00bb4.9.4&#8243; background_layout=\u00bbdark\u00bb hover_enabled=\u00bb0&#8243; sticky_enabled=\u00bb0&#8243;]<\/p>\n<h1>Religiosidad<\/h1>\n<p>[\/et_pb_text][\/et_pb_column][\/et_pb_row][\/et_pb_section][et_pb_section fb_built=\u00bb1&#8243; _builder_version=\u00bb3.22&#8243;][et_pb_row _builder_version=\u00bb3.25&#8243; background_size=\u00bbinitial\u00bb background_position=\u00bbtop_left\u00bb background_repeat=\u00bbrepeat\u00bb][et_pb_column type=\u00bb4_4&#8243; _builder_version=\u00bb3.25&#8243; custom_padding=\u00bb|||\u00bb custom_padding__hover=\u00bb|||\u00bb][et_pb_text _builder_version=\u00bb4.9.4&#8243; background_size=\u00bbinitial\u00bb background_position=\u00bbtop_left\u00bb background_repeat=\u00bbrepeat\u00bb hover_enabled=\u00bb0&#8243; sticky_enabled=\u00bb0&#8243;]<\/p>\n<h2>El unitarismo de la atm\u00f3sfera familiar<\/h2>\n<p>La religiosidad estuvo presente en toda la vida de Chesterton. Sus padres segu\u00edan la Iglesia Unitaria aunque no asist\u00edan regularmente a los actos religiosos. Bautizaron Gilbert en esta creencia en St George\u2019s Church. En una atm\u00f3sfera familiar basada en el respeto y la libertad, nunca obligaron a los hijos a asistir a la iglesia. Los Chesterton acud\u00edan a la Bedford Chapel para escuchar los sermones del predicador Stopford Brooke, un unitario cr\u00edtico y rebelde.<\/p>\n<h2>Crisis existencial y religiosa<\/h2>\n<p>La influencia de las pr\u00e9dicas del reverendo Brooke alejaron a Gilbert de la Iglesia Unitaria. Pas\u00f3 por un periodo de agnosticismo pero incluso en esta etapa agn\u00f3stica escrib\u00eda poemas religiosos al Dios desconocido, a Mar\u00eda y a San Francisco de As\u00eds, que fueron publicados en la revista <em>Debater<\/em> del Junior Debating Club. El final de las actividades de este club juvenil, la dispersi\u00f3n de sus miembros y la atm\u00f3sfera esc\u00e9ptica y decadente de la Slade School of Fine Art lo llevaron a vivir una crisis existencial. En el a\u00f1o 1900 conoce al historiador cat\u00f3lico Hilaire Belloc que se convertir\u00e1 en un gran amigo. En el aspecto religioso, el matrimonio con Frances Blogg y la amistad con el cl\u00e9rigo Conrad Noel lo acercaron al anglocatolicismo.<\/p>\n<h2>Anglo-cat\u00f3lico y la Christian Social Union<\/h2>\n<p>Conocer a Frances Blogg, anglocat\u00f3lica practicante y muy activa en la parroquia St. Michael &amp; All Angels del barrio a Bedford Park, su compromiso y la amistad con el cl\u00e9rigo Conrad Noel lo acercaron al anglocatolicismo. Despu\u00e9s de vivir una etapa agn\u00f3stica, este sacerdote anglocat\u00f3lico le transmiti\u00f3 una visi\u00f3n seria y consistente de la religi\u00f3n. Acud\u00eda con su hermano Cecil a las reuniones que organizaba Noel en la parroquia St. Mary en Paddington Green Church. Durante este periodo colabor\u00f3 intensamente en las actividades de la Christian Social Union. En 1904 particip\u00f3 en el Liverpool Church Congress.<\/p>\n<h2>Conversi\u00f3n a la Iglesia Cat\u00f3lica<\/h2>\n<p>Cuando en 1904 public\u00f3 <em>The Napoleon of Notting Hill<\/em>, recibi\u00f3 una carta elogiando la novela. La escrib\u00eda John O\u2019Connor, un cura cat\u00f3lico de la parroquia St Anne\u2019s Catholic Church, en Keighley. Cuando se conocieron, paseando por los p\u00e1ramos de Ilkley, se inici\u00f3 una amistad que ser\u00eda determinante en su conversi\u00f3n. El acercamiento a Roma fue lento y dilatado en el tiempo. En el a\u00f1o 1911 public\u00f3 <em>The Innocence of Father Brown<\/em>, el primer volumen de la serie, cuyo protagonista es un cura cat\u00f3lico detective inspirado en su amigo O\u2019Connor. La influencia de los amigos Belloc y Baring, y la de los sacerdotes Ronald Knox, Vincent MacNabb, Ignatius Rice y O\u2019Connor ayudaron a Gilbert a dar el paso definitivo en 1922. Desde aquel momento su obra period\u00edstica y literaria se centr\u00f3 en la defensa de la fe cat\u00f3lica. Public\u00f3 dos estudios biogr\u00e1ficos, <em>St. Francis of Assisi<\/em> (1923) y <em>St. Thomas Aquinas: The Dumb Ox<\/em> (1933). En 1932 asisti\u00f3 al Congreso Eucar\u00edstico de Dubl\u00edn. El Vaticano lo nombr\u00f3 Caballero Comendador con Estrella de la Orden de San Gregorio Magno. Al morir, en 1936, se celebr\u00f3 un funeral en la Westminster Cathedral de Londres.<\/p>\n<p>[\/et_pb_text][\/et_pb_column][\/et_pb_row][\/et_pb_section]<\/p>\n","protected":false},"excerpt":{"rendered":"<p>ReligiosidadEl unitarismo de la atm\u00f3sfera familiar La religiosidad estuvo presente en toda la vida de Chesterton. Sus padres segu\u00edan la Iglesia Unitaria aunque no asist\u00edan regularmente a los actos religiosos. [&hellip;]<\/p>\n","protected":false},"author":1,"featured_media":0,"parent":1285,"menu_order":0,"comment_status":"closed","ping_status":"closed","template":"","meta":{"_et_pb_use_builder":"on","_et_pb_old_content":"","_et_gb_content_width":"","footnotes":""},"class_list":["post-1319","page","type-page","status-publish","hentry"],"yoast_head":"<!-- This site is optimized with the Yoast SEO plugin v25.3 - https:\/\/yoast.com\/wordpress\/plugins\/seo\/ -->\n<title>Religiosidad - Centro de Estudios y Documentaci\u00f3n G. K. Chesterton<\/title>\n<meta name=\"robots\" content=\"index, follow, max-snippet:-1, max-image-preview:large, max-video-preview:-1\" \/>\n<link rel=\"canonical\" href=\"https:\/\/cedgkchesterton.cat\/lhome-que-fou-g-k-chesterton\/religiositat-de-chesterton\/\" \/>\n<meta property=\"og:locale\" content=\"es_ES\" \/>\n<meta property=\"og:type\" content=\"article\" \/>\n<meta property=\"og:title\" content=\"Religiosidad - Centro de Estudios y Documentaci\u00f3n G. K. Chesterton\" \/>\n<meta property=\"og:description\" content=\"ReligiosidadEl unitarismo de la atm\u00f3sfera familiar La religiosidad estuvo presente en toda la vida de Chesterton. Sus padres segu\u00edan la Iglesia Unitaria aunque no asist\u00edan regularmente a los actos religiosos. [&hellip;]\" \/>\n<meta property=\"og:url\" content=\"https:\/\/cedgkchesterton.cat\/lhome-que-fou-g-k-chesterton\/religiositat-de-chesterton\/\" \/>\n<meta property=\"og:site_name\" content=\"Centro de Estudios y Documentaci\u00f3n G. K. Chesterton\" \/>\n<meta property=\"article:modified_time\" content=\"2021-06-08T09:03:16+00:00\" \/>\n<meta name=\"twitter:card\" content=\"summary_large_image\" \/>\n<meta name=\"twitter:label1\" content=\"Tiempo de lectura\" \/>\n\t<meta name=\"twitter:data1\" content=\"3 minutos\" \/>\n<script type=\"application\/ld+json\" class=\"yoast-schema-graph\">{\"@context\":\"https:\/\/schema.org\",\"@graph\":[{\"@type\":\"WebPage\",\"@id\":\"https:\/\/cedgkchesterton.cat\/lhome-que-fou-g-k-chesterton\/religiositat-de-chesterton\/\",\"url\":\"https:\/\/cedgkchesterton.cat\/lhome-que-fou-g-k-chesterton\/religiositat-de-chesterton\/\",\"name\":\"Religiosidad - Centro de Estudios y Documentaci\u00f3n G. K. Chesterton\",\"isPartOf\":{\"@id\":\"https:\/\/cedgkchesterton.cat\/#website\"},\"datePublished\":\"2020-12-16T14:28:10+00:00\",\"dateModified\":\"2021-06-08T09:03:16+00:00\",\"breadcrumb\":{\"@id\":\"https:\/\/cedgkchesterton.cat\/lhome-que-fou-g-k-chesterton\/religiositat-de-chesterton\/#breadcrumb\"},\"inLanguage\":\"es\",\"potentialAction\":[{\"@type\":\"ReadAction\",\"target\":[\"https:\/\/cedgkchesterton.cat\/lhome-que-fou-g-k-chesterton\/religiositat-de-chesterton\/\"]}]},{\"@type\":\"BreadcrumbList\",\"@id\":\"https:\/\/cedgkchesterton.cat\/lhome-que-fou-g-k-chesterton\/religiositat-de-chesterton\/#breadcrumb\",\"itemListElement\":[{\"@type\":\"ListItem\",\"position\":1,\"name\":\"Inici\",\"item\":\"https:\/\/cedgkchesterton.cat\/\"},{\"@type\":\"ListItem\",\"position\":2,\"name\":\"El hombre que fue G. K. Chesterton\",\"item\":\"https:\/\/cedgkchesterton.cat\/lhome-que-fou-g-k-chesterton\/\"},{\"@type\":\"ListItem\",\"position\":3,\"name\":\"Religiosidad\"}]},{\"@type\":\"WebSite\",\"@id\":\"https:\/\/cedgkchesterton.cat\/#website\",\"url\":\"https:\/\/cedgkchesterton.cat\/\",\"name\":\"Centro de Estudios y Documentaci\u00f3n G. K. Chesterton\",\"description\":\"Estudi i divulgaci\u00f3 de l\u2019obra de Chesterton\",\"publisher\":{\"@id\":\"https:\/\/cedgkchesterton.cat\/#organization\"},\"potentialAction\":[{\"@type\":\"SearchAction\",\"target\":{\"@type\":\"EntryPoint\",\"urlTemplate\":\"https:\/\/cedgkchesterton.cat\/?s={search_term_string}\"},\"query-input\":{\"@type\":\"PropertyValueSpecification\",\"valueRequired\":true,\"valueName\":\"search_term_string\"}}],\"inLanguage\":\"es\"},{\"@type\":\"Organization\",\"@id\":\"https:\/\/cedgkchesterton.cat\/#organization\",\"name\":\"Centro de Estudios y Documentaci\u00f3n G. K. Chesterton\",\"url\":\"https:\/\/cedgkchesterton.cat\/\",\"logo\":{\"@type\":\"ImageObject\",\"inLanguage\":\"es\",\"@id\":\"https:\/\/cedgkchesterton.cat\/#\/schema\/logo\/image\/\",\"url\":\"https:\/\/cedgkchesterton.cat\/wp-content\/uploads\/2020\/09\/CEDGKC_logo.jpg\",\"contentUrl\":\"https:\/\/cedgkchesterton.cat\/wp-content\/uploads\/2020\/09\/CEDGKC_logo.jpg\",\"width\":492,\"height\":233,\"caption\":\"Centro de Estudios y Documentaci\u00f3n G. K. Chesterton\"},\"image\":{\"@id\":\"https:\/\/cedgkchesterton.cat\/#\/schema\/logo\/image\/\"}}]}<\/script>\n<!-- \/ Yoast SEO plugin. -->","yoast_head_json":{"title":"Religiosidad - Centro de Estudios y Documentaci\u00f3n G. K. Chesterton","robots":{"index":"index","follow":"follow","max-snippet":"max-snippet:-1","max-image-preview":"max-image-preview:large","max-video-preview":"max-video-preview:-1"},"canonical":"https:\/\/cedgkchesterton.cat\/lhome-que-fou-g-k-chesterton\/religiositat-de-chesterton\/","og_locale":"es_ES","og_type":"article","og_title":"Religiosidad - Centro de Estudios y Documentaci\u00f3n G. K. Chesterton","og_description":"ReligiosidadEl unitarismo de la atm\u00f3sfera familiar La religiosidad estuvo presente en toda la vida de Chesterton. Sus padres segu\u00edan la Iglesia Unitaria aunque no asist\u00edan regularmente a los actos religiosos. [&hellip;]","og_url":"https:\/\/cedgkchesterton.cat\/lhome-que-fou-g-k-chesterton\/religiositat-de-chesterton\/","og_site_name":"Centro de Estudios y Documentaci\u00f3n G. K. Chesterton","article_modified_time":"2021-06-08T09:03:16+00:00","twitter_card":"summary_large_image","twitter_misc":{"Tiempo de lectura":"3 minutos"},"schema":{"@context":"https:\/\/schema.org","@graph":[{"@type":"WebPage","@id":"https:\/\/cedgkchesterton.cat\/lhome-que-fou-g-k-chesterton\/religiositat-de-chesterton\/","url":"https:\/\/cedgkchesterton.cat\/lhome-que-fou-g-k-chesterton\/religiositat-de-chesterton\/","name":"Religiosidad - Centro de Estudios y Documentaci\u00f3n G. K. Chesterton","isPartOf":{"@id":"https:\/\/cedgkchesterton.cat\/#website"},"datePublished":"2020-12-16T14:28:10+00:00","dateModified":"2021-06-08T09:03:16+00:00","breadcrumb":{"@id":"https:\/\/cedgkchesterton.cat\/lhome-que-fou-g-k-chesterton\/religiositat-de-chesterton\/#breadcrumb"},"inLanguage":"es","potentialAction":[{"@type":"ReadAction","target":["https:\/\/cedgkchesterton.cat\/lhome-que-fou-g-k-chesterton\/religiositat-de-chesterton\/"]}]},{"@type":"BreadcrumbList","@id":"https:\/\/cedgkchesterton.cat\/lhome-que-fou-g-k-chesterton\/religiositat-de-chesterton\/#breadcrumb","itemListElement":[{"@type":"ListItem","position":1,"name":"Inici","item":"https:\/\/cedgkchesterton.cat\/"},{"@type":"ListItem","position":2,"name":"El hombre que fue G. K. Chesterton","item":"https:\/\/cedgkchesterton.cat\/lhome-que-fou-g-k-chesterton\/"},{"@type":"ListItem","position":3,"name":"Religiosidad"}]},{"@type":"WebSite","@id":"https:\/\/cedgkchesterton.cat\/#website","url":"https:\/\/cedgkchesterton.cat\/","name":"Centro de Estudios y Documentaci\u00f3n G. K. Chesterton","description":"Estudi i divulgaci\u00f3 de l\u2019obra de Chesterton","publisher":{"@id":"https:\/\/cedgkchesterton.cat\/#organization"},"potentialAction":[{"@type":"SearchAction","target":{"@type":"EntryPoint","urlTemplate":"https:\/\/cedgkchesterton.cat\/?s={search_term_string}"},"query-input":{"@type":"PropertyValueSpecification","valueRequired":true,"valueName":"search_term_string"}}],"inLanguage":"es"},{"@type":"Organization","@id":"https:\/\/cedgkchesterton.cat\/#organization","name":"Centro de Estudios y Documentaci\u00f3n G. K. Chesterton","url":"https:\/\/cedgkchesterton.cat\/","logo":{"@type":"ImageObject","inLanguage":"es","@id":"https:\/\/cedgkchesterton.cat\/#\/schema\/logo\/image\/","url":"https:\/\/cedgkchesterton.cat\/wp-content\/uploads\/2020\/09\/CEDGKC_logo.jpg","contentUrl":"https:\/\/cedgkchesterton.cat\/wp-content\/uploads\/2020\/09\/CEDGKC_logo.jpg","width":492,"height":233,"caption":"Centro de Estudios y Documentaci\u00f3n G. K. Chesterton"},"image":{"@id":"https:\/\/cedgkchesterton.cat\/#\/schema\/logo\/image\/"}}]}},"_links":{"self":[{"href":"https:\/\/cedgkchesterton.cat\/es\/wp-json\/wp\/v2\/pages\/1319","targetHints":{"allow":["GET"]}}],"collection":[{"href":"https:\/\/cedgkchesterton.cat\/es\/wp-json\/wp\/v2\/pages"}],"about":[{"href":"https:\/\/cedgkchesterton.cat\/es\/wp-json\/wp\/v2\/types\/page"}],"author":[{"embeddable":true,"href":"https:\/\/cedgkchesterton.cat\/es\/wp-json\/wp\/v2\/users\/1"}],"replies":[{"embeddable":true,"href":"https:\/\/cedgkchesterton.cat\/es\/wp-json\/wp\/v2\/comments?post=1319"}],"version-history":[{"count":2,"href":"https:\/\/cedgkchesterton.cat\/es\/wp-json\/wp\/v2\/pages\/1319\/revisions"}],"predecessor-version":[{"id":1322,"href":"https:\/\/cedgkchesterton.cat\/es\/wp-json\/wp\/v2\/pages\/1319\/revisions\/1322"}],"up":[{"embeddable":true,"href":"https:\/\/cedgkchesterton.cat\/es\/wp-json\/wp\/v2\/pages\/1285"}],"wp:attachment":[{"href":"https:\/\/cedgkchesterton.cat\/es\/wp-json\/wp\/v2\/media?parent=1319"}],"curies":[{"name":"wp","href":"https:\/\/api.w.org\/{rel}","templated":true}]}}