{"id":1324,"date":"2020-12-16T16:15:10","date_gmt":"2020-12-16T14:15:10","guid":{"rendered":"https:\/\/cedgkchesterton.cat\/el-hombre-que-fue-g-k-chesterton\/tematiques\/"},"modified":"2022-02-07T12:34:47","modified_gmt":"2022-02-07T10:34:47","slug":"tematicas","status":"publish","type":"page","link":"https:\/\/cedgkchesterton.cat\/es\/el-hombre-que-fue-g-k-chesterton\/tematicas\/","title":{"rendered":"Tem\u00e1ticas"},"content":{"rendered":"<p>[et_pb_section fb_built=\u00bb1&#8243; _builder_version=\u00bb4.4.8&#8243; background_color=\u00bb#004225&#8243; background_color_gradient_direction=\u00bb239deg\u00bb custom_padding=\u00bb0px||0px||false|false\u00bb][et_pb_row _builder_version=\u00bb4.4.8&#8243; custom_padding=\u00bb9px||5px||false|false\u00bb][et_pb_column type=\u00bb4_4&#8243; _builder_version=\u00bb4.4.8&#8243; custom_padding=\u00bb||||false|false\u00bb][et_pb_text _builder_version=\u00bb4.9.4&#8243; background_layout=\u00bbdark\u00bb]<\/p>\n<h1>Tem\u00e1ticas<\/h1>\n<p>[\/et_pb_text][\/et_pb_column][\/et_pb_row][\/et_pb_section][et_pb_section fb_built=\u00bb1&#8243; _builder_version=\u00bb3.22&#8243;][et_pb_row _builder_version=\u00bb3.25&#8243; background_size=\u00bbinitial\u00bb background_position=\u00bbtop_left\u00bb background_repeat=\u00bbrepeat\u00bb][et_pb_column type=\u00bb4_4&#8243; _builder_version=\u00bb3.25&#8243; custom_padding=\u00bb|||\u00bb custom_padding__hover=\u00bb|||\u00bb][et_pb_text _builder_version=\u00bb4.9.7&#8243; background_size=\u00bbinitial\u00bb background_position=\u00bbtop_left\u00bb background_repeat=\u00bbrepeat\u00bb hover_enabled=\u00bb0&#8243; sticky_enabled=\u00bb0&#8243;]<\/p>\n<h2>Familia<\/h2>\n<p>El escritor ingl\u00e9s aporta una visi\u00f3n sapiencial de la familia. De la valoraci\u00f3n tan grande que ten\u00eda de ella sali\u00f3 en su defensa contra las teor\u00edas y las pr\u00e1cticas que la perjudicaban. As\u00ed, luch\u00f3 contra las tesis eugen\u00e9sicas que ya se iban imponiendo en Inglaterra a principios del siglo XX, denunciando la injerencia del gobierno en asuntos privados. Incluso Chesterton proclama: \u201csi queremos conservar la familia, debemos revolucionar la naci\u00f3n\u201d (<em>Lo que est\u00e1 mal en el mundo)<\/em>. Y pide conservar la libertad intr\u00ednseca de la familia: \u201cla familia es la piedar a de toque de la libertad; porque la familia es la \u00fanica cosa que el hombre libre hace para s\u00ed mismo y por s\u00ed mismo\u201d (<em>The New Witness, <\/em>1919).<\/p>\n<h2>Hombre com\u00fan<\/h2>\n<p>En su \u00e9poca se desarrollaban filosof\u00edas de la aristocracia que muchas veces despreciaban el sentido com\u00fan de la gente corriente, la visi\u00f3n del hombre de a pie. Chesterton tuvo que combatir esas filosof\u00edas, por ejemplo,\u00a0 las que defend\u00edan H. G Wells, G. B. Shaw y Nietzsche. Por el contrario, Chesterton propone \u201cama[r] y respeta[r] profundamente al hombre com\u00fan y a las cosas corrientes\u201d (<em>San Francisco de As\u00eds)<\/em>, y tambi\u00e9n ayudar a que \u201clos hombres corrientes fueran corrientes con una alegr\u00eda extraordinaria\u201d (<em>San Francisco de As\u00eds<\/em>). Esto no significa que se volvieran del mont\u00f3n, sino, m\u00e1s bien, que vivieran con alma sencilla su llamada a la plenitud.<\/p>\n<h2>Democracia<\/h2>\n<p>La democracia en Chesterton se basa en el aut\u00e9ntico reconocimiento de toda persona, de que todos tienen la palabra. Chesterton llega a hablar de <em>reverencia <\/em>al hombre com\u00fan y a la percataci\u00f3n de que toda persona es sagrada. Adem\u00e1s, esto se ve acompa\u00f1ado por un tipo de emoci\u00f3n democr\u00e1tica que consiste en sentir que se podr\u00eda pertenecer a una \u201cnaci\u00f3n de reyes\u201d (<em>Heretics<\/em>)<em>. <\/em>Pues, \u201cla verdadera democracia consiste en declarar que toda silla es un trono\u201d \u00a0(<em>On Running after One<\/em><em>\u2019<\/em><em>s Hat and Other Whimsies<\/em>).<\/p>\n<h2>Distributismo<\/h2>\n<p>El proyecto intelectual de Gilbert Keith Chesterton en el \u00e1mbito de la econom\u00eda se enmarca en el contexto pol\u00edtico, econ\u00f3mico y social de la Europa de la segunda revoluci\u00f3n industrial. Es un contexto condicionado por el auge del movimiento obrero \u00a0(y por la expansi\u00f3n del ideario socialista y anarquista) como respuesta a las p\u00e9simas condiciones de vida y de trabajo de las ciudades industriales europeas. A partir de la enc\u00edclica <em>Rerum Novarum <\/em>(en que el Papa Le\u00f3n XIII fija la posici\u00f3n oficial de la Iglesia Cat\u00f3lica en relaci\u00f3n a la \u201ccuesti\u00f3n obrera\u201d) Chesterton e Hilaire Belloc proponen el <em>Distributismo<\/em> como un sistema econ\u00f3mico alternativo tanto al capitalismo como al socialismo. Atendiendo a la formulaci\u00f3n propia de <em>Rerum Novarum<\/em> en que se condena el socialismo y se reconoce la propiedad privada a la vez que se compele a los cat\u00f3licos (y a los gobernantes) a velar por el bien com\u00fan y la protecci\u00f3n de la dignidad de la persona, el <em>Distributismo<\/em> pretende fundamentalmente que la propiedad de los medios de producci\u00f3n est\u00e9 en la medida de lo posible distribuida entre el m\u00e1ximo de personas o, como dice Chesterton, \u201cdemasiado capitalismo no quiere decir demasiados capitalistas sino demasiados pocos capitalistas\u201d.<\/p>\n<h2>Tradici\u00f3n vs modernidad<\/h2>\n<p>Chesterton cree profundamente en la tradici\u00f3n. Pero de una forma muy particular. A prop\u00f3sito de esta cuesti\u00f3n, afirma Boyd que Chesterton, aunque fuese abiertamente defensor de la tradici\u00f3n y cr\u00edtico de la modernidad, sin embargo, \u201chab\u00eda encontrado una manera de interpretar la vida moderna bajo una luz positiva como una revelaci\u00f3n en marcha de verdades religiosas\u201d (<em>Chesterton &amp; Orthodoxy<\/em>). Justamente, el concepto de \u201ctradici\u00f3n\u201d en Chesterton no era la adoraci\u00f3n del pasado, sino la transmisi\u00f3n de lo que est\u00e1 m\u00e1s arraigado en la vida. Y su antimodernidad, tal como lo expresa Antu\u00f1ano, critica el solipsismo idealista y materialista del proyecto ilustrado, hacia una b\u00fasqueda de la trascendencia tal como lo mostraba la filosof\u00eda medieval, especialmente la de Santo Tom\u00e1s. Con todo, su idea no era volver atr\u00e1s en el tiempo, sino renovar una y otra vez en su \u201cmodernidad\u201d, como lo expresa metaf\u00f3ricamente Chesterton, el poste de la luz para que siga alumbrando convenientemente.[\/et_pb_text][\/et_pb_column][\/et_pb_row][\/et_pb_section]<\/p>\n","protected":false},"excerpt":{"rendered":"<p>Tem\u00e1ticasFamilia El escritor ingl\u00e9s aporta una visi\u00f3n sapiencial de la familia. De la valoraci\u00f3n tan grande que ten\u00eda de ella sali\u00f3 en su defensa contra las teor\u00edas y las pr\u00e1cticas [&hellip;]<\/p>\n","protected":false},"author":1,"featured_media":0,"parent":1285,"menu_order":0,"comment_status":"closed","ping_status":"closed","template":"","meta":{"_et_pb_use_builder":"on","_et_pb_old_content":"","_et_gb_content_width":"","footnotes":""},"class_list":["post-1324","page","type-page","status-publish","hentry"],"yoast_head":"<!-- This site is optimized with the Yoast SEO plugin v25.3 - https:\/\/yoast.com\/wordpress\/plugins\/seo\/ -->\n<title>Tem\u00e1ticas - Centro de Estudios y Documentaci\u00f3n G. K. Chesterton<\/title>\n<meta name=\"robots\" content=\"index, follow, max-snippet:-1, max-image-preview:large, max-video-preview:-1\" \/>\n<link rel=\"canonical\" href=\"https:\/\/cedgkchesterton.cat\/lhome-que-fou-g-k-chesterton\/tematiques\/\" \/>\n<meta property=\"og:locale\" content=\"es_ES\" \/>\n<meta property=\"og:type\" content=\"article\" \/>\n<meta property=\"og:title\" content=\"Tem\u00e1ticas - Centro de Estudios y Documentaci\u00f3n G. K. Chesterton\" \/>\n<meta property=\"og:description\" content=\"Tem\u00e1ticasFamilia El escritor ingl\u00e9s aporta una visi\u00f3n sapiencial de la familia. De la valoraci\u00f3n tan grande que ten\u00eda de ella sali\u00f3 en su defensa contra las teor\u00edas y las pr\u00e1cticas [&hellip;]\" \/>\n<meta property=\"og:url\" content=\"https:\/\/cedgkchesterton.cat\/lhome-que-fou-g-k-chesterton\/tematiques\/\" \/>\n<meta property=\"og:site_name\" content=\"Centro de Estudios y Documentaci\u00f3n G. K. Chesterton\" \/>\n<meta property=\"article:modified_time\" content=\"2022-02-07T10:34:47+00:00\" \/>\n<meta name=\"twitter:card\" content=\"summary_large_image\" \/>\n<meta name=\"twitter:label1\" content=\"Tiempo de lectura\" \/>\n\t<meta name=\"twitter:data1\" content=\"4 minutos\" \/>\n<script type=\"application\/ld+json\" class=\"yoast-schema-graph\">{\"@context\":\"https:\/\/schema.org\",\"@graph\":[{\"@type\":\"WebPage\",\"@id\":\"https:\/\/cedgkchesterton.cat\/lhome-que-fou-g-k-chesterton\/tematiques\/\",\"url\":\"https:\/\/cedgkchesterton.cat\/lhome-que-fou-g-k-chesterton\/tematiques\/\",\"name\":\"Tem\u00e1ticas - Centro de Estudios y Documentaci\u00f3n G. K. Chesterton\",\"isPartOf\":{\"@id\":\"https:\/\/cedgkchesterton.cat\/#website\"},\"datePublished\":\"2020-12-16T14:15:10+00:00\",\"dateModified\":\"2022-02-07T10:34:47+00:00\",\"breadcrumb\":{\"@id\":\"https:\/\/cedgkchesterton.cat\/lhome-que-fou-g-k-chesterton\/tematiques\/#breadcrumb\"},\"inLanguage\":\"es\",\"potentialAction\":[{\"@type\":\"ReadAction\",\"target\":[\"https:\/\/cedgkchesterton.cat\/lhome-que-fou-g-k-chesterton\/tematiques\/\"]}]},{\"@type\":\"BreadcrumbList\",\"@id\":\"https:\/\/cedgkchesterton.cat\/lhome-que-fou-g-k-chesterton\/tematiques\/#breadcrumb\",\"itemListElement\":[{\"@type\":\"ListItem\",\"position\":1,\"name\":\"Inici\",\"item\":\"https:\/\/cedgkchesterton.cat\/\"},{\"@type\":\"ListItem\",\"position\":2,\"name\":\"El hombre que fue G. K. Chesterton\",\"item\":\"https:\/\/cedgkchesterton.cat\/lhome-que-fou-g-k-chesterton\/\"},{\"@type\":\"ListItem\",\"position\":3,\"name\":\"Tem\u00e1ticas\"}]},{\"@type\":\"WebSite\",\"@id\":\"https:\/\/cedgkchesterton.cat\/#website\",\"url\":\"https:\/\/cedgkchesterton.cat\/\",\"name\":\"Centro de Estudios y Documentaci\u00f3n G. K. Chesterton\",\"description\":\"Estudi i divulgaci\u00f3 de l\u2019obra de Chesterton\",\"publisher\":{\"@id\":\"https:\/\/cedgkchesterton.cat\/#organization\"},\"potentialAction\":[{\"@type\":\"SearchAction\",\"target\":{\"@type\":\"EntryPoint\",\"urlTemplate\":\"https:\/\/cedgkchesterton.cat\/?s={search_term_string}\"},\"query-input\":{\"@type\":\"PropertyValueSpecification\",\"valueRequired\":true,\"valueName\":\"search_term_string\"}}],\"inLanguage\":\"es\"},{\"@type\":\"Organization\",\"@id\":\"https:\/\/cedgkchesterton.cat\/#organization\",\"name\":\"Centro de Estudios y Documentaci\u00f3n G. K. Chesterton\",\"url\":\"https:\/\/cedgkchesterton.cat\/\",\"logo\":{\"@type\":\"ImageObject\",\"inLanguage\":\"es\",\"@id\":\"https:\/\/cedgkchesterton.cat\/#\/schema\/logo\/image\/\",\"url\":\"https:\/\/cedgkchesterton.cat\/wp-content\/uploads\/2020\/09\/CEDGKC_logo.jpg\",\"contentUrl\":\"https:\/\/cedgkchesterton.cat\/wp-content\/uploads\/2020\/09\/CEDGKC_logo.jpg\",\"width\":492,\"height\":233,\"caption\":\"Centro de Estudios y Documentaci\u00f3n G. K. Chesterton\"},\"image\":{\"@id\":\"https:\/\/cedgkchesterton.cat\/#\/schema\/logo\/image\/\"}}]}<\/script>\n<!-- \/ Yoast SEO plugin. -->","yoast_head_json":{"title":"Tem\u00e1ticas - Centro de Estudios y Documentaci\u00f3n G. K. Chesterton","robots":{"index":"index","follow":"follow","max-snippet":"max-snippet:-1","max-image-preview":"max-image-preview:large","max-video-preview":"max-video-preview:-1"},"canonical":"https:\/\/cedgkchesterton.cat\/lhome-que-fou-g-k-chesterton\/tematiques\/","og_locale":"es_ES","og_type":"article","og_title":"Tem\u00e1ticas - Centro de Estudios y Documentaci\u00f3n G. K. Chesterton","og_description":"Tem\u00e1ticasFamilia El escritor ingl\u00e9s aporta una visi\u00f3n sapiencial de la familia. De la valoraci\u00f3n tan grande que ten\u00eda de ella sali\u00f3 en su defensa contra las teor\u00edas y las pr\u00e1cticas [&hellip;]","og_url":"https:\/\/cedgkchesterton.cat\/lhome-que-fou-g-k-chesterton\/tematiques\/","og_site_name":"Centro de Estudios y Documentaci\u00f3n G. K. Chesterton","article_modified_time":"2022-02-07T10:34:47+00:00","twitter_card":"summary_large_image","twitter_misc":{"Tiempo de lectura":"4 minutos"},"schema":{"@context":"https:\/\/schema.org","@graph":[{"@type":"WebPage","@id":"https:\/\/cedgkchesterton.cat\/lhome-que-fou-g-k-chesterton\/tematiques\/","url":"https:\/\/cedgkchesterton.cat\/lhome-que-fou-g-k-chesterton\/tematiques\/","name":"Tem\u00e1ticas - Centro de Estudios y Documentaci\u00f3n G. K. Chesterton","isPartOf":{"@id":"https:\/\/cedgkchesterton.cat\/#website"},"datePublished":"2020-12-16T14:15:10+00:00","dateModified":"2022-02-07T10:34:47+00:00","breadcrumb":{"@id":"https:\/\/cedgkchesterton.cat\/lhome-que-fou-g-k-chesterton\/tematiques\/#breadcrumb"},"inLanguage":"es","potentialAction":[{"@type":"ReadAction","target":["https:\/\/cedgkchesterton.cat\/lhome-que-fou-g-k-chesterton\/tematiques\/"]}]},{"@type":"BreadcrumbList","@id":"https:\/\/cedgkchesterton.cat\/lhome-que-fou-g-k-chesterton\/tematiques\/#breadcrumb","itemListElement":[{"@type":"ListItem","position":1,"name":"Inici","item":"https:\/\/cedgkchesterton.cat\/"},{"@type":"ListItem","position":2,"name":"El hombre que fue G. K. Chesterton","item":"https:\/\/cedgkchesterton.cat\/lhome-que-fou-g-k-chesterton\/"},{"@type":"ListItem","position":3,"name":"Tem\u00e1ticas"}]},{"@type":"WebSite","@id":"https:\/\/cedgkchesterton.cat\/#website","url":"https:\/\/cedgkchesterton.cat\/","name":"Centro de Estudios y Documentaci\u00f3n G. K. Chesterton","description":"Estudi i divulgaci\u00f3 de l\u2019obra de Chesterton","publisher":{"@id":"https:\/\/cedgkchesterton.cat\/#organization"},"potentialAction":[{"@type":"SearchAction","target":{"@type":"EntryPoint","urlTemplate":"https:\/\/cedgkchesterton.cat\/?s={search_term_string}"},"query-input":{"@type":"PropertyValueSpecification","valueRequired":true,"valueName":"search_term_string"}}],"inLanguage":"es"},{"@type":"Organization","@id":"https:\/\/cedgkchesterton.cat\/#organization","name":"Centro de Estudios y Documentaci\u00f3n G. K. Chesterton","url":"https:\/\/cedgkchesterton.cat\/","logo":{"@type":"ImageObject","inLanguage":"es","@id":"https:\/\/cedgkchesterton.cat\/#\/schema\/logo\/image\/","url":"https:\/\/cedgkchesterton.cat\/wp-content\/uploads\/2020\/09\/CEDGKC_logo.jpg","contentUrl":"https:\/\/cedgkchesterton.cat\/wp-content\/uploads\/2020\/09\/CEDGKC_logo.jpg","width":492,"height":233,"caption":"Centro de Estudios y Documentaci\u00f3n G. K. Chesterton"},"image":{"@id":"https:\/\/cedgkchesterton.cat\/#\/schema\/logo\/image\/"}}]}},"_links":{"self":[{"href":"https:\/\/cedgkchesterton.cat\/es\/wp-json\/wp\/v2\/pages\/1324","targetHints":{"allow":["GET"]}}],"collection":[{"href":"https:\/\/cedgkchesterton.cat\/es\/wp-json\/wp\/v2\/pages"}],"about":[{"href":"https:\/\/cedgkchesterton.cat\/es\/wp-json\/wp\/v2\/types\/page"}],"author":[{"embeddable":true,"href":"https:\/\/cedgkchesterton.cat\/es\/wp-json\/wp\/v2\/users\/1"}],"replies":[{"embeddable":true,"href":"https:\/\/cedgkchesterton.cat\/es\/wp-json\/wp\/v2\/comments?post=1324"}],"version-history":[{"count":3,"href":"https:\/\/cedgkchesterton.cat\/es\/wp-json\/wp\/v2\/pages\/1324\/revisions"}],"predecessor-version":[{"id":1671,"href":"https:\/\/cedgkchesterton.cat\/es\/wp-json\/wp\/v2\/pages\/1324\/revisions\/1671"}],"up":[{"embeddable":true,"href":"https:\/\/cedgkchesterton.cat\/es\/wp-json\/wp\/v2\/pages\/1285"}],"wp:attachment":[{"href":"https:\/\/cedgkchesterton.cat\/es\/wp-json\/wp\/v2\/media?parent=1324"}],"curies":[{"name":"wp","href":"https:\/\/api.w.org\/{rel}","templated":true}]}}