{"id":1330,"date":"2020-12-16T16:12:13","date_gmt":"2020-12-16T14:12:13","guid":{"rendered":"https:\/\/cedgkchesterton.cat\/el-hombre-que-fue-g-k-chesterton\/espais-de-g-k-chesterton\/"},"modified":"2021-06-08T11:09:19","modified_gmt":"2021-06-08T09:09:19","slug":"espacios-de-g-k-chesterton","status":"publish","type":"page","link":"https:\/\/cedgkchesterton.cat\/es\/el-hombre-que-fue-g-k-chesterton\/espacios-de-g-k-chesterton\/","title":{"rendered":"Espacios"},"content":{"rendered":"<p>[et_pb_section fb_built=\u00bb1&#8243; _builder_version=\u00bb4.4.8&#8243; background_color=\u00bb#004225&#8243; background_color_gradient_direction=\u00bb239deg\u00bb custom_padding=\u00bb0px||0px||false|false\u00bb][et_pb_row _builder_version=\u00bb4.4.8&#8243; custom_padding=\u00bb9px||5px||false|false\u00bb][et_pb_column type=\u00bb4_4&#8243; _builder_version=\u00bb4.4.8&#8243; custom_padding=\u00bb||||false|false\u00bb][et_pb_text _builder_version=\u00bb4.9.4&#8243; background_layout=\u00bbdark\u00bb hover_enabled=\u00bb0&#8243; sticky_enabled=\u00bb0&#8243;]<\/p>\n<h1>Espacios<\/h1>\n<p>[\/et_pb_text][\/et_pb_column][\/et_pb_row][\/et_pb_section][et_pb_section fb_built=\u00bb1&#8243; _builder_version=\u00bb3.22&#8243;][et_pb_row _builder_version=\u00bb3.25&#8243; background_size=\u00bbinitial\u00bb background_position=\u00bbtop_left\u00bb background_repeat=\u00bbrepeat\u00bb][et_pb_column type=\u00bb4_4&#8243; _builder_version=\u00bb3.25&#8243; custom_padding=\u00bb|||\u00bb custom_padding__hover=\u00bb|||\u00bb][et_pb_text _builder_version=\u00bb4.9.4&#8243; background_size=\u00bbinitial\u00bb background_position=\u00bbtop_left\u00bb background_repeat=\u00bbrepeat\u00bb hover_enabled=\u00bb0&#8243; sticky_enabled=\u00bb0&#8243;]<\/p>\n<h2>Beaconsfield<\/h2>\n<p>Los muchos compromisos, la fren\u00e9tica actividad literaria, period\u00edstica y p\u00fablica, pero, sobre todo, la atm\u00f3sfera bohemia y desmesurada alrededor de las tabernas, pubs y restaurantes de Fleet Street llevaron Frances, en 1909, a trasladarse con Gilbert del domicilio de Battersea a Beaconsfield. Esta villa a unos 40 kil\u00f3metros al noroeste de Londres est\u00e1 conectada por ferrocarril con la City. Chesterton hac\u00eda el trayecto en tren desde Beaconsfield Station hasta la estaci\u00f3n londinense de Marylebone. Alquilaron una casa, Overroads, y posteriormente adquirieron la parcela de delante. Primero construyeron un gran estudio donde celebraban fiestas en Navidad con los hijos de sus amigos. El a\u00f1o 1922 se trasladaron a la nueva casa, Top Meadow, anexa al estudio. Ese mismo a\u00f1o, en la sala del hotel Railway, se convirti\u00f3 formalmente al catolicismo. La aportaci\u00f3n econ\u00f3mica de los Chesterton hizo posible la construcci\u00f3n de St. Teresa\u2019s Catholic Church en Beaconsfield. En el Shephers Lane Cemetery de esta villa est\u00e1n enterrados juntos Gilbert, Frances y su ahijada Dorothy Collins que fue su \u00faltima secretaria.<\/p>\n<h2>Londres<\/h2>\n<div id=\"attachment_1174\" style=\"width: 610px\" class=\"wp-caption alignnone\"><img loading=\"lazy\" decoding=\"async\" aria-describedby=\"caption-attachment-1174\" class=\"wp-image-1174 size-full\" src=\"https:\/\/cedgkchesterton.cat\/wp-content\/uploads\/2021\/04\/Fleet_Street_1906_fot-e1618828059187.jpg\" alt=\"\" width=\"600\" height=\"450\" \/><p id=\"caption-attachment-1174\" class=\"wp-caption-text\">Fleet Street<\/p><\/div>\n<p>La ciudad de Londres est\u00e1 estrechamente vinculada a la vida y a la obra de Chesterton: su barrio de la ni\u00f1ez Campden Hill y los dos hogares familiares de Sheffield Terrace y Warwick Gardens, en Kensington, donde vivi\u00f3 hasta que se cas\u00f3. <em>Overstrand Mansions<\/em>, en Battersea, fue su domicilio de casado hasta que se trasladaron con Frances a Beaconsfield. Fleet Street, sede de las redacciones de los principales diarios londinenses, era el lugar donde Gilbert pasaba todo el d\u00eda, leyendo, escribiendo y discutiendo con amigos y periodistas en las tabernas o pubs. Otros lugares muy frecuentados son los teatros, salas, iglesias y asociaciones literarias, culturales o religiosas donde participaba en conferencias, meetings, actos y debates. Entre sus novelas, <em>The Napoleon of Notting Hill<\/em> (1904), <em>The Man Who Was Thursday: A Nightmare<\/em> (1908) y <em>The Baile and the Cross<\/em> (1909) sit\u00faan la acci\u00f3n en espacios londinenses. En 1906 escribi\u00f3 la introducci\u00f3n del libro <em>Literary London<\/em>, de E. M. Lang, y public\u00f3 <em>London<\/em>, en edici\u00f3n privada, el 1914.<\/p>\n<h2>Inglaterra<\/h2>\n<p>Chesterton viaj\u00f3 mucho por su pa\u00eds. Desde las vacaciones familiares con sus padres durante su adolescencia, de casado con Frances, hasta los compromisos de actividades p\u00fablicas para dar conferencias y participar en debates, as\u00ed como su presencia en actos p\u00fablicos, meetings, campa\u00f1as electorales pol\u00edticas o elecciones a rector universitario, lo llevaron a recorrer gran parte del territorio ingl\u00e9s. Gilbert tambi\u00e9n viaj\u00f3 a ciudades importantes de Inglaterra para el despliegue y la actividad de la Distributist League. Visit\u00f3 en varias ocasiones Irlanda y Escocia.<\/p>\n<h2>Catalu\u00f1a<\/h2>\n<p>Chesterton realiz\u00f3 dos estancias en Catalu\u00f1a, de car\u00e1cter muy diferente. La primera, en mayo de 1926, organizada por la secci\u00f3n catalana del PEN Club, es la oficial, la m\u00e1s importante. Tuvo una notable repercusi\u00f3n en la prensa y en los c\u00edrculos culturales y literarios de la \u00e9poca, y una destacada presencia en la ciudad de Barcelona: en la Universidad, en el Ateneo, en los caf\u00e9s, en los quioscos y librer\u00edas, en la Rambla. La segunda, en1935, que tambi\u00e9n tuvo lugar en primavera, es una estancia para descansar, refugiado en Sitges para disfrutar del paisaje mediterr\u00e1neo, escribir, pasear, y olvidarse por unas semanas de los innumerables compromisos que lo abrumaban.<\/p>\n<h2>Viajes<\/h2>\n<p>A lo largo de su vida Chesterton hizo muchos viajes, tanto por Inglaterra como en el extranjero. Se pueden agrupar de tres maneras: Los viajes familiares y de car\u00e1cter privado que van desde su adolescencia, durante las vacaciones de verano por varios lugares de Inglaterra, continuando con los viajes con su padre Edward a Francia y a Italia y, ya casado, viajando con Frances y Dorothy Collins. El segundo grupo comprende los viajes relacionados con su actividad p\u00fablica por Inglaterra, Irlanda y Escocia. Incluyen conferencias, actos, debates, meetings, elecciones a rector universitario, campa\u00f1as electorales pol\u00edticas, el despliegue de la Distributist League y Congresos religiosos. Finalmente, como la popularidad y el reconocimiento de Chesterton y de su obra se extendi\u00f3 tambi\u00e9n al extranjero, visit\u00f3 una docena de pa\u00edses europeos, algunos de ellos dos o tres veces, adem\u00e1s de Tierra Santa, Egipto, Canad\u00e1 y dos tours por Am\u00e9rica.<\/p>\n<p>[\/et_pb_text][\/et_pb_column][\/et_pb_row][\/et_pb_section]<\/p>\n","protected":false},"excerpt":{"rendered":"<p>EspaciosBeaconsfield Los muchos compromisos, la fren\u00e9tica actividad literaria, period\u00edstica y p\u00fablica, pero, sobre todo, la atm\u00f3sfera bohemia y desmesurada alrededor de las tabernas, pubs y restaurantes de Fleet Street llevaron [&hellip;]<\/p>\n","protected":false},"author":1,"featured_media":0,"parent":1285,"menu_order":0,"comment_status":"closed","ping_status":"closed","template":"","meta":{"_et_pb_use_builder":"on","_et_pb_old_content":"","_et_gb_content_width":"","footnotes":""},"class_list":["post-1330","page","type-page","status-publish","hentry"],"yoast_head":"<!-- This site is optimized with the Yoast SEO plugin v25.3 - https:\/\/yoast.com\/wordpress\/plugins\/seo\/ -->\n<title>Espacios - Centro de Estudios y Documentaci\u00f3n G. K. Chesterton<\/title>\n<meta name=\"robots\" content=\"index, follow, max-snippet:-1, max-image-preview:large, max-video-preview:-1\" \/>\n<link rel=\"canonical\" href=\"https:\/\/cedgkchesterton.cat\/lhome-que-fou-g-k-chesterton\/espais-de-g-k-chesterton\/\" \/>\n<meta property=\"og:locale\" content=\"es_ES\" \/>\n<meta property=\"og:type\" content=\"article\" \/>\n<meta property=\"og:title\" content=\"Espacios - Centro de Estudios y Documentaci\u00f3n G. K. Chesterton\" \/>\n<meta property=\"og:description\" content=\"EspaciosBeaconsfield Los muchos compromisos, la fren\u00e9tica actividad literaria, period\u00edstica y p\u00fablica, pero, sobre todo, la atm\u00f3sfera bohemia y desmesurada alrededor de las tabernas, pubs y restaurantes de Fleet Street llevaron [&hellip;]\" \/>\n<meta property=\"og:url\" content=\"https:\/\/cedgkchesterton.cat\/lhome-que-fou-g-k-chesterton\/espais-de-g-k-chesterton\/\" \/>\n<meta property=\"og:site_name\" content=\"Centro de Estudios y Documentaci\u00f3n G. K. Chesterton\" \/>\n<meta property=\"article:modified_time\" content=\"2021-06-08T09:09:19+00:00\" \/>\n<meta property=\"og:image\" content=\"https:\/\/cedgkchesterton.cat\/wp-content\/uploads\/2021\/04\/Fleet_Street_1906_fot-e1618828059187.jpg\" \/>\n<meta name=\"twitter:card\" content=\"summary_large_image\" \/>\n<meta name=\"twitter:label1\" content=\"Tiempo de lectura\" \/>\n\t<meta name=\"twitter:data1\" content=\"4 minutos\" \/>\n<script type=\"application\/ld+json\" class=\"yoast-schema-graph\">{\"@context\":\"https:\/\/schema.org\",\"@graph\":[{\"@type\":\"WebPage\",\"@id\":\"https:\/\/cedgkchesterton.cat\/lhome-que-fou-g-k-chesterton\/espais-de-g-k-chesterton\/\",\"url\":\"https:\/\/cedgkchesterton.cat\/lhome-que-fou-g-k-chesterton\/espais-de-g-k-chesterton\/\",\"name\":\"Espacios - Centro de Estudios y Documentaci\u00f3n G. K. Chesterton\",\"isPartOf\":{\"@id\":\"https:\/\/cedgkchesterton.cat\/#website\"},\"primaryImageOfPage\":{\"@id\":\"https:\/\/cedgkchesterton.cat\/lhome-que-fou-g-k-chesterton\/espais-de-g-k-chesterton\/#primaryimage\"},\"image\":{\"@id\":\"https:\/\/cedgkchesterton.cat\/lhome-que-fou-g-k-chesterton\/espais-de-g-k-chesterton\/#primaryimage\"},\"thumbnailUrl\":\"https:\/\/cedgkchesterton.cat\/wp-content\/uploads\/2021\/04\/Fleet_Street_1906_fot-e1618828059187.jpg\",\"datePublished\":\"2020-12-16T14:12:13+00:00\",\"dateModified\":\"2021-06-08T09:09:19+00:00\",\"breadcrumb\":{\"@id\":\"https:\/\/cedgkchesterton.cat\/lhome-que-fou-g-k-chesterton\/espais-de-g-k-chesterton\/#breadcrumb\"},\"inLanguage\":\"es\",\"potentialAction\":[{\"@type\":\"ReadAction\",\"target\":[\"https:\/\/cedgkchesterton.cat\/lhome-que-fou-g-k-chesterton\/espais-de-g-k-chesterton\/\"]}]},{\"@type\":\"ImageObject\",\"inLanguage\":\"es\",\"@id\":\"https:\/\/cedgkchesterton.cat\/lhome-que-fou-g-k-chesterton\/espais-de-g-k-chesterton\/#primaryimage\",\"url\":\"https:\/\/cedgkchesterton.cat\/wp-content\/uploads\/2021\/04\/Fleet_Street_1906_fot-e1618828059187.jpg\",\"contentUrl\":\"https:\/\/cedgkchesterton.cat\/wp-content\/uploads\/2021\/04\/Fleet_Street_1906_fot-e1618828059187.jpg\"},{\"@type\":\"BreadcrumbList\",\"@id\":\"https:\/\/cedgkchesterton.cat\/lhome-que-fou-g-k-chesterton\/espais-de-g-k-chesterton\/#breadcrumb\",\"itemListElement\":[{\"@type\":\"ListItem\",\"position\":1,\"name\":\"Inici\",\"item\":\"https:\/\/cedgkchesterton.cat\/\"},{\"@type\":\"ListItem\",\"position\":2,\"name\":\"El hombre que fue G. K. Chesterton\",\"item\":\"https:\/\/cedgkchesterton.cat\/lhome-que-fou-g-k-chesterton\/\"},{\"@type\":\"ListItem\",\"position\":3,\"name\":\"Espacios\"}]},{\"@type\":\"WebSite\",\"@id\":\"https:\/\/cedgkchesterton.cat\/#website\",\"url\":\"https:\/\/cedgkchesterton.cat\/\",\"name\":\"Centro de Estudios y Documentaci\u00f3n G. K. Chesterton\",\"description\":\"Estudi i divulgaci\u00f3 de l\u2019obra de Chesterton\",\"publisher\":{\"@id\":\"https:\/\/cedgkchesterton.cat\/#organization\"},\"potentialAction\":[{\"@type\":\"SearchAction\",\"target\":{\"@type\":\"EntryPoint\",\"urlTemplate\":\"https:\/\/cedgkchesterton.cat\/?s={search_term_string}\"},\"query-input\":{\"@type\":\"PropertyValueSpecification\",\"valueRequired\":true,\"valueName\":\"search_term_string\"}}],\"inLanguage\":\"es\"},{\"@type\":\"Organization\",\"@id\":\"https:\/\/cedgkchesterton.cat\/#organization\",\"name\":\"Centro de Estudios y Documentaci\u00f3n G. K. Chesterton\",\"url\":\"https:\/\/cedgkchesterton.cat\/\",\"logo\":{\"@type\":\"ImageObject\",\"inLanguage\":\"es\",\"@id\":\"https:\/\/cedgkchesterton.cat\/#\/schema\/logo\/image\/\",\"url\":\"https:\/\/cedgkchesterton.cat\/wp-content\/uploads\/2020\/09\/CEDGKC_logo.jpg\",\"contentUrl\":\"https:\/\/cedgkchesterton.cat\/wp-content\/uploads\/2020\/09\/CEDGKC_logo.jpg\",\"width\":492,\"height\":233,\"caption\":\"Centro de Estudios y Documentaci\u00f3n G. K. Chesterton\"},\"image\":{\"@id\":\"https:\/\/cedgkchesterton.cat\/#\/schema\/logo\/image\/\"}}]}<\/script>\n<!-- \/ Yoast SEO plugin. -->","yoast_head_json":{"title":"Espacios - Centro de Estudios y Documentaci\u00f3n G. K. Chesterton","robots":{"index":"index","follow":"follow","max-snippet":"max-snippet:-1","max-image-preview":"max-image-preview:large","max-video-preview":"max-video-preview:-1"},"canonical":"https:\/\/cedgkchesterton.cat\/lhome-que-fou-g-k-chesterton\/espais-de-g-k-chesterton\/","og_locale":"es_ES","og_type":"article","og_title":"Espacios - Centro de Estudios y Documentaci\u00f3n G. K. Chesterton","og_description":"EspaciosBeaconsfield Los muchos compromisos, la fren\u00e9tica actividad literaria, period\u00edstica y p\u00fablica, pero, sobre todo, la atm\u00f3sfera bohemia y desmesurada alrededor de las tabernas, pubs y restaurantes de Fleet Street llevaron [&hellip;]","og_url":"https:\/\/cedgkchesterton.cat\/lhome-que-fou-g-k-chesterton\/espais-de-g-k-chesterton\/","og_site_name":"Centro de Estudios y Documentaci\u00f3n G. K. Chesterton","article_modified_time":"2021-06-08T09:09:19+00:00","og_image":[{"url":"https:\/\/cedgkchesterton.cat\/wp-content\/uploads\/2021\/04\/Fleet_Street_1906_fot-e1618828059187.jpg","type":"","width":"","height":""}],"twitter_card":"summary_large_image","twitter_misc":{"Tiempo de lectura":"4 minutos"},"schema":{"@context":"https:\/\/schema.org","@graph":[{"@type":"WebPage","@id":"https:\/\/cedgkchesterton.cat\/lhome-que-fou-g-k-chesterton\/espais-de-g-k-chesterton\/","url":"https:\/\/cedgkchesterton.cat\/lhome-que-fou-g-k-chesterton\/espais-de-g-k-chesterton\/","name":"Espacios - Centro de Estudios y Documentaci\u00f3n G. K. Chesterton","isPartOf":{"@id":"https:\/\/cedgkchesterton.cat\/#website"},"primaryImageOfPage":{"@id":"https:\/\/cedgkchesterton.cat\/lhome-que-fou-g-k-chesterton\/espais-de-g-k-chesterton\/#primaryimage"},"image":{"@id":"https:\/\/cedgkchesterton.cat\/lhome-que-fou-g-k-chesterton\/espais-de-g-k-chesterton\/#primaryimage"},"thumbnailUrl":"https:\/\/cedgkchesterton.cat\/wp-content\/uploads\/2021\/04\/Fleet_Street_1906_fot-e1618828059187.jpg","datePublished":"2020-12-16T14:12:13+00:00","dateModified":"2021-06-08T09:09:19+00:00","breadcrumb":{"@id":"https:\/\/cedgkchesterton.cat\/lhome-que-fou-g-k-chesterton\/espais-de-g-k-chesterton\/#breadcrumb"},"inLanguage":"es","potentialAction":[{"@type":"ReadAction","target":["https:\/\/cedgkchesterton.cat\/lhome-que-fou-g-k-chesterton\/espais-de-g-k-chesterton\/"]}]},{"@type":"ImageObject","inLanguage":"es","@id":"https:\/\/cedgkchesterton.cat\/lhome-que-fou-g-k-chesterton\/espais-de-g-k-chesterton\/#primaryimage","url":"https:\/\/cedgkchesterton.cat\/wp-content\/uploads\/2021\/04\/Fleet_Street_1906_fot-e1618828059187.jpg","contentUrl":"https:\/\/cedgkchesterton.cat\/wp-content\/uploads\/2021\/04\/Fleet_Street_1906_fot-e1618828059187.jpg"},{"@type":"BreadcrumbList","@id":"https:\/\/cedgkchesterton.cat\/lhome-que-fou-g-k-chesterton\/espais-de-g-k-chesterton\/#breadcrumb","itemListElement":[{"@type":"ListItem","position":1,"name":"Inici","item":"https:\/\/cedgkchesterton.cat\/"},{"@type":"ListItem","position":2,"name":"El hombre que fue G. K. Chesterton","item":"https:\/\/cedgkchesterton.cat\/lhome-que-fou-g-k-chesterton\/"},{"@type":"ListItem","position":3,"name":"Espacios"}]},{"@type":"WebSite","@id":"https:\/\/cedgkchesterton.cat\/#website","url":"https:\/\/cedgkchesterton.cat\/","name":"Centro de Estudios y Documentaci\u00f3n G. K. Chesterton","description":"Estudi i divulgaci\u00f3 de l\u2019obra de Chesterton","publisher":{"@id":"https:\/\/cedgkchesterton.cat\/#organization"},"potentialAction":[{"@type":"SearchAction","target":{"@type":"EntryPoint","urlTemplate":"https:\/\/cedgkchesterton.cat\/?s={search_term_string}"},"query-input":{"@type":"PropertyValueSpecification","valueRequired":true,"valueName":"search_term_string"}}],"inLanguage":"es"},{"@type":"Organization","@id":"https:\/\/cedgkchesterton.cat\/#organization","name":"Centro de Estudios y Documentaci\u00f3n G. K. Chesterton","url":"https:\/\/cedgkchesterton.cat\/","logo":{"@type":"ImageObject","inLanguage":"es","@id":"https:\/\/cedgkchesterton.cat\/#\/schema\/logo\/image\/","url":"https:\/\/cedgkchesterton.cat\/wp-content\/uploads\/2020\/09\/CEDGKC_logo.jpg","contentUrl":"https:\/\/cedgkchesterton.cat\/wp-content\/uploads\/2020\/09\/CEDGKC_logo.jpg","width":492,"height":233,"caption":"Centro de Estudios y Documentaci\u00f3n G. K. Chesterton"},"image":{"@id":"https:\/\/cedgkchesterton.cat\/#\/schema\/logo\/image\/"}}]}},"_links":{"self":[{"href":"https:\/\/cedgkchesterton.cat\/es\/wp-json\/wp\/v2\/pages\/1330","targetHints":{"allow":["GET"]}}],"collection":[{"href":"https:\/\/cedgkchesterton.cat\/es\/wp-json\/wp\/v2\/pages"}],"about":[{"href":"https:\/\/cedgkchesterton.cat\/es\/wp-json\/wp\/v2\/types\/page"}],"author":[{"embeddable":true,"href":"https:\/\/cedgkchesterton.cat\/es\/wp-json\/wp\/v2\/users\/1"}],"replies":[{"embeddable":true,"href":"https:\/\/cedgkchesterton.cat\/es\/wp-json\/wp\/v2\/comments?post=1330"}],"version-history":[{"count":2,"href":"https:\/\/cedgkchesterton.cat\/es\/wp-json\/wp\/v2\/pages\/1330\/revisions"}],"predecessor-version":[{"id":1333,"href":"https:\/\/cedgkchesterton.cat\/es\/wp-json\/wp\/v2\/pages\/1330\/revisions\/1333"}],"up":[{"embeddable":true,"href":"https:\/\/cedgkchesterton.cat\/es\/wp-json\/wp\/v2\/pages\/1285"}],"wp:attachment":[{"href":"https:\/\/cedgkchesterton.cat\/es\/wp-json\/wp\/v2\/media?parent=1330"}],"curies":[{"name":"wp","href":"https:\/\/api.w.org\/{rel}","templated":true}]}}