{"id":1340,"date":"2020-12-16T16:30:40","date_gmt":"2020-12-16T14:30:40","guid":{"rendered":"https:\/\/cedgkchesterton.cat\/el-hombre-que-fue-g-k-chesterton\/g-k-chesterton-a-catalunya\/"},"modified":"2021-06-08T11:14:38","modified_gmt":"2021-06-08T09:14:38","slug":"g-k-chesterton-en-cataluna","status":"publish","type":"page","link":"https:\/\/cedgkchesterton.cat\/es\/el-hombre-que-fue-g-k-chesterton\/g-k-chesterton-en-cataluna\/","title":{"rendered":"G. K. Chesterton en Catalu\u00f1a"},"content":{"rendered":"<p>[et_pb_section fb_built=\u00bb1&#8243; _builder_version=\u00bb4.4.8&#8243; background_color=\u00bb#004225&#8243; background_color_gradient_direction=\u00bb239deg\u00bb custom_padding=\u00bb0px||0px||false|false\u00bb][et_pb_row _builder_version=\u00bb4.4.8&#8243; custom_padding=\u00bb9px||5px||false|false\u00bb][et_pb_column type=\u00bb4_4&#8243; _builder_version=\u00bb4.4.8&#8243; custom_padding=\u00bb||||false|false\u00bb][et_pb_text _builder_version=\u00bb4.9.4&#8243; background_layout=\u00bbdark\u00bb hover_enabled=\u00bb0&#8243; sticky_enabled=\u00bb0&#8243;]<\/p>\n<h1>Chesterton en Catalu\u00f1a<\/h1>\n<p>[\/et_pb_text][\/et_pb_column][\/et_pb_row][\/et_pb_section][et_pb_section fb_built=\u00bb1&#8243; _builder_version=\u00bb3.22&#8243;][et_pb_row _builder_version=\u00bb3.25&#8243; background_size=\u00bbinitial\u00bb background_position=\u00bbtop_left\u00bb background_repeat=\u00bbrepeat\u00bb][et_pb_column type=\u00bb4_4&#8243; _builder_version=\u00bb3.25&#8243; custom_padding=\u00bb|||\u00bb custom_padding__hover=\u00bb|||\u00bb][et_pb_text _builder_version=\u00bb4.9.4&#8243; background_size=\u00bbinitial\u00bb background_position=\u00bbtop_left\u00bb background_repeat=\u00bbrepeat\u00bb hover_enabled=\u00bb0&#8243; sticky_enabled=\u00bb0&#8243;]<\/p>\n<p>Gilbert y Frances realizaron dos estancias en Catalu\u00f1a. La primera en mayo de 1926 y la segunda en 1935, tambi\u00e9n en primavera.<\/p>\n<h2>Periodo anterior a la estancia de 1926<\/h2>\n<p>Chesterton empez\u00f3 a ser conocido en Catalu\u00f1a durante los a\u00f1os de la Primera Guerra Mundial, como periodista activo y pol\u00e9mico en la campa\u00f1a aliad\u00f3fila, con la columna semanal de la <em>Illustrated London News<\/em><em>.<\/em> Y, poco despu\u00e9s, por su visi\u00f3n sobre la cuesti\u00f3n irlandesa. En el semanario <em>Iberia<\/em> publicado en Barcelona, Antoni Rovira i Virgili se hac\u00eda eco de su compromiso aliad\u00f3filo y el poeta Josep M. L\u00f3pez-Pic\u00f3, en <em>La Revista<\/em>, publicaba art\u00edculos de Chesterton sobre la campa\u00f1a antigerm\u00e1nica y sobre Irlanda dedic\u00e1ndole un cap\u00edtulo al op\u00fasculo sobre <em>Escriptors extrangers contemporanis<\/em> (1918). Desde la secci\u00f3n catalana del PEN Club se hizo un primer intento de invitar al escritor en la primavera de 1924.<\/p>\n<h2>Estancia de 1926<\/h2>\n<p style=\"text-align: right;\"><img loading=\"lazy\" decoding=\"async\" class=\"wp-image-1273 alignnone size-full\" src=\"https:\/\/cedgkchesterton.cat\/wp-content\/uploads\/2021\/06\/chesterton-a-catalunya-E-C-Ricart.jpg\" alt=\" J. M. Junoy i G. K. Chesterton (E. C. Ricart)\" width=\"1200\" height=\"907\" srcset=\"https:\/\/cedgkchesterton.cat\/wp-content\/uploads\/2021\/06\/chesterton-a-catalunya-E-C-Ricart.jpg 1200w, https:\/\/cedgkchesterton.cat\/wp-content\/uploads\/2021\/06\/chesterton-a-catalunya-E-C-Ricart-980x741.jpg 980w, https:\/\/cedgkchesterton.cat\/wp-content\/uploads\/2021\/06\/chesterton-a-catalunya-E-C-Ricart-480x363.jpg 480w\" sizes=\"(min-width: 0px) and (max-width: 480px) 480px, (min-width: 481px) and (max-width: 980px) 980px, (min-width: 981px) 1200px, 100vw\" \/><br \/>J. M. Junoy y G. K. Chesterton (E. C. Ricart)<\/p>\n<p>La primera estancia del escritor en Catalu\u00f1a se produjo durante el mes de mayo y principios de junio de 1926, invitado por la secci\u00f3n catalana del PEN Club. Lleg\u00f3 acompa\u00f1ado de su esposa y de una sobrina, Rodha Bastable. El anfitri\u00f3n de la visita fue el poeta y escritor Josep M. Junoy. Se aloj\u00f3 en el Hotel Majestic del Paseo de Gracia y fue muy bien recibido por la prensa y los escritores, que le organizaron una cena de homenaje en el Hotel Ritz. Josep M. de Sagarra hizo entonces un retrato magn\u00edfico mientras cenaban. Dio una conferencia en la Universidad Literaria de Barcelona; se le vio paseando por La Rambla, siempre con un fajo de diarios bajo el brazo; visit\u00f3 el Ateneu Barcelon\u00e9s y la Librer\u00eda Americana del antiguo pasaje de La Virreina. Aprovech\u00f3 para realizar una breve estancia en Sitges y visit\u00f3 Vilanova i la Geltr\u00fa y Tarragona.<\/p>\n<h2>Periodo entre estancias (1926-1935)<\/h2>\n<p>Durante estos a\u00f1os se produce la difusi\u00f3n m\u00e1s importante del escritor en Catalu\u00f1a fruto, en parte, de su primera estancia. Con el impulso de Josep M. Junoy -anfitri\u00f3n de la primera visita-, y desde <em>La Nova Revista<\/em>, contando con la activa participaci\u00f3n de Pau Romeva, se inicia una campa\u00f1a de \u201cchestertonizaci\u00f3n\u201d, con una secci\u00f3n dedicada a los \u201cAmics de Chesterton\u201d en la revista y el proyecto de editar sus obras en catal\u00e1n. Continu\u00f3 esta labor el diario cat\u00f3lico <em>El mat\u00ed<\/em>, desde el que Pau Romeva divulg\u00f3 la doctrina social de Chesterton definida con el nombre de distributismo. Se publicaron <em>L\u2019<\/em><em>home perdurable <\/em>(1927, trad. M. Manent), <em>Her\u00e8<\/em><em>tics<\/em> (1928) i <em>All<\/em><em>\u00f2 que no est\u00e0 b\u00e9<\/em> (1929), traducidas por Pau Romeva. En homenaje al escritor, fallecido en junio de 1936, se public\u00f3 en un volumen de los <em>Quaderns Literaris,<\/em> <em>L\u2019home que fou dijous<\/em> (trad. Pau Romeva). El estallido de la guerra civil y la dictadura franquista pusieron fin al proyecto de divulgaci\u00f3n de la obra de Chesterton en catal\u00e1n.<\/p>\n<h2>Estancia en 1935<\/h2>\n<p>La segunda estancia de Chesterton en Sitges tuvo lugar durante la primavera de 1935. Chesterton ten\u00eda que participar en una conferencia en el Maggio Fiorentino, en la capital de la Toscana. Aprovecharon el viaje en coche, que conduc\u00eda Dorothy Collins, para descansar en la costa catalana. Cruzando la frontera, pasando por Girona y despu\u00e9s por Barcelona, decidieron instalarse en Sitges. Se alojaron en el antiguo hotel Subur. A la salud precaria de Frances le favorec\u00eda el sol y el clima mediterr\u00e1neo y Gilbert pod\u00eda descansar de su labor como director del <em>G. K.\u2019<\/em><em>s Weekly<\/em>, de las colaboraciones period\u00edsticas y de los numerosos compromisos p\u00fablicos. Retomaron el viaje hac\u00eda Italia pasando por la costa azul francesa.<\/p>\n<h2>Guerra civil y dictadura franquista (1936-1976)<\/h2>\n<p>Durante los a\u00f1os de la dictadura se retomaron en Barcelona las ediciones de la obra de Chesterton en castellano gracias a la iniciativa de Josep Jan\u00e9s, que public\u00f3 dentro de \u201cLos cl\u00e1sicos del siglo XX\u201d el volumen de <em>Obras completas<\/em> (de hecho, fue una obra seleccionada, realizada con la colaboraci\u00f3n de varios traductores). Bajo el pseud\u00f3nimo de Ram\u00f3n Setant\u00ed, Maurici Serrahima public\u00f3 en 1941, tambi\u00e9n de Jan\u00e9s (\u201cLas Quintaesencias\u201d), una magn\u00edfica selecci\u00f3n de textos de Chesterton, precedida de una introducci\u00f3n en que glosa la persona, el pensamiento, el estilo sugerente del escritor y el car\u00e1cter org\u00e1nico de su obra. En 1974, con motivo del centenario del nacimiento de Chesterton, el m\u00e9dico psiquiatra D\u00eddac Perellada public\u00f3 un <em>Recordatorio a Chesterton<\/em> (en P\u00f2rtic, con pr\u00f3logo de Octavi Saltor) y Jordi Gal\u00ed, <em>El compromiso pol\u00edtico de los hermanos Chesterton<\/em> (Nova Terra).<\/p>\n<h2>Desde la transici\u00f3n democr\u00e1tica (1975-2019)<\/h2>\n<p>La traducci\u00f3n de obras de Chesterton, sobre todo al castellano, se ha incrementado sustancialmente en este periodo, gracias a la iniciativa de Jaume Vallcorba que ha publicado desde Acantilado la obra ensay\u00edstica, empezando con la <em>Autobiograf\u00eda<\/em> (trad. Olivia de Miguel; Premio \u00c1ngel Crespo de traducci\u00f3n 2005), de la cual han aparecido hasta ahora ocho ediciones; desde Quaderns Crema se rescat\u00f3 la traducci\u00f3n de Pau Romeva de <em>l\u2019Home que fou dijous<\/em> (2005). Otras editoriales catalanas y valencianas se han sumado a la divulgaci\u00f3n de la ficci\u00f3n (Bromera, Laertes) y del ensayo (Pag\u00e8s; Viena \u2013 Fundaci\u00f3 Joan Maragall ha publicado una selecci\u00f3n de textos), hasta la reciente publicaci\u00f3n de la primera novela conocida del escritor, <em>El Napole<\/em><em>\u00f3<\/em><em> de Notting Hill<\/em> (Univers, 2019; trad. Josep Pelfort con pr\u00f3logo de David Fern\u00e0ndez).<\/p>\n<p>[\/et_pb_text][\/et_pb_column][\/et_pb_row][\/et_pb_section]<\/p>\n","protected":false},"excerpt":{"rendered":"<p>Chesterton en Catalu\u00f1aGilbert y Frances realizaron dos estancias en Catalu\u00f1a. La primera en mayo de 1926 y la segunda en 1935, tambi\u00e9n en primavera. Periodo anterior a la estancia de [&hellip;]<\/p>\n","protected":false},"author":1,"featured_media":0,"parent":1285,"menu_order":0,"comment_status":"closed","ping_status":"closed","template":"","meta":{"_et_pb_use_builder":"on","_et_pb_old_content":"","_et_gb_content_width":"","footnotes":""},"class_list":["post-1340","page","type-page","status-publish","hentry"],"yoast_head":"<!-- This site is optimized with the Yoast SEO plugin v25.3 - https:\/\/yoast.com\/wordpress\/plugins\/seo\/ -->\n<title>G. K. Chesterton en Catalu\u00f1a - Centro de Estudios y Documentaci\u00f3n G. K. Chesterton<\/title>\n<meta name=\"robots\" content=\"index, follow, max-snippet:-1, max-image-preview:large, max-video-preview:-1\" \/>\n<link rel=\"canonical\" href=\"https:\/\/cedgkchesterton.cat\/lhome-que-fou-g-k-chesterton\/g-k-chesterton-a-catalunya\/\" \/>\n<meta property=\"og:locale\" content=\"es_ES\" \/>\n<meta property=\"og:type\" content=\"article\" \/>\n<meta property=\"og:title\" content=\"G. K. Chesterton en Catalu\u00f1a - Centro de Estudios y Documentaci\u00f3n G. K. Chesterton\" \/>\n<meta property=\"og:description\" content=\"Chesterton en Catalu\u00f1aGilbert y Frances realizaron dos estancias en Catalu\u00f1a. La primera en mayo de 1926 y la segunda en 1935, tambi\u00e9n en primavera. Periodo anterior a la estancia de [&hellip;]\" \/>\n<meta property=\"og:url\" content=\"https:\/\/cedgkchesterton.cat\/lhome-que-fou-g-k-chesterton\/g-k-chesterton-a-catalunya\/\" \/>\n<meta property=\"og:site_name\" content=\"Centro de Estudios y Documentaci\u00f3n G. K. Chesterton\" \/>\n<meta property=\"article:modified_time\" content=\"2021-06-08T09:14:38+00:00\" \/>\n<meta property=\"og:image\" content=\"https:\/\/cedgkchesterton.cat\/wp-content\/uploads\/2021\/06\/chesterton-a-catalunya-E-C-Ricart.jpg\" \/>\n<meta name=\"twitter:card\" content=\"summary_large_image\" \/>\n<meta name=\"twitter:label1\" content=\"Tiempo de lectura\" \/>\n\t<meta name=\"twitter:data1\" content=\"5 minutos\" \/>\n<script type=\"application\/ld+json\" class=\"yoast-schema-graph\">{\"@context\":\"https:\/\/schema.org\",\"@graph\":[{\"@type\":\"WebPage\",\"@id\":\"https:\/\/cedgkchesterton.cat\/lhome-que-fou-g-k-chesterton\/g-k-chesterton-a-catalunya\/\",\"url\":\"https:\/\/cedgkchesterton.cat\/lhome-que-fou-g-k-chesterton\/g-k-chesterton-a-catalunya\/\",\"name\":\"G. K. Chesterton en Catalu\u00f1a - Centro de Estudios y Documentaci\u00f3n G. K. Chesterton\",\"isPartOf\":{\"@id\":\"https:\/\/cedgkchesterton.cat\/#website\"},\"primaryImageOfPage\":{\"@id\":\"https:\/\/cedgkchesterton.cat\/lhome-que-fou-g-k-chesterton\/g-k-chesterton-a-catalunya\/#primaryimage\"},\"image\":{\"@id\":\"https:\/\/cedgkchesterton.cat\/lhome-que-fou-g-k-chesterton\/g-k-chesterton-a-catalunya\/#primaryimage\"},\"thumbnailUrl\":\"https:\/\/cedgkchesterton.cat\/wp-content\/uploads\/2021\/06\/chesterton-a-catalunya-E-C-Ricart.jpg\",\"datePublished\":\"2020-12-16T14:30:40+00:00\",\"dateModified\":\"2021-06-08T09:14:38+00:00\",\"breadcrumb\":{\"@id\":\"https:\/\/cedgkchesterton.cat\/lhome-que-fou-g-k-chesterton\/g-k-chesterton-a-catalunya\/#breadcrumb\"},\"inLanguage\":\"es\",\"potentialAction\":[{\"@type\":\"ReadAction\",\"target\":[\"https:\/\/cedgkchesterton.cat\/lhome-que-fou-g-k-chesterton\/g-k-chesterton-a-catalunya\/\"]}]},{\"@type\":\"ImageObject\",\"inLanguage\":\"es\",\"@id\":\"https:\/\/cedgkchesterton.cat\/lhome-que-fou-g-k-chesterton\/g-k-chesterton-a-catalunya\/#primaryimage\",\"url\":\"https:\/\/cedgkchesterton.cat\/wp-content\/uploads\/2021\/06\/chesterton-a-catalunya-E-C-Ricart.jpg\",\"contentUrl\":\"https:\/\/cedgkchesterton.cat\/wp-content\/uploads\/2021\/06\/chesterton-a-catalunya-E-C-Ricart.jpg\"},{\"@type\":\"BreadcrumbList\",\"@id\":\"https:\/\/cedgkchesterton.cat\/lhome-que-fou-g-k-chesterton\/g-k-chesterton-a-catalunya\/#breadcrumb\",\"itemListElement\":[{\"@type\":\"ListItem\",\"position\":1,\"name\":\"Inici\",\"item\":\"https:\/\/cedgkchesterton.cat\/\"},{\"@type\":\"ListItem\",\"position\":2,\"name\":\"El hombre que fue G. K. Chesterton\",\"item\":\"https:\/\/cedgkchesterton.cat\/lhome-que-fou-g-k-chesterton\/\"},{\"@type\":\"ListItem\",\"position\":3,\"name\":\"G. K. Chesterton en Catalu\u00f1a\"}]},{\"@type\":\"WebSite\",\"@id\":\"https:\/\/cedgkchesterton.cat\/#website\",\"url\":\"https:\/\/cedgkchesterton.cat\/\",\"name\":\"Centro de Estudios y Documentaci\u00f3n G. K. Chesterton\",\"description\":\"Estudi i divulgaci\u00f3 de l\u2019obra de Chesterton\",\"publisher\":{\"@id\":\"https:\/\/cedgkchesterton.cat\/#organization\"},\"potentialAction\":[{\"@type\":\"SearchAction\",\"target\":{\"@type\":\"EntryPoint\",\"urlTemplate\":\"https:\/\/cedgkchesterton.cat\/?s={search_term_string}\"},\"query-input\":{\"@type\":\"PropertyValueSpecification\",\"valueRequired\":true,\"valueName\":\"search_term_string\"}}],\"inLanguage\":\"es\"},{\"@type\":\"Organization\",\"@id\":\"https:\/\/cedgkchesterton.cat\/#organization\",\"name\":\"Centro de Estudios y Documentaci\u00f3n G. K. Chesterton\",\"url\":\"https:\/\/cedgkchesterton.cat\/\",\"logo\":{\"@type\":\"ImageObject\",\"inLanguage\":\"es\",\"@id\":\"https:\/\/cedgkchesterton.cat\/#\/schema\/logo\/image\/\",\"url\":\"https:\/\/cedgkchesterton.cat\/wp-content\/uploads\/2020\/09\/CEDGKC_logo.jpg\",\"contentUrl\":\"https:\/\/cedgkchesterton.cat\/wp-content\/uploads\/2020\/09\/CEDGKC_logo.jpg\",\"width\":492,\"height\":233,\"caption\":\"Centro de Estudios y Documentaci\u00f3n G. K. Chesterton\"},\"image\":{\"@id\":\"https:\/\/cedgkchesterton.cat\/#\/schema\/logo\/image\/\"}}]}<\/script>\n<!-- \/ Yoast SEO plugin. -->","yoast_head_json":{"title":"G. K. Chesterton en Catalu\u00f1a - Centro de Estudios y Documentaci\u00f3n G. K. Chesterton","robots":{"index":"index","follow":"follow","max-snippet":"max-snippet:-1","max-image-preview":"max-image-preview:large","max-video-preview":"max-video-preview:-1"},"canonical":"https:\/\/cedgkchesterton.cat\/lhome-que-fou-g-k-chesterton\/g-k-chesterton-a-catalunya\/","og_locale":"es_ES","og_type":"article","og_title":"G. K. Chesterton en Catalu\u00f1a - Centro de Estudios y Documentaci\u00f3n G. K. Chesterton","og_description":"Chesterton en Catalu\u00f1aGilbert y Frances realizaron dos estancias en Catalu\u00f1a. La primera en mayo de 1926 y la segunda en 1935, tambi\u00e9n en primavera. Periodo anterior a la estancia de [&hellip;]","og_url":"https:\/\/cedgkchesterton.cat\/lhome-que-fou-g-k-chesterton\/g-k-chesterton-a-catalunya\/","og_site_name":"Centro de Estudios y Documentaci\u00f3n G. K. Chesterton","article_modified_time":"2021-06-08T09:14:38+00:00","og_image":[{"url":"https:\/\/cedgkchesterton.cat\/wp-content\/uploads\/2021\/06\/chesterton-a-catalunya-E-C-Ricart.jpg","type":"","width":"","height":""}],"twitter_card":"summary_large_image","twitter_misc":{"Tiempo de lectura":"5 minutos"},"schema":{"@context":"https:\/\/schema.org","@graph":[{"@type":"WebPage","@id":"https:\/\/cedgkchesterton.cat\/lhome-que-fou-g-k-chesterton\/g-k-chesterton-a-catalunya\/","url":"https:\/\/cedgkchesterton.cat\/lhome-que-fou-g-k-chesterton\/g-k-chesterton-a-catalunya\/","name":"G. K. Chesterton en Catalu\u00f1a - Centro de Estudios y Documentaci\u00f3n G. K. Chesterton","isPartOf":{"@id":"https:\/\/cedgkchesterton.cat\/#website"},"primaryImageOfPage":{"@id":"https:\/\/cedgkchesterton.cat\/lhome-que-fou-g-k-chesterton\/g-k-chesterton-a-catalunya\/#primaryimage"},"image":{"@id":"https:\/\/cedgkchesterton.cat\/lhome-que-fou-g-k-chesterton\/g-k-chesterton-a-catalunya\/#primaryimage"},"thumbnailUrl":"https:\/\/cedgkchesterton.cat\/wp-content\/uploads\/2021\/06\/chesterton-a-catalunya-E-C-Ricart.jpg","datePublished":"2020-12-16T14:30:40+00:00","dateModified":"2021-06-08T09:14:38+00:00","breadcrumb":{"@id":"https:\/\/cedgkchesterton.cat\/lhome-que-fou-g-k-chesterton\/g-k-chesterton-a-catalunya\/#breadcrumb"},"inLanguage":"es","potentialAction":[{"@type":"ReadAction","target":["https:\/\/cedgkchesterton.cat\/lhome-que-fou-g-k-chesterton\/g-k-chesterton-a-catalunya\/"]}]},{"@type":"ImageObject","inLanguage":"es","@id":"https:\/\/cedgkchesterton.cat\/lhome-que-fou-g-k-chesterton\/g-k-chesterton-a-catalunya\/#primaryimage","url":"https:\/\/cedgkchesterton.cat\/wp-content\/uploads\/2021\/06\/chesterton-a-catalunya-E-C-Ricart.jpg","contentUrl":"https:\/\/cedgkchesterton.cat\/wp-content\/uploads\/2021\/06\/chesterton-a-catalunya-E-C-Ricart.jpg"},{"@type":"BreadcrumbList","@id":"https:\/\/cedgkchesterton.cat\/lhome-que-fou-g-k-chesterton\/g-k-chesterton-a-catalunya\/#breadcrumb","itemListElement":[{"@type":"ListItem","position":1,"name":"Inici","item":"https:\/\/cedgkchesterton.cat\/"},{"@type":"ListItem","position":2,"name":"El hombre que fue G. K. Chesterton","item":"https:\/\/cedgkchesterton.cat\/lhome-que-fou-g-k-chesterton\/"},{"@type":"ListItem","position":3,"name":"G. K. Chesterton en Catalu\u00f1a"}]},{"@type":"WebSite","@id":"https:\/\/cedgkchesterton.cat\/#website","url":"https:\/\/cedgkchesterton.cat\/","name":"Centro de Estudios y Documentaci\u00f3n G. K. Chesterton","description":"Estudi i divulgaci\u00f3 de l\u2019obra de Chesterton","publisher":{"@id":"https:\/\/cedgkchesterton.cat\/#organization"},"potentialAction":[{"@type":"SearchAction","target":{"@type":"EntryPoint","urlTemplate":"https:\/\/cedgkchesterton.cat\/?s={search_term_string}"},"query-input":{"@type":"PropertyValueSpecification","valueRequired":true,"valueName":"search_term_string"}}],"inLanguage":"es"},{"@type":"Organization","@id":"https:\/\/cedgkchesterton.cat\/#organization","name":"Centro de Estudios y Documentaci\u00f3n G. K. Chesterton","url":"https:\/\/cedgkchesterton.cat\/","logo":{"@type":"ImageObject","inLanguage":"es","@id":"https:\/\/cedgkchesterton.cat\/#\/schema\/logo\/image\/","url":"https:\/\/cedgkchesterton.cat\/wp-content\/uploads\/2020\/09\/CEDGKC_logo.jpg","contentUrl":"https:\/\/cedgkchesterton.cat\/wp-content\/uploads\/2020\/09\/CEDGKC_logo.jpg","width":492,"height":233,"caption":"Centro de Estudios y Documentaci\u00f3n G. K. Chesterton"},"image":{"@id":"https:\/\/cedgkchesterton.cat\/#\/schema\/logo\/image\/"}}]}},"_links":{"self":[{"href":"https:\/\/cedgkchesterton.cat\/es\/wp-json\/wp\/v2\/pages\/1340","targetHints":{"allow":["GET"]}}],"collection":[{"href":"https:\/\/cedgkchesterton.cat\/es\/wp-json\/wp\/v2\/pages"}],"about":[{"href":"https:\/\/cedgkchesterton.cat\/es\/wp-json\/wp\/v2\/types\/page"}],"author":[{"embeddable":true,"href":"https:\/\/cedgkchesterton.cat\/es\/wp-json\/wp\/v2\/users\/1"}],"replies":[{"embeddable":true,"href":"https:\/\/cedgkchesterton.cat\/es\/wp-json\/wp\/v2\/comments?post=1340"}],"version-history":[{"count":2,"href":"https:\/\/cedgkchesterton.cat\/es\/wp-json\/wp\/v2\/pages\/1340\/revisions"}],"predecessor-version":[{"id":1343,"href":"https:\/\/cedgkchesterton.cat\/es\/wp-json\/wp\/v2\/pages\/1340\/revisions\/1343"}],"up":[{"embeddable":true,"href":"https:\/\/cedgkchesterton.cat\/es\/wp-json\/wp\/v2\/pages\/1285"}],"wp:attachment":[{"href":"https:\/\/cedgkchesterton.cat\/es\/wp-json\/wp\/v2\/media?parent=1340"}],"curies":[{"name":"wp","href":"https:\/\/api.w.org\/{rel}","templated":true}]}}