{"id":1350,"date":"2020-06-25T10:37:02","date_gmt":"2020-06-25T08:37:02","guid":{"rendered":"https:\/\/cedgkchesterton.cat\/guia\/"},"modified":"2021-06-08T11:31:40","modified_gmt":"2021-06-08T09:31:40","slug":"guia","status":"publish","type":"page","link":"https:\/\/cedgkchesterton.cat\/es\/guia\/","title":{"rendered":"Gu\u00eda"},"content":{"rendered":"<p>[et_pb_section fb_built=\u00bb1&#8243; _builder_version=\u00bb4.4.8&#8243; background_color=\u00bb#004225&#8243; background_color_gradient_direction=\u00bb239deg\u00bb custom_padding=\u00bb0px||0px||false|false\u00bb][et_pb_row _builder_version=\u00bb4.4.8&#8243; custom_padding=\u00bb9px||5px||false|false\u00bb][et_pb_column type=\u00bb4_4&#8243; _builder_version=\u00bb4.4.8&#8243; custom_padding=\u00bb||||false|false\u00bb][et_pb_text _builder_version=\u00bb4.9.4&#8243; background_layout=\u00bbdark\u00bb hover_enabled=\u00bb0&#8243; sticky_enabled=\u00bb0&#8243;]<\/p>\n<h1>La p\u00e1gina web del CEDGKC<\/h1>\n<p>[\/et_pb_text][\/et_pb_column][\/et_pb_row][\/et_pb_section][et_pb_section fb_built=\u00bb1&#8243; _builder_version=\u00bb3.22&#8243;][et_pb_row _builder_version=\u00bb3.25&#8243; background_size=\u00bbinitial\u00bb background_position=\u00bbtop_left\u00bb background_repeat=\u00bbrepeat\u00bb][et_pb_column type=\u00bb4_4&#8243; _builder_version=\u00bb3.25&#8243; custom_padding=\u00bb|||\u00bb custom_padding__hover=\u00bb|||\u00bb][et_pb_text _builder_version=\u00bb4.9.4&#8243; background_size=\u00bbinitial\u00bb background_position=\u00bbtop_left\u00bb background_repeat=\u00bbrepeat\u00bb hover_enabled=\u00bb0&#8243; sticky_enabled=\u00bb0&#8243;]La web del Centro de Estudios y Documentaci\u00f3n G. K. Chesterton (CEDGKC) se organiza atendiendo la estructura, las funciones y los objetivos de la entidad. Desde la pantalla de Inicio, el\/la usuario\/a puede acceder a los principales \u00e1mbitos de informaci\u00f3n que dan acceso a los datos del CEDGKC, a los datos sobre la vida, obra, pensamiento y contexto del escritor, y a los datos que gestiona la base de datos que incorpora los documentos de los fondos de archivo del Centro.<\/p>\n<p><strong>Hoja web CEDGKC<\/strong><\/p>\n<ul class=\"sense_marques\">\n<li><strong>Inicio<\/strong><\/li>\n<li><strong>Proyecto<\/strong>\n<ul>\n<li>Fundamentos<\/li>\n<li>Objetivos<\/li>\n<li>Servicios<\/li>\n<li>Actividades<\/li>\n<li>Equipo<\/li>\n<li>Una breve historia<\/li>\n<\/ul>\n<\/li>\n<li><strong>\u00a0G. K. Cheserton<\/strong>\n<ul>\n<li>El hombre que fue Chesterton\n<ul>\n<li>El hombre que fue Chesterton<\/li>\n<li>Vida<\/li>\n<li>Obra<\/li>\n<li>Bibliograf\u00eda de Chesterton<\/li>\n<li>Bibliograf\u00eda sobre Chesterton<\/li>\n<li>Bibliograf\u00eda de refer\u00e8ncia<\/li>\n<li>Pensamiento<\/li>\n<li>Religiosidad<\/li>\n<li>Tem\u00e1ticas<\/li>\n<li>Espacios<\/li>\n<li>Cronolog\u00eda<\/li>\n<\/ul>\n<\/li>\n<li>El mundo de Chesterton\n<ul>\n<li>Un mundo en transformaci\u00f3n (1715-1920)<\/li>\n<li>Del optimismo de la voluntad<\/li>\n<li>De la Europa convulsa<\/li>\n<li>Inglaterra, manifiesto del mundo industrial (1750-1920)<\/li>\n<li>Catalu\u00f1a (1840-1936)<\/li>\n<li>La Espa\u00f1a desmodada (1850-1931)<\/li>\n<li>Espiritualidad, idealismo y materialismo<\/li>\n<li>Del arte y de la literatura del s. XIX al XX<\/li>\n<\/ul>\n<\/li>\n<\/ul>\n<\/li>\n<li><strong>Chesterton enCatalu\u00f1a <\/strong><\/li>\n<li><strong>Centro de Estudios<\/strong>\n<ul>\n<li>Proyectos<\/li>\n<li>Asesoramiento<\/li>\n<li>Divulgaci\u00f3n<\/li>\n<li>Investigaci\u00f3n<\/li>\n<\/ul>\n<\/li>\n<li><strong>Centro de Documentaci\u00f3n<\/strong>\n<ul>\n<li>Gesti\u00f3n de los fondos documentales<\/li>\n<li>Cat\u00e1logo de los fondos documentales<\/li>\n<li>Buscadores de informaci\u00f3n<\/li>\n<li>Inventarios y gu\u00edas<\/li>\n<\/ul>\n<\/li>\n<li><strong>Contacto<\/strong><\/li>\n<li><strong>Ayuda<\/strong><\/li>\n<\/ul>\n<p>&nbsp;<\/p>\n<ul>\n<li><strong>Glosario<\/strong><\/li>\n<li><strong>Atlas y Timeline<\/strong>\n<ul>\n<li>Atlas\n<ul>\n<li>Infograf\u00edas<\/li>\n<li>Mapas<\/li>\n<\/ul>\n<\/li>\n<li>Timeline<\/li>\n<\/ul>\n<\/li>\n<li><strong>Cat\u00e1logos<\/strong><\/li>\n<li><strong>Galer\u00eda de im\u00e1genes<\/strong><\/li>\n<li><strong>B\u00fasquedas<\/strong><\/li>\n<li><strong>Recursos<\/strong><\/li>\n<\/ul>\n<p>[\/et_pb_text][\/et_pb_column][\/et_pb_row][\/et_pb_section]<\/p>\n","protected":false},"excerpt":{"rendered":"<p>La p\u00e1gina web del CEDGKCLa web del Centro de Estudios y Documentaci\u00f3n G. K. Chesterton (CEDGKC) se organiza atendiendo la estructura, las funciones y los objetivos de la entidad. Desde [&hellip;]<\/p>\n","protected":false},"author":1,"featured_media":0,"parent":0,"menu_order":0,"comment_status":"closed","ping_status":"closed","template":"","meta":{"_et_pb_use_builder":"on","_et_pb_old_content":"","_et_gb_content_width":"","footnotes":""},"class_list":["post-1350","page","type-page","status-publish","hentry"],"yoast_head":"<!-- This site is optimized with the Yoast SEO plugin v25.3 - https:\/\/yoast.com\/wordpress\/plugins\/seo\/ -->\n<title>Gu\u00eda - Centro de Estudios y Documentaci\u00f3n G. K. Chesterton<\/title>\n<meta name=\"robots\" content=\"index, follow, max-snippet:-1, max-image-preview:large, max-video-preview:-1\" \/>\n<link rel=\"canonical\" href=\"https:\/\/cedgkchesterton.cat\/guia\/\" \/>\n<meta property=\"og:locale\" content=\"es_ES\" \/>\n<meta property=\"og:type\" content=\"article\" \/>\n<meta property=\"og:title\" content=\"Gu\u00eda - Centro de Estudios y Documentaci\u00f3n G. K. Chesterton\" \/>\n<meta property=\"og:description\" content=\"La p\u00e1gina web del CEDGKCLa web del Centro de Estudios y Documentaci\u00f3n G. K. Chesterton (CEDGKC) se organiza atendiendo la estructura, las funciones y los objetivos de la entidad. Desde [&hellip;]\" \/>\n<meta property=\"og:url\" content=\"https:\/\/cedgkchesterton.cat\/guia\/\" \/>\n<meta property=\"og:site_name\" content=\"Centro de Estudios y Documentaci\u00f3n G. K. Chesterton\" \/>\n<meta property=\"article:modified_time\" content=\"2021-06-08T09:31:40+00:00\" \/>\n<meta name=\"twitter:card\" content=\"summary_large_image\" \/>\n<meta name=\"twitter:label1\" content=\"Tiempo de lectura\" \/>\n\t<meta name=\"twitter:data1\" content=\"2 minutos\" \/>\n<script type=\"application\/ld+json\" class=\"yoast-schema-graph\">{\"@context\":\"https:\/\/schema.org\",\"@graph\":[{\"@type\":\"WebPage\",\"@id\":\"https:\/\/cedgkchesterton.cat\/guia\/\",\"url\":\"https:\/\/cedgkchesterton.cat\/guia\/\",\"name\":\"Gu\u00eda - Centro de Estudios y Documentaci\u00f3n G. K. Chesterton\",\"isPartOf\":{\"@id\":\"https:\/\/cedgkchesterton.cat\/#website\"},\"datePublished\":\"2020-06-25T08:37:02+00:00\",\"dateModified\":\"2021-06-08T09:31:40+00:00\",\"breadcrumb\":{\"@id\":\"https:\/\/cedgkchesterton.cat\/guia\/#breadcrumb\"},\"inLanguage\":\"es\",\"potentialAction\":[{\"@type\":\"ReadAction\",\"target\":[\"https:\/\/cedgkchesterton.cat\/guia\/\"]}]},{\"@type\":\"BreadcrumbList\",\"@id\":\"https:\/\/cedgkchesterton.cat\/guia\/#breadcrumb\",\"itemListElement\":[{\"@type\":\"ListItem\",\"position\":1,\"name\":\"Inici\",\"item\":\"https:\/\/cedgkchesterton.cat\/\"},{\"@type\":\"ListItem\",\"position\":2,\"name\":\"Gu\u00eda\"}]},{\"@type\":\"WebSite\",\"@id\":\"https:\/\/cedgkchesterton.cat\/#website\",\"url\":\"https:\/\/cedgkchesterton.cat\/\",\"name\":\"Centro de Estudios y Documentaci\u00f3n G. K. Chesterton\",\"description\":\"Estudi i divulgaci\u00f3 de l\u2019obra de Chesterton\",\"publisher\":{\"@id\":\"https:\/\/cedgkchesterton.cat\/#organization\"},\"potentialAction\":[{\"@type\":\"SearchAction\",\"target\":{\"@type\":\"EntryPoint\",\"urlTemplate\":\"https:\/\/cedgkchesterton.cat\/?s={search_term_string}\"},\"query-input\":{\"@type\":\"PropertyValueSpecification\",\"valueRequired\":true,\"valueName\":\"search_term_string\"}}],\"inLanguage\":\"es\"},{\"@type\":\"Organization\",\"@id\":\"https:\/\/cedgkchesterton.cat\/#organization\",\"name\":\"Centro de Estudios y Documentaci\u00f3n G. K. Chesterton\",\"url\":\"https:\/\/cedgkchesterton.cat\/\",\"logo\":{\"@type\":\"ImageObject\",\"inLanguage\":\"es\",\"@id\":\"https:\/\/cedgkchesterton.cat\/#\/schema\/logo\/image\/\",\"url\":\"https:\/\/cedgkchesterton.cat\/wp-content\/uploads\/2020\/09\/CEDGKC_logo.jpg\",\"contentUrl\":\"https:\/\/cedgkchesterton.cat\/wp-content\/uploads\/2020\/09\/CEDGKC_logo.jpg\",\"width\":492,\"height\":233,\"caption\":\"Centro de Estudios y Documentaci\u00f3n G. K. Chesterton\"},\"image\":{\"@id\":\"https:\/\/cedgkchesterton.cat\/#\/schema\/logo\/image\/\"}}]}<\/script>\n<!-- \/ Yoast SEO plugin. -->","yoast_head_json":{"title":"Gu\u00eda - Centro de Estudios y Documentaci\u00f3n G. K. Chesterton","robots":{"index":"index","follow":"follow","max-snippet":"max-snippet:-1","max-image-preview":"max-image-preview:large","max-video-preview":"max-video-preview:-1"},"canonical":"https:\/\/cedgkchesterton.cat\/guia\/","og_locale":"es_ES","og_type":"article","og_title":"Gu\u00eda - Centro de Estudios y Documentaci\u00f3n G. K. Chesterton","og_description":"La p\u00e1gina web del CEDGKCLa web del Centro de Estudios y Documentaci\u00f3n G. K. Chesterton (CEDGKC) se organiza atendiendo la estructura, las funciones y los objetivos de la entidad. Desde [&hellip;]","og_url":"https:\/\/cedgkchesterton.cat\/guia\/","og_site_name":"Centro de Estudios y Documentaci\u00f3n G. K. Chesterton","article_modified_time":"2021-06-08T09:31:40+00:00","twitter_card":"summary_large_image","twitter_misc":{"Tiempo de lectura":"2 minutos"},"schema":{"@context":"https:\/\/schema.org","@graph":[{"@type":"WebPage","@id":"https:\/\/cedgkchesterton.cat\/guia\/","url":"https:\/\/cedgkchesterton.cat\/guia\/","name":"Gu\u00eda - Centro de Estudios y Documentaci\u00f3n G. K. Chesterton","isPartOf":{"@id":"https:\/\/cedgkchesterton.cat\/#website"},"datePublished":"2020-06-25T08:37:02+00:00","dateModified":"2021-06-08T09:31:40+00:00","breadcrumb":{"@id":"https:\/\/cedgkchesterton.cat\/guia\/#breadcrumb"},"inLanguage":"es","potentialAction":[{"@type":"ReadAction","target":["https:\/\/cedgkchesterton.cat\/guia\/"]}]},{"@type":"BreadcrumbList","@id":"https:\/\/cedgkchesterton.cat\/guia\/#breadcrumb","itemListElement":[{"@type":"ListItem","position":1,"name":"Inici","item":"https:\/\/cedgkchesterton.cat\/"},{"@type":"ListItem","position":2,"name":"Gu\u00eda"}]},{"@type":"WebSite","@id":"https:\/\/cedgkchesterton.cat\/#website","url":"https:\/\/cedgkchesterton.cat\/","name":"Centro de Estudios y Documentaci\u00f3n G. K. Chesterton","description":"Estudi i divulgaci\u00f3 de l\u2019obra de Chesterton","publisher":{"@id":"https:\/\/cedgkchesterton.cat\/#organization"},"potentialAction":[{"@type":"SearchAction","target":{"@type":"EntryPoint","urlTemplate":"https:\/\/cedgkchesterton.cat\/?s={search_term_string}"},"query-input":{"@type":"PropertyValueSpecification","valueRequired":true,"valueName":"search_term_string"}}],"inLanguage":"es"},{"@type":"Organization","@id":"https:\/\/cedgkchesterton.cat\/#organization","name":"Centro de Estudios y Documentaci\u00f3n G. K. Chesterton","url":"https:\/\/cedgkchesterton.cat\/","logo":{"@type":"ImageObject","inLanguage":"es","@id":"https:\/\/cedgkchesterton.cat\/#\/schema\/logo\/image\/","url":"https:\/\/cedgkchesterton.cat\/wp-content\/uploads\/2020\/09\/CEDGKC_logo.jpg","contentUrl":"https:\/\/cedgkchesterton.cat\/wp-content\/uploads\/2020\/09\/CEDGKC_logo.jpg","width":492,"height":233,"caption":"Centro de Estudios y Documentaci\u00f3n G. K. Chesterton"},"image":{"@id":"https:\/\/cedgkchesterton.cat\/#\/schema\/logo\/image\/"}}]}},"_links":{"self":[{"href":"https:\/\/cedgkchesterton.cat\/es\/wp-json\/wp\/v2\/pages\/1350","targetHints":{"allow":["GET"]}}],"collection":[{"href":"https:\/\/cedgkchesterton.cat\/es\/wp-json\/wp\/v2\/pages"}],"about":[{"href":"https:\/\/cedgkchesterton.cat\/es\/wp-json\/wp\/v2\/types\/page"}],"author":[{"embeddable":true,"href":"https:\/\/cedgkchesterton.cat\/es\/wp-json\/wp\/v2\/users\/1"}],"replies":[{"embeddable":true,"href":"https:\/\/cedgkchesterton.cat\/es\/wp-json\/wp\/v2\/comments?post=1350"}],"version-history":[{"count":2,"href":"https:\/\/cedgkchesterton.cat\/es\/wp-json\/wp\/v2\/pages\/1350\/revisions"}],"predecessor-version":[{"id":1353,"href":"https:\/\/cedgkchesterton.cat\/es\/wp-json\/wp\/v2\/pages\/1350\/revisions\/1353"}],"wp:attachment":[{"href":"https:\/\/cedgkchesterton.cat\/es\/wp-json\/wp\/v2\/media?parent=1350"}],"curies":[{"name":"wp","href":"https:\/\/api.w.org\/{rel}","templated":true}]}}