{"id":1397,"date":"2020-06-16T18:51:36","date_gmt":"2020-06-16T16:51:36","guid":{"rendered":"https:\/\/cedgkchesterton.cat\/atles-i-timeline\/"},"modified":"2021-06-11T15:14:50","modified_gmt":"2021-06-11T13:14:50","slug":"atlas-y-timeline","status":"publish","type":"page","link":"https:\/\/cedgkchesterton.cat\/es\/atlas-y-timeline\/","title":{"rendered":"Atlas y Timeline"},"content":{"rendered":"<p>[et_pb_section fb_built=\u00bb1&#8243; _builder_version=\u00bb4.4.8&#8243; background_color=\u00bb#004225&#8243; background_color_gradient_direction=\u00bb239deg\u00bb custom_padding=\u00bb0px||0px||false|false\u00bb][et_pb_row _builder_version=\u00bb4.4.8&#8243; custom_padding=\u00bb9px||5px||false|false\u00bb][et_pb_column type=\u00bb4_4&#8243; _builder_version=\u00bb4.4.8&#8243; custom_padding=\u00bb||||false|false\u00bb][et_pb_text _builder_version=\u00bb4.9.4&#8243; background_layout=\u00bbdark\u00bb]<\/p>\n<h1>Atlas y Timeline<\/h1>\n<p>[\/et_pb_text][\/et_pb_column][\/et_pb_row][\/et_pb_section][et_pb_section fb_built=\u00bb1&#8243; _builder_version=\u00bb4.4.8&#8243;][et_pb_row column_structure=\u00bb1_2,1_2&#8243; _builder_version=\u00bb4.4.8&#8243;][et_pb_column type=\u00bb1_2&#8243; _builder_version=\u00bb4.4.8&#8243;][et_pb_text _builder_version=\u00bb4.9.4&#8243; hover_enabled=\u00bb0&#8243; sticky_enabled=\u00bb0&#8243;]<\/p>\n<h2>Atlas<\/h2>\n<p>El Atlas GK Chesterton es una obra creada por CEDGKC que recoge mapas e infograf\u00edas elaborados a partir del estudio y el an\u00e1lisis de su vida, obra y pensamiento, en un contexto hist\u00f3rico determinado por los cambios y transformaciones profundos derivados del nacimiento del mundo contempor\u00e1neo.<\/p>\n<p><a href=\"\/es\/atlas-y-timeline\/infografias\/\">Infograf\u00edas<\/a><\/p>\n<p>Mapas<\/p>\n<p>[\/et_pb_text][\/et_pb_column][et_pb_column type=\u00bb1_2&#8243; _builder_version=\u00bb4.4.8&#8243;][et_pb_text _builder_version=\u00bb4.9.2&#8243;]<\/p>\n<h2><span>Timeline<\/span><\/h2>\n<p><span>La intensitat vital, l\u2019extensa activitat p\u00fablica que va desplegar i els molts aspectes que configuren la rica personalitat de Chesterton conformen un <em>Timeline<\/em> d\u2019una complexitat extraordin\u00e0ria. S\u2019hi pot accedir a trav\u00e9s de per\u00edodes temporals amb una visi\u00f3 cronol\u00f2gica completa o b\u00e9 seguint uns criteris tem\u00e0tics a partir de les dades biogr\u00e0fiques, de l\u2019obra liter\u00e0ria, period\u00edstica i gr\u00e0fica o de l\u2019activitat p\u00fablica i dels viatges per Anglaterra i l\u2019estranger.<\/span><\/p>\n<p>[\/et_pb_text][\/et_pb_column][\/et_pb_row][\/et_pb_section]<\/p>\n","protected":false},"excerpt":{"rendered":"<p>Atlas y TimelineAtlas El Atlas GK Chesterton es una obra creada por CEDGKC que recoge mapas e infograf\u00edas elaborados a partir del estudio y el an\u00e1lisis de su vida, obra [&hellip;]<\/p>\n","protected":false},"author":1,"featured_media":0,"parent":0,"menu_order":0,"comment_status":"closed","ping_status":"closed","template":"","meta":{"_et_pb_use_builder":"on","_et_pb_old_content":"","_et_gb_content_width":"","footnotes":""},"class_list":["post-1397","page","type-page","status-publish","hentry"],"yoast_head":"<!-- This site is optimized with the Yoast SEO plugin v25.3 - https:\/\/yoast.com\/wordpress\/plugins\/seo\/ -->\n<title>Atlas y Timeline - Centro de Estudios y Documentaci\u00f3n G. K. Chesterton<\/title>\n<meta name=\"robots\" content=\"index, follow, max-snippet:-1, max-image-preview:large, max-video-preview:-1\" \/>\n<link rel=\"canonical\" href=\"https:\/\/cedgkchesterton.cat\/atles-i-timeline\/\" \/>\n<meta property=\"og:locale\" content=\"es_ES\" \/>\n<meta property=\"og:type\" content=\"article\" \/>\n<meta property=\"og:title\" content=\"Atlas y Timeline - Centro de Estudios y Documentaci\u00f3n G. K. Chesterton\" \/>\n<meta property=\"og:description\" content=\"Atlas y TimelineAtlas El Atlas GK Chesterton es una obra creada por CEDGKC que recoge mapas e infograf\u00edas elaborados a partir del estudio y el an\u00e1lisis de su vida, obra [&hellip;]\" \/>\n<meta property=\"og:url\" content=\"https:\/\/cedgkchesterton.cat\/atles-i-timeline\/\" \/>\n<meta property=\"og:site_name\" content=\"Centro de Estudios y Documentaci\u00f3n G. K. Chesterton\" \/>\n<meta property=\"article:modified_time\" content=\"2021-06-11T13:14:50+00:00\" \/>\n<meta name=\"twitter:card\" content=\"summary_large_image\" \/>\n<meta name=\"twitter:label1\" content=\"Tiempo de lectura\" \/>\n\t<meta name=\"twitter:data1\" content=\"1 minuto\" \/>\n<script type=\"application\/ld+json\" class=\"yoast-schema-graph\">{\"@context\":\"https:\/\/schema.org\",\"@graph\":[{\"@type\":\"WebPage\",\"@id\":\"https:\/\/cedgkchesterton.cat\/atles-i-timeline\/\",\"url\":\"https:\/\/cedgkchesterton.cat\/atles-i-timeline\/\",\"name\":\"Atlas y Timeline - Centro de Estudios y Documentaci\u00f3n G. K. Chesterton\",\"isPartOf\":{\"@id\":\"https:\/\/cedgkchesterton.cat\/#website\"},\"datePublished\":\"2020-06-16T16:51:36+00:00\",\"dateModified\":\"2021-06-11T13:14:50+00:00\",\"breadcrumb\":{\"@id\":\"https:\/\/cedgkchesterton.cat\/atles-i-timeline\/#breadcrumb\"},\"inLanguage\":\"es\",\"potentialAction\":[{\"@type\":\"ReadAction\",\"target\":[\"https:\/\/cedgkchesterton.cat\/atles-i-timeline\/\"]}]},{\"@type\":\"BreadcrumbList\",\"@id\":\"https:\/\/cedgkchesterton.cat\/atles-i-timeline\/#breadcrumb\",\"itemListElement\":[{\"@type\":\"ListItem\",\"position\":1,\"name\":\"Inici\",\"item\":\"https:\/\/cedgkchesterton.cat\/\"},{\"@type\":\"ListItem\",\"position\":2,\"name\":\"Atlas y Timeline\"}]},{\"@type\":\"WebSite\",\"@id\":\"https:\/\/cedgkchesterton.cat\/#website\",\"url\":\"https:\/\/cedgkchesterton.cat\/\",\"name\":\"Centro de Estudios y Documentaci\u00f3n G. K. Chesterton\",\"description\":\"Estudi i divulgaci\u00f3 de l\u2019obra de Chesterton\",\"publisher\":{\"@id\":\"https:\/\/cedgkchesterton.cat\/#organization\"},\"potentialAction\":[{\"@type\":\"SearchAction\",\"target\":{\"@type\":\"EntryPoint\",\"urlTemplate\":\"https:\/\/cedgkchesterton.cat\/?s={search_term_string}\"},\"query-input\":{\"@type\":\"PropertyValueSpecification\",\"valueRequired\":true,\"valueName\":\"search_term_string\"}}],\"inLanguage\":\"es\"},{\"@type\":\"Organization\",\"@id\":\"https:\/\/cedgkchesterton.cat\/#organization\",\"name\":\"Centro de Estudios y Documentaci\u00f3n G. K. Chesterton\",\"url\":\"https:\/\/cedgkchesterton.cat\/\",\"logo\":{\"@type\":\"ImageObject\",\"inLanguage\":\"es\",\"@id\":\"https:\/\/cedgkchesterton.cat\/#\/schema\/logo\/image\/\",\"url\":\"https:\/\/cedgkchesterton.cat\/wp-content\/uploads\/2020\/09\/CEDGKC_logo.jpg\",\"contentUrl\":\"https:\/\/cedgkchesterton.cat\/wp-content\/uploads\/2020\/09\/CEDGKC_logo.jpg\",\"width\":492,\"height\":233,\"caption\":\"Centro de Estudios y Documentaci\u00f3n G. K. Chesterton\"},\"image\":{\"@id\":\"https:\/\/cedgkchesterton.cat\/#\/schema\/logo\/image\/\"}}]}<\/script>\n<!-- \/ Yoast SEO plugin. -->","yoast_head_json":{"title":"Atlas y Timeline - Centro de Estudios y Documentaci\u00f3n G. K. Chesterton","robots":{"index":"index","follow":"follow","max-snippet":"max-snippet:-1","max-image-preview":"max-image-preview:large","max-video-preview":"max-video-preview:-1"},"canonical":"https:\/\/cedgkchesterton.cat\/atles-i-timeline\/","og_locale":"es_ES","og_type":"article","og_title":"Atlas y Timeline - Centro de Estudios y Documentaci\u00f3n G. K. Chesterton","og_description":"Atlas y TimelineAtlas El Atlas GK Chesterton es una obra creada por CEDGKC que recoge mapas e infograf\u00edas elaborados a partir del estudio y el an\u00e1lisis de su vida, obra [&hellip;]","og_url":"https:\/\/cedgkchesterton.cat\/atles-i-timeline\/","og_site_name":"Centro de Estudios y Documentaci\u00f3n G. K. Chesterton","article_modified_time":"2021-06-11T13:14:50+00:00","twitter_card":"summary_large_image","twitter_misc":{"Tiempo de lectura":"1 minuto"},"schema":{"@context":"https:\/\/schema.org","@graph":[{"@type":"WebPage","@id":"https:\/\/cedgkchesterton.cat\/atles-i-timeline\/","url":"https:\/\/cedgkchesterton.cat\/atles-i-timeline\/","name":"Atlas y Timeline - Centro de Estudios y Documentaci\u00f3n G. K. Chesterton","isPartOf":{"@id":"https:\/\/cedgkchesterton.cat\/#website"},"datePublished":"2020-06-16T16:51:36+00:00","dateModified":"2021-06-11T13:14:50+00:00","breadcrumb":{"@id":"https:\/\/cedgkchesterton.cat\/atles-i-timeline\/#breadcrumb"},"inLanguage":"es","potentialAction":[{"@type":"ReadAction","target":["https:\/\/cedgkchesterton.cat\/atles-i-timeline\/"]}]},{"@type":"BreadcrumbList","@id":"https:\/\/cedgkchesterton.cat\/atles-i-timeline\/#breadcrumb","itemListElement":[{"@type":"ListItem","position":1,"name":"Inici","item":"https:\/\/cedgkchesterton.cat\/"},{"@type":"ListItem","position":2,"name":"Atlas y Timeline"}]},{"@type":"WebSite","@id":"https:\/\/cedgkchesterton.cat\/#website","url":"https:\/\/cedgkchesterton.cat\/","name":"Centro de Estudios y Documentaci\u00f3n G. K. Chesterton","description":"Estudi i divulgaci\u00f3 de l\u2019obra de Chesterton","publisher":{"@id":"https:\/\/cedgkchesterton.cat\/#organization"},"potentialAction":[{"@type":"SearchAction","target":{"@type":"EntryPoint","urlTemplate":"https:\/\/cedgkchesterton.cat\/?s={search_term_string}"},"query-input":{"@type":"PropertyValueSpecification","valueRequired":true,"valueName":"search_term_string"}}],"inLanguage":"es"},{"@type":"Organization","@id":"https:\/\/cedgkchesterton.cat\/#organization","name":"Centro de Estudios y Documentaci\u00f3n G. K. Chesterton","url":"https:\/\/cedgkchesterton.cat\/","logo":{"@type":"ImageObject","inLanguage":"es","@id":"https:\/\/cedgkchesterton.cat\/#\/schema\/logo\/image\/","url":"https:\/\/cedgkchesterton.cat\/wp-content\/uploads\/2020\/09\/CEDGKC_logo.jpg","contentUrl":"https:\/\/cedgkchesterton.cat\/wp-content\/uploads\/2020\/09\/CEDGKC_logo.jpg","width":492,"height":233,"caption":"Centro de Estudios y Documentaci\u00f3n G. K. Chesterton"},"image":{"@id":"https:\/\/cedgkchesterton.cat\/#\/schema\/logo\/image\/"}}]}},"_links":{"self":[{"href":"https:\/\/cedgkchesterton.cat\/es\/wp-json\/wp\/v2\/pages\/1397","targetHints":{"allow":["GET"]}}],"collection":[{"href":"https:\/\/cedgkchesterton.cat\/es\/wp-json\/wp\/v2\/pages"}],"about":[{"href":"https:\/\/cedgkchesterton.cat\/es\/wp-json\/wp\/v2\/types\/page"}],"author":[{"embeddable":true,"href":"https:\/\/cedgkchesterton.cat\/es\/wp-json\/wp\/v2\/users\/1"}],"replies":[{"embeddable":true,"href":"https:\/\/cedgkchesterton.cat\/es\/wp-json\/wp\/v2\/comments?post=1397"}],"version-history":[{"count":3,"href":"https:\/\/cedgkchesterton.cat\/es\/wp-json\/wp\/v2\/pages\/1397\/revisions"}],"predecessor-version":[{"id":1405,"href":"https:\/\/cedgkchesterton.cat\/es\/wp-json\/wp\/v2\/pages\/1397\/revisions\/1405"}],"wp:attachment":[{"href":"https:\/\/cedgkchesterton.cat\/es\/wp-json\/wp\/v2\/media?parent=1397"}],"curies":[{"name":"wp","href":"https:\/\/api.w.org\/{rel}","templated":true}]}}