{"id":1400,"date":"2021-03-25T14:01:07","date_gmt":"2021-03-25T12:01:07","guid":{"rendered":"https:\/\/cedgkchesterton.cat\/atles-i-timeline\/infografies\/"},"modified":"2022-03-31T09:21:23","modified_gmt":"2022-03-31T07:21:23","slug":"infografias","status":"publish","type":"page","link":"https:\/\/cedgkchesterton.cat\/es\/atlas-y-timeline\/infografias\/","title":{"rendered":"Infograf\u00edas"},"content":{"rendered":"<p>[et_pb_section fb_built=\u00bb1&#8243; _builder_version=\u00bb4.4.8&#8243; background_color=\u00bb#004225&#8243; background_color_gradient_direction=\u00bb239deg\u00bb custom_padding=\u00bb0px||0px||false|false\u00bb][et_pb_row _builder_version=\u00bb4.4.8&#8243; custom_padding=\u00bb9px||5px||false|false\u00bb][et_pb_column type=\u00bb4_4&#8243; _builder_version=\u00bb4.4.8&#8243; custom_padding=\u00bb||||false|false\u00bb][et_pb_text _builder_version=\u00bb4.9.4&#8243; background_layout=\u00bbdark\u00bb]<\/p>\n<h1>Infograf\u00edas<\/h1>\n<p>[\/et_pb_text][\/et_pb_column][\/et_pb_row][\/et_pb_section][et_pb_section fb_built=\u00bb1&#8243; _builder_version=\u00bb3.22&#8243;][et_pb_row _builder_version=\u00bb3.25&#8243; background_size=\u00bbinitial\u00bb background_position=\u00bbtop_left\u00bb background_repeat=\u00bbrepeat\u00bb][et_pb_column type=\u00bb4_4&#8243; _builder_version=\u00bb3.25&#8243; custom_padding=\u00bb|||\u00bb custom_padding__hover=\u00bb|||\u00bb][et_pb_text _builder_version=\u00bb4.9.7&#8243; background_size=\u00bbinitial\u00bb background_position=\u00bbtop_left\u00bb background_repeat=\u00bbrepeat\u00bb hover_enabled=\u00bb0&#8243; sticky_enabled=\u00bb0&#8243;]<\/p>\n<h2><em>El Napole\u00f3n de Notting Hill<\/em><\/h2>\n<p style=\"text-align: justify;\">La infograf\u00eda explica el universo de la primera novela de G. K. Chesterton, <em>El Napole\u00f3n de Notting Hill<\/em>, publicada en 1904. Se describe la novela y los principales ejes de interpretaci\u00f3n: pol\u00edtico (anti-imperialismo), est\u00e9tico (medievalismo), moral (dualismo) y oposici\u00f3n entre tradici\u00f3n y modernidad.<\/p>\n<p style=\"text-align: justify;\">\u00a0Incluye:<\/p>\n<ol>\n<li style=\"text-align: justify;\">una nota de contexto (Londres de\u00a0 \u00a0 Chesterton)<\/li>\n<li style=\"text-align: justify;\">las circunstancias de la publicaci\u00f3n<\/li>\n<li style=\"text-align: justify;\">una selecci\u00f3n de portadas<\/li>\n<li style=\"text-align: justify;\">8 im\u00e1genes del Londres contempor\u00e1neo a la novela<\/li>\n<li style=\"text-align: justify;\">un mapa en que se detallan los escenarios de las batallas<\/li>\n<li style=\"text-align: justify;\">un timeline de la novela en que se resumen los libros y cap\u00edtulos que la componen<\/li>\n<\/ol>\n<p><a href=\"\/wp-content\/uploads\/2021\/03\/Napoleo-de-notting-hill-Infografia.pdf\" target=\"_blank\" rel=\"noopener\">Descargar infograf\u00eda<\/a><\/p>\n<p>[\/et_pb_text][et_pb_text _builder_version=\u00bb4.9.7&#8243; background_size=\u00bbinitial\u00bb background_position=\u00bbtop_left\u00bb background_repeat=\u00bbrepeat\u00bb hover_enabled=\u00bb0&#8243; sticky_enabled=\u00bb0&#8243;]<\/p>\n<h2>La repercusi\u00f3n de Chesterton, de Inglaterra a Catalu\u00f1a: prensa, agentes y mediadores<\/h2>\n<p>La repercusi\u00f3n de G. K. Chesterton en Catalu\u00f1a es un fen\u00f3meno eminentemente period\u00edstico. Como se produce en el contexto de la irrupci\u00f3n de la Gran Guerra, mientras hac\u00eda campa\u00f1a al lado de los aliados, su presencia se extiende a trav\u00e9s de peri\u00f3dicos y revistas de actualidad. Representante de un periodismo pol\u00e9mico y brillante, paradigma del articulismo brit\u00e1nico, es admirado por un buen n\u00famero de plumas que se prodigan en la prensa catalana durante la Dictadura de Primo de Rivera y m\u00e1s all\u00e1. El clima afrancesado de las letras de aquel tiempo explica, por otro lado, la influencia que tuvieron escritores, periodistas y cr\u00edticos literarios franceses en dicha difusi\u00f3n. A partir de 1922, a\u00f1o de la conversi\u00f3n de Chesterton al catolicismo, el <em>renouveau catholique<\/em> (seguido de cerca por escritores como Josep M. Junoy, anfitri\u00f3n de Chesterton en su visita, y por medios de orientaci\u00f3n cristiana como el diario El Mat\u00ed) y el franciscanismo del autor contribuyen a la difusi\u00f3n de su obra espiritual. La infograf\u00eda presenta en esquema los principales agentes y mediadores (escritores, periodistas, cr\u00edticos, traductores, editores e instituciones) y publicaciones peri\u00f3dicas implicados en el proceso de propagaci\u00f3n, de Inglaterra a Catalu\u00f1a pasando por Francia, con especial atenci\u00f3n al per\u00edodo de entreguerras, que coincide con los a\u00f1os de la m\u00e1xima repercusi\u00f3n de Chesterton en toda Europa. \u00a0<\/p>\n<p>La presencia de Chesterton en el mundo literario catal\u00e1n se relaciona con la circulaci\u00f3n y difusi\u00f3n de sus art\u00edculos, ensayos y contribuciones a trav\u00e9s de las publicaciones peri\u00f3dicas (inglesas, francesas y catalanas), y con su estancia en Barcelona durante el mes de mayo de 1926, invitado por el PEN Club.<\/p>\n<p><a href=\"\/wp-content\/uploads\/2022\/03\/Resso-Chesterton-dAnglaterra-a-Catalunya-1.pdf\" target=\"_blank\" rel=\"noopener\">Descargar infograf\u00eda<\/a><\/p>\n<p>[\/et_pb_text][\/et_pb_column][\/et_pb_row][\/et_pb_section]<\/p>\n","protected":false},"excerpt":{"rendered":"<p>Infograf\u00edasEl Napole\u00f3n de Notting Hill La infograf\u00eda explica el universo de la primera novela de G. K. Chesterton, El Napole\u00f3n de Notting Hill, publicada en 1904. Se describe la novela [&hellip;]<\/p>\n","protected":false},"author":1,"featured_media":0,"parent":1397,"menu_order":0,"comment_status":"closed","ping_status":"closed","template":"","meta":{"_et_pb_use_builder":"on","_et_pb_old_content":"","_et_gb_content_width":"","footnotes":""},"class_list":["post-1400","page","type-page","status-publish","hentry"],"yoast_head":"<!-- This site is optimized with the Yoast SEO plugin v25.3 - https:\/\/yoast.com\/wordpress\/plugins\/seo\/ -->\n<title>Infograf\u00edas - Centro de Estudios y Documentaci\u00f3n G. K. Chesterton<\/title>\n<meta name=\"robots\" content=\"index, follow, max-snippet:-1, max-image-preview:large, max-video-preview:-1\" \/>\n<link rel=\"canonical\" href=\"https:\/\/cedgkchesterton.cat\/atles-i-timeline\/infografies\/\" \/>\n<meta property=\"og:locale\" content=\"es_ES\" \/>\n<meta property=\"og:type\" content=\"article\" \/>\n<meta property=\"og:title\" content=\"Infograf\u00edas - Centro de Estudios y Documentaci\u00f3n G. K. Chesterton\" \/>\n<meta property=\"og:description\" content=\"Infograf\u00edasEl Napole\u00f3n de Notting Hill La infograf\u00eda explica el universo de la primera novela de G. K. Chesterton, El Napole\u00f3n de Notting Hill, publicada en 1904. Se describe la novela [&hellip;]\" \/>\n<meta property=\"og:url\" content=\"https:\/\/cedgkchesterton.cat\/atles-i-timeline\/infografies\/\" \/>\n<meta property=\"og:site_name\" content=\"Centro de Estudios y Documentaci\u00f3n G. K. Chesterton\" \/>\n<meta property=\"article:modified_time\" content=\"2022-03-31T07:21:23+00:00\" \/>\n<meta name=\"twitter:card\" content=\"summary_large_image\" \/>\n<meta name=\"twitter:label1\" content=\"Tiempo de lectura\" \/>\n\t<meta name=\"twitter:data1\" content=\"3 minutos\" \/>\n<script type=\"application\/ld+json\" class=\"yoast-schema-graph\">{\"@context\":\"https:\/\/schema.org\",\"@graph\":[{\"@type\":\"WebPage\",\"@id\":\"https:\/\/cedgkchesterton.cat\/atles-i-timeline\/infografies\/\",\"url\":\"https:\/\/cedgkchesterton.cat\/atles-i-timeline\/infografies\/\",\"name\":\"Infograf\u00edas - Centro de Estudios y Documentaci\u00f3n G. K. Chesterton\",\"isPartOf\":{\"@id\":\"https:\/\/cedgkchesterton.cat\/#website\"},\"datePublished\":\"2021-03-25T12:01:07+00:00\",\"dateModified\":\"2022-03-31T07:21:23+00:00\",\"breadcrumb\":{\"@id\":\"https:\/\/cedgkchesterton.cat\/atles-i-timeline\/infografies\/#breadcrumb\"},\"inLanguage\":\"es\",\"potentialAction\":[{\"@type\":\"ReadAction\",\"target\":[\"https:\/\/cedgkchesterton.cat\/atles-i-timeline\/infografies\/\"]}]},{\"@type\":\"BreadcrumbList\",\"@id\":\"https:\/\/cedgkchesterton.cat\/atles-i-timeline\/infografies\/#breadcrumb\",\"itemListElement\":[{\"@type\":\"ListItem\",\"position\":1,\"name\":\"Inici\",\"item\":\"https:\/\/cedgkchesterton.cat\/\"},{\"@type\":\"ListItem\",\"position\":2,\"name\":\"Atlas y Timeline\",\"item\":\"https:\/\/cedgkchesterton.cat\/atles-i-timeline\/\"},{\"@type\":\"ListItem\",\"position\":3,\"name\":\"Infograf\u00edas\"}]},{\"@type\":\"WebSite\",\"@id\":\"https:\/\/cedgkchesterton.cat\/#website\",\"url\":\"https:\/\/cedgkchesterton.cat\/\",\"name\":\"Centro de Estudios y Documentaci\u00f3n G. K. Chesterton\",\"description\":\"Estudi i divulgaci\u00f3 de l\u2019obra de Chesterton\",\"publisher\":{\"@id\":\"https:\/\/cedgkchesterton.cat\/#organization\"},\"potentialAction\":[{\"@type\":\"SearchAction\",\"target\":{\"@type\":\"EntryPoint\",\"urlTemplate\":\"https:\/\/cedgkchesterton.cat\/?s={search_term_string}\"},\"query-input\":{\"@type\":\"PropertyValueSpecification\",\"valueRequired\":true,\"valueName\":\"search_term_string\"}}],\"inLanguage\":\"es\"},{\"@type\":\"Organization\",\"@id\":\"https:\/\/cedgkchesterton.cat\/#organization\",\"name\":\"Centro de Estudios y Documentaci\u00f3n G. K. Chesterton\",\"url\":\"https:\/\/cedgkchesterton.cat\/\",\"logo\":{\"@type\":\"ImageObject\",\"inLanguage\":\"es\",\"@id\":\"https:\/\/cedgkchesterton.cat\/#\/schema\/logo\/image\/\",\"url\":\"https:\/\/cedgkchesterton.cat\/wp-content\/uploads\/2020\/09\/CEDGKC_logo.jpg\",\"contentUrl\":\"https:\/\/cedgkchesterton.cat\/wp-content\/uploads\/2020\/09\/CEDGKC_logo.jpg\",\"width\":492,\"height\":233,\"caption\":\"Centro de Estudios y Documentaci\u00f3n G. K. Chesterton\"},\"image\":{\"@id\":\"https:\/\/cedgkchesterton.cat\/#\/schema\/logo\/image\/\"}}]}<\/script>\n<!-- \/ Yoast SEO plugin. -->","yoast_head_json":{"title":"Infograf\u00edas - Centro de Estudios y Documentaci\u00f3n G. K. Chesterton","robots":{"index":"index","follow":"follow","max-snippet":"max-snippet:-1","max-image-preview":"max-image-preview:large","max-video-preview":"max-video-preview:-1"},"canonical":"https:\/\/cedgkchesterton.cat\/atles-i-timeline\/infografies\/","og_locale":"es_ES","og_type":"article","og_title":"Infograf\u00edas - Centro de Estudios y Documentaci\u00f3n G. K. Chesterton","og_description":"Infograf\u00edasEl Napole\u00f3n de Notting Hill La infograf\u00eda explica el universo de la primera novela de G. K. Chesterton, El Napole\u00f3n de Notting Hill, publicada en 1904. Se describe la novela [&hellip;]","og_url":"https:\/\/cedgkchesterton.cat\/atles-i-timeline\/infografies\/","og_site_name":"Centro de Estudios y Documentaci\u00f3n G. K. Chesterton","article_modified_time":"2022-03-31T07:21:23+00:00","twitter_card":"summary_large_image","twitter_misc":{"Tiempo de lectura":"3 minutos"},"schema":{"@context":"https:\/\/schema.org","@graph":[{"@type":"WebPage","@id":"https:\/\/cedgkchesterton.cat\/atles-i-timeline\/infografies\/","url":"https:\/\/cedgkchesterton.cat\/atles-i-timeline\/infografies\/","name":"Infograf\u00edas - Centro de Estudios y Documentaci\u00f3n G. K. Chesterton","isPartOf":{"@id":"https:\/\/cedgkchesterton.cat\/#website"},"datePublished":"2021-03-25T12:01:07+00:00","dateModified":"2022-03-31T07:21:23+00:00","breadcrumb":{"@id":"https:\/\/cedgkchesterton.cat\/atles-i-timeline\/infografies\/#breadcrumb"},"inLanguage":"es","potentialAction":[{"@type":"ReadAction","target":["https:\/\/cedgkchesterton.cat\/atles-i-timeline\/infografies\/"]}]},{"@type":"BreadcrumbList","@id":"https:\/\/cedgkchesterton.cat\/atles-i-timeline\/infografies\/#breadcrumb","itemListElement":[{"@type":"ListItem","position":1,"name":"Inici","item":"https:\/\/cedgkchesterton.cat\/"},{"@type":"ListItem","position":2,"name":"Atlas y Timeline","item":"https:\/\/cedgkchesterton.cat\/atles-i-timeline\/"},{"@type":"ListItem","position":3,"name":"Infograf\u00edas"}]},{"@type":"WebSite","@id":"https:\/\/cedgkchesterton.cat\/#website","url":"https:\/\/cedgkchesterton.cat\/","name":"Centro de Estudios y Documentaci\u00f3n G. K. Chesterton","description":"Estudi i divulgaci\u00f3 de l\u2019obra de Chesterton","publisher":{"@id":"https:\/\/cedgkchesterton.cat\/#organization"},"potentialAction":[{"@type":"SearchAction","target":{"@type":"EntryPoint","urlTemplate":"https:\/\/cedgkchesterton.cat\/?s={search_term_string}"},"query-input":{"@type":"PropertyValueSpecification","valueRequired":true,"valueName":"search_term_string"}}],"inLanguage":"es"},{"@type":"Organization","@id":"https:\/\/cedgkchesterton.cat\/#organization","name":"Centro de Estudios y Documentaci\u00f3n G. K. Chesterton","url":"https:\/\/cedgkchesterton.cat\/","logo":{"@type":"ImageObject","inLanguage":"es","@id":"https:\/\/cedgkchesterton.cat\/#\/schema\/logo\/image\/","url":"https:\/\/cedgkchesterton.cat\/wp-content\/uploads\/2020\/09\/CEDGKC_logo.jpg","contentUrl":"https:\/\/cedgkchesterton.cat\/wp-content\/uploads\/2020\/09\/CEDGKC_logo.jpg","width":492,"height":233,"caption":"Centro de Estudios y Documentaci\u00f3n G. K. Chesterton"},"image":{"@id":"https:\/\/cedgkchesterton.cat\/#\/schema\/logo\/image\/"}}]}},"_links":{"self":[{"href":"https:\/\/cedgkchesterton.cat\/es\/wp-json\/wp\/v2\/pages\/1400","targetHints":{"allow":["GET"]}}],"collection":[{"href":"https:\/\/cedgkchesterton.cat\/es\/wp-json\/wp\/v2\/pages"}],"about":[{"href":"https:\/\/cedgkchesterton.cat\/es\/wp-json\/wp\/v2\/types\/page"}],"author":[{"embeddable":true,"href":"https:\/\/cedgkchesterton.cat\/es\/wp-json\/wp\/v2\/users\/1"}],"replies":[{"embeddable":true,"href":"https:\/\/cedgkchesterton.cat\/es\/wp-json\/wp\/v2\/comments?post=1400"}],"version-history":[{"count":4,"href":"https:\/\/cedgkchesterton.cat\/es\/wp-json\/wp\/v2\/pages\/1400\/revisions"}],"predecessor-version":[{"id":1738,"href":"https:\/\/cedgkchesterton.cat\/es\/wp-json\/wp\/v2\/pages\/1400\/revisions\/1738"}],"up":[{"embeddable":true,"href":"https:\/\/cedgkchesterton.cat\/es\/wp-json\/wp\/v2\/pages\/1397"}],"wp:attachment":[{"href":"https:\/\/cedgkchesterton.cat\/es\/wp-json\/wp\/v2\/media?parent=1400"}],"curies":[{"name":"wp","href":"https:\/\/api.w.org\/{rel}","templated":true}]}}