{"id":1510,"date":"2020-06-16T18:50:07","date_gmt":"2020-06-16T16:50:07","guid":{"rendered":"https:\/\/cedgkchesterton.cat\/centre-de-destudis\/"},"modified":"2025-06-26T11:27:44","modified_gmt":"2025-06-26T09:27:44","slug":"centro-de-estudios","status":"publish","type":"page","link":"https:\/\/cedgkchesterton.cat\/es\/centro-de-estudios\/","title":{"rendered":"Centro de Estudios"},"content":{"rendered":"<p>[et_pb_section fb_built=\u00bb1&#8243; _builder_version=\u00bb4.16&#8243; background_color=\u00bb#004225&#8243; background_color_gradient_direction=\u00bb239deg\u00bb custom_padding=\u00bb0px||0px||false|false\u00bb global_colors_info=\u00bb{}\u00bb][et_pb_row _builder_version=\u00bb4.16&#8243; custom_padding=\u00bb9px||5px||false|false\u00bb global_colors_info=\u00bb{}\u00bb][et_pb_column type=\u00bb4_4&#8243; _builder_version=\u00bb4.16&#8243; custom_padding=\u00bb||||false|false\u00bb global_colors_info=\u00bb{}\u00bb][et_pb_text _builder_version=\u00bb4.16&#8243; background_layout=\u00bbdark\u00bb global_colors_info=\u00bb{}\u00bb]<\/p>\n<h1>Centre d&#8217;Estudis<\/h1>\n<p>[\/et_pb_text][\/et_pb_column][\/et_pb_row][\/et_pb_section][et_pb_section fb_built=\u00bb1&#8243; _builder_version=\u00bb4.16&#8243; global_colors_info=\u00bb{}\u00bb][et_pb_row _builder_version=\u00bb4.16&#8243; background_size=\u00bbinitial\u00bb background_position=\u00bbtop_left\u00bb background_repeat=\u00bbrepeat\u00bb global_colors_info=\u00bb{}\u00bb][et_pb_column type=\u00bb4_4&#8243; _builder_version=\u00bb4.16&#8243; custom_padding=\u00bb|||\u00bb global_colors_info=\u00bb{}\u00bb custom_padding__hover=\u00bb|||\u00bb][et_pb_text _builder_version=\u00bb4.27.4&#8243; hover_enabled=\u00bb0&#8243; global_colors_info=\u00bb{}\u00bb sticky_enabled=\u00bb0&#8243;]<\/p>\n<p>El Centro de Estudios se define como una plataforma activa, abierta y participativa destinada a investigadores, estudiosos e interesados en la persona, la vida y la obra de Gilbert Keith Chesterton, con el objetivo de dar a conocer y divulgar la obra y el pensamiento del escritor ingl\u00e9s, as\u00ed como sus v\u00ednculos con la cultura catalana. El proyecto se basa en tres ejes clave: el estudio y divulgaci\u00f3n de la obra de Chesterton en su contexto hist\u00f3rico y cultural; el ideario de Chesterton en la Europa contempor\u00e1nea, y la vinculaci\u00f3n del escritor con Catalu\u00f1a.<\/p>\n<p>El Espacio Di\u00e1logo est\u00e1 dise\u00f1ado para dar visibilidad a los proyectos llevados a cabo por nuestra entidad y para potenciar la comunicaci\u00f3n con los usuarios. Los ejes de actuaci\u00f3n tienen por objetivo principal permitir el acceso p\u00fablico al fondo documental; tutorizar tesis doctorales y otros trabajos universitarios o de investigaci\u00f3n; organizar cursos, conferencias, exposiciones tem\u00e1ticas, congresos y simposios internacionales, adem\u00e1s de colaborar con otras entidades interesadas en la obra, el pensamiento y la vida de Chesterton.<\/p>\n<h2>Actividades y servicios<\/h2>\n<p>El Centro promueve actividades de divulgaci\u00f3n de la obra, del pensamiento y de la vida de Chesterton, con la voluntad de llegar a todo tipo de p\u00fablico interesado en el autor ingl\u00e9s y su entorno. A trav\u00e9s de actividades p\u00fablicas, presentaciones de proyectos, informaci\u00f3n de novedades y de expedientes digitales de estudios, recursos y proyectos en curso, pretendemos lograr el objetivo fundacional del Centro: dar valor y vigencia a su obra en el contexto cultural contempor\u00e1neo.<\/p>\n<p>El Centro promueve tambi\u00e9n actividades de investigaci\u00f3n a trav\u00e9s de los proyectos que lleva a cabo la misma entidad, y a trav\u00e9s de otros proyectos de \u00e1mbito nacional e internacional gestionados conjuntamente con otras instituciones e investigadores. Desde el Centro se asesoran y promocionan proyectos afines de otras entidades. La base de datos del CEDGKC es una herramienta de investigaci\u00f3n abierta a la ciudadan\u00eda.<\/p>\n<p>Los servicios del Centro de Estudios se despliegan en dos grandes \u00e1reas. La primera es el \u00e1rea de informaci\u00f3n, que tiene por objetivo atender las consultas de los usuarios relacionadas con la actividad de la entidad. La segunda es el \u00e1rea de asesoramiento, que da respuesta a cuestiones derivadas de la informaci\u00f3n que explota la base de datos del Centro de Documentaci\u00f3n y apoyo a proyectos y trabajos de investigadores, periodistas, estudiantes universitarios, escolares o de la ciudadan\u00eda en general.<\/p>\n<p>[\/et_pb_text][\/et_pb_column][\/et_pb_row][\/et_pb_section]<\/p>\n","protected":false},"excerpt":{"rendered":"<p>Centre d&#8217;EstudisEl Centro de Estudios se define como una plataforma activa, abierta y participativa destinada a investigadores, estudiosos e interesados en la persona, la vida y la obra de Gilbert [&hellip;]<\/p>\n","protected":false},"author":1,"featured_media":0,"parent":0,"menu_order":0,"comment_status":"closed","ping_status":"closed","template":"","meta":{"_et_pb_use_builder":"on","_et_pb_old_content":"","_et_gb_content_width":"","footnotes":""},"class_list":["post-1510","page","type-page","status-publish","hentry"],"yoast_head":"<!-- This site is optimized with the Yoast SEO plugin v25.3 - https:\/\/yoast.com\/wordpress\/plugins\/seo\/ -->\n<title>Centro de Estudios - Centro de Estudios y Documentaci\u00f3n G. K. Chesterton<\/title>\n<meta name=\"robots\" content=\"index, follow, max-snippet:-1, max-image-preview:large, max-video-preview:-1\" \/>\n<link rel=\"canonical\" href=\"https:\/\/cedgkchesterton.cat\/centre-de-destudis\/\" \/>\n<meta property=\"og:locale\" content=\"es_ES\" \/>\n<meta property=\"og:type\" content=\"article\" \/>\n<meta property=\"og:title\" content=\"Centro de Estudios - Centro de Estudios y Documentaci\u00f3n G. K. Chesterton\" \/>\n<meta property=\"og:description\" content=\"Centre d&#039;EstudisEl Centro de Estudios se define como una plataforma activa, abierta y participativa destinada a investigadores, estudiosos e interesados en la persona, la vida y la obra de Gilbert [&hellip;]\" \/>\n<meta property=\"og:url\" content=\"https:\/\/cedgkchesterton.cat\/centre-de-destudis\/\" \/>\n<meta property=\"og:site_name\" content=\"Centro de Estudios y Documentaci\u00f3n G. K. Chesterton\" \/>\n<meta property=\"article:modified_time\" content=\"2025-06-26T09:27:44+00:00\" \/>\n<meta name=\"twitter:card\" content=\"summary_large_image\" \/>\n<meta name=\"twitter:label1\" content=\"Tiempo de lectura\" \/>\n\t<meta name=\"twitter:data1\" content=\"3 minutos\" \/>\n<script type=\"application\/ld+json\" class=\"yoast-schema-graph\">{\"@context\":\"https:\/\/schema.org\",\"@graph\":[{\"@type\":\"WebPage\",\"@id\":\"https:\/\/cedgkchesterton.cat\/centre-de-destudis\/\",\"url\":\"https:\/\/cedgkchesterton.cat\/centre-de-destudis\/\",\"name\":\"Centro de Estudios - Centro de Estudios y Documentaci\u00f3n G. K. Chesterton\",\"isPartOf\":{\"@id\":\"https:\/\/cedgkchesterton.cat\/#website\"},\"datePublished\":\"2020-06-16T16:50:07+00:00\",\"dateModified\":\"2025-06-26T09:27:44+00:00\",\"breadcrumb\":{\"@id\":\"https:\/\/cedgkchesterton.cat\/centre-de-destudis\/#breadcrumb\"},\"inLanguage\":\"es\",\"potentialAction\":[{\"@type\":\"ReadAction\",\"target\":[\"https:\/\/cedgkchesterton.cat\/centre-de-destudis\/\"]}]},{\"@type\":\"BreadcrumbList\",\"@id\":\"https:\/\/cedgkchesterton.cat\/centre-de-destudis\/#breadcrumb\",\"itemListElement\":[{\"@type\":\"ListItem\",\"position\":1,\"name\":\"Inici\",\"item\":\"https:\/\/cedgkchesterton.cat\/\"},{\"@type\":\"ListItem\",\"position\":2,\"name\":\"Centro de Estudios\"}]},{\"@type\":\"WebSite\",\"@id\":\"https:\/\/cedgkchesterton.cat\/#website\",\"url\":\"https:\/\/cedgkchesterton.cat\/\",\"name\":\"Centro de Estudios y Documentaci\u00f3n G. K. Chesterton\",\"description\":\"Estudi i divulgaci\u00f3 de l\u2019obra de Chesterton\",\"publisher\":{\"@id\":\"https:\/\/cedgkchesterton.cat\/#organization\"},\"potentialAction\":[{\"@type\":\"SearchAction\",\"target\":{\"@type\":\"EntryPoint\",\"urlTemplate\":\"https:\/\/cedgkchesterton.cat\/?s={search_term_string}\"},\"query-input\":{\"@type\":\"PropertyValueSpecification\",\"valueRequired\":true,\"valueName\":\"search_term_string\"}}],\"inLanguage\":\"es\"},{\"@type\":\"Organization\",\"@id\":\"https:\/\/cedgkchesterton.cat\/#organization\",\"name\":\"Centro de Estudios y Documentaci\u00f3n G. K. Chesterton\",\"url\":\"https:\/\/cedgkchesterton.cat\/\",\"logo\":{\"@type\":\"ImageObject\",\"inLanguage\":\"es\",\"@id\":\"https:\/\/cedgkchesterton.cat\/#\/schema\/logo\/image\/\",\"url\":\"https:\/\/cedgkchesterton.cat\/wp-content\/uploads\/2020\/09\/CEDGKC_logo.jpg\",\"contentUrl\":\"https:\/\/cedgkchesterton.cat\/wp-content\/uploads\/2020\/09\/CEDGKC_logo.jpg\",\"width\":492,\"height\":233,\"caption\":\"Centro de Estudios y Documentaci\u00f3n G. K. Chesterton\"},\"image\":{\"@id\":\"https:\/\/cedgkchesterton.cat\/#\/schema\/logo\/image\/\"}}]}<\/script>\n<!-- \/ Yoast SEO plugin. -->","yoast_head_json":{"title":"Centro de Estudios - Centro de Estudios y Documentaci\u00f3n G. K. Chesterton","robots":{"index":"index","follow":"follow","max-snippet":"max-snippet:-1","max-image-preview":"max-image-preview:large","max-video-preview":"max-video-preview:-1"},"canonical":"https:\/\/cedgkchesterton.cat\/centre-de-destudis\/","og_locale":"es_ES","og_type":"article","og_title":"Centro de Estudios - Centro de Estudios y Documentaci\u00f3n G. K. Chesterton","og_description":"Centre d'EstudisEl Centro de Estudios se define como una plataforma activa, abierta y participativa destinada a investigadores, estudiosos e interesados en la persona, la vida y la obra de Gilbert [&hellip;]","og_url":"https:\/\/cedgkchesterton.cat\/centre-de-destudis\/","og_site_name":"Centro de Estudios y Documentaci\u00f3n G. K. Chesterton","article_modified_time":"2025-06-26T09:27:44+00:00","twitter_card":"summary_large_image","twitter_misc":{"Tiempo de lectura":"3 minutos"},"schema":{"@context":"https:\/\/schema.org","@graph":[{"@type":"WebPage","@id":"https:\/\/cedgkchesterton.cat\/centre-de-destudis\/","url":"https:\/\/cedgkchesterton.cat\/centre-de-destudis\/","name":"Centro de Estudios - Centro de Estudios y Documentaci\u00f3n G. K. Chesterton","isPartOf":{"@id":"https:\/\/cedgkchesterton.cat\/#website"},"datePublished":"2020-06-16T16:50:07+00:00","dateModified":"2025-06-26T09:27:44+00:00","breadcrumb":{"@id":"https:\/\/cedgkchesterton.cat\/centre-de-destudis\/#breadcrumb"},"inLanguage":"es","potentialAction":[{"@type":"ReadAction","target":["https:\/\/cedgkchesterton.cat\/centre-de-destudis\/"]}]},{"@type":"BreadcrumbList","@id":"https:\/\/cedgkchesterton.cat\/centre-de-destudis\/#breadcrumb","itemListElement":[{"@type":"ListItem","position":1,"name":"Inici","item":"https:\/\/cedgkchesterton.cat\/"},{"@type":"ListItem","position":2,"name":"Centro de Estudios"}]},{"@type":"WebSite","@id":"https:\/\/cedgkchesterton.cat\/#website","url":"https:\/\/cedgkchesterton.cat\/","name":"Centro de Estudios y Documentaci\u00f3n G. K. Chesterton","description":"Estudi i divulgaci\u00f3 de l\u2019obra de Chesterton","publisher":{"@id":"https:\/\/cedgkchesterton.cat\/#organization"},"potentialAction":[{"@type":"SearchAction","target":{"@type":"EntryPoint","urlTemplate":"https:\/\/cedgkchesterton.cat\/?s={search_term_string}"},"query-input":{"@type":"PropertyValueSpecification","valueRequired":true,"valueName":"search_term_string"}}],"inLanguage":"es"},{"@type":"Organization","@id":"https:\/\/cedgkchesterton.cat\/#organization","name":"Centro de Estudios y Documentaci\u00f3n G. K. Chesterton","url":"https:\/\/cedgkchesterton.cat\/","logo":{"@type":"ImageObject","inLanguage":"es","@id":"https:\/\/cedgkchesterton.cat\/#\/schema\/logo\/image\/","url":"https:\/\/cedgkchesterton.cat\/wp-content\/uploads\/2020\/09\/CEDGKC_logo.jpg","contentUrl":"https:\/\/cedgkchesterton.cat\/wp-content\/uploads\/2020\/09\/CEDGKC_logo.jpg","width":492,"height":233,"caption":"Centro de Estudios y Documentaci\u00f3n G. K. Chesterton"},"image":{"@id":"https:\/\/cedgkchesterton.cat\/#\/schema\/logo\/image\/"}}]}},"_links":{"self":[{"href":"https:\/\/cedgkchesterton.cat\/es\/wp-json\/wp\/v2\/pages\/1510","targetHints":{"allow":["GET"]}}],"collection":[{"href":"https:\/\/cedgkchesterton.cat\/es\/wp-json\/wp\/v2\/pages"}],"about":[{"href":"https:\/\/cedgkchesterton.cat\/es\/wp-json\/wp\/v2\/types\/page"}],"author":[{"embeddable":true,"href":"https:\/\/cedgkchesterton.cat\/es\/wp-json\/wp\/v2\/users\/1"}],"replies":[{"embeddable":true,"href":"https:\/\/cedgkchesterton.cat\/es\/wp-json\/wp\/v2\/comments?post=1510"}],"version-history":[{"count":3,"href":"https:\/\/cedgkchesterton.cat\/es\/wp-json\/wp\/v2\/pages\/1510\/revisions"}],"predecessor-version":[{"id":2582,"href":"https:\/\/cedgkchesterton.cat\/es\/wp-json\/wp\/v2\/pages\/1510\/revisions\/2582"}],"wp:attachment":[{"href":"https:\/\/cedgkchesterton.cat\/es\/wp-json\/wp\/v2\/media?parent=1510"}],"curies":[{"name":"wp","href":"https:\/\/api.w.org\/{rel}","templated":true}]}}