{"id":2590,"date":"2025-06-26T12:11:19","date_gmt":"2025-06-26T10:11:19","guid":{"rendered":"https:\/\/cedgkchesterton.cat\/?page_id=2590"},"modified":"2025-06-27T11:56:17","modified_gmt":"2025-06-27T09:56:17","slug":"centre-de-documentacio","status":"publish","type":"page","link":"https:\/\/cedgkchesterton.cat\/es\/centre-de-documentacio\/","title":{"rendered":"Fondo documental"},"content":{"rendered":"<p>[et_pb_section fb_built=\u00bb1&#8243; inner_shadow=\u00bbon\u00bb _builder_version=\u00bb4.27.4&#8243; _module_preset=\u00bb7b2d85e1-7830-4978-9321-f6c123abe07e\u00bb background_color=\u00bb#004225&#8243; global_colors_info=\u00bb{}\u00bb][et_pb_row _builder_version=\u00bb4.16&#8243; custom_padding=\u00bb9px||5px||false|false\u00bb hover_enabled=\u00bb0&#8243; global_colors_info=\u00bb{}\u00bb sticky_enabled=\u00bb0&#8243;][et_pb_column type=\u00bb4_4&#8243; admin_label=\u00bbColumna\u00bb _builder_version=\u00bb4.16&#8243; custom_padding=\u00bb||||false|false\u00bb global_colors_info=\u00bb{}\u00bb][et_pb_text _builder_version=\u00bb4.27.4&#8243; text_text_color=\u00bb#FFFFFF\u00bb background_color=\u00bb#004225&#8243; background_layout=\u00bbdark\u00bb hover_enabled=\u00bb0&#8243; global_colors_info=\u00bb{}\u00bb sticky_enabled=\u00bb0&#8243;]<\/p>\n<h1>Fondo documental<\/h1>\n<p>[\/et_pb_text][\/et_pb_column][\/et_pb_row][\/et_pb_section][et_pb_section fb_built=\u00bb1&#8243; _builder_version=\u00bb4.16&#8243; global_colors_info=\u00bb{}\u00bb][et_pb_row _builder_version=\u00bb4.27.4&#8243; _module_preset=\u00bbdefault\u00bb global_colors_info=\u00bb{}\u00bb][et_pb_column type=\u00bb4_4&#8243; _builder_version=\u00bb4.27.4&#8243; _module_preset=\u00bbdefault\u00bb global_colors_info=\u00bb{}\u00bb][et_pb_text _builder_version=\u00bb4.27.4&#8243; _module_preset=\u00bbdefault\u00bb global_colors_info=\u00bb{}\u00bb]<\/p>\n<p style=\"text-align: left;\">La documentaci\u00f3n gestionada desde CEDGKC se compone de tres partes.<\/p>\n<p>[\/et_pb_text][\/et_pb_column][\/et_pb_row][\/et_pb_section][et_pb_section fb_built=\u00bb1&#8243; _builder_version=\u00bb4.27.4&#8243; _module_preset=\u00bbdefault\u00bb global_colors_info=\u00bb{}\u00bb][et_pb_row column_structure=\u00bb1_2,1_2&#8243; _builder_version=\u00bb4.27.4&#8243; _module_preset=\u00bbdefault\u00bb global_colors_info=\u00bb{}\u00bb][et_pb_column type=\u00bb1_2&#8243; _builder_version=\u00bb4.27.4&#8243; _module_preset=\u00bbdefault\u00bb global_colors_info=\u00bb{}\u00bb][et_pb_heading title=\u00bb1. Fondo de libros\u00bb _builder_version=\u00bb4.27.4&#8243; _module_preset=\u00bbdefault\u00bb title_level=\u00bbh2&#8243; title_text_align=\u00bbcenter\u00bb title_text_color=\u00bb#FFFFFF\u00bb title_font_size=\u00bb13px\u00bb background_color=\u00bb#004225&#8243; custom_margin=\u00bb10px||||false|false\u00bb custom_padding=\u00bb8px||||false|false\u00bb global_colors_info=\u00bb{}\u00bb][\/et_pb_heading][et_pb_text _builder_version=\u00bb4.27.4&#8243; _module_preset=\u00bbdefault\u00bb global_colors_info=\u00bb{}\u00bb]<\/p>\n<p>La primera constituye el fondo de libros f\u00edsicos, de Chesterton y sobre Chesterton, coleccionados por Josep Carbonell y ahora depositados en la \u00a0Biblioteca P\u00fablica Episcopal de Barcelona (BPEB) y ya catalogados.<\/p>\n<p>[\/et_pb_text][et_pb_button button_url=\u00bbhttps:\/\/bibliotecaepiscopalbcn.org\/es-completa-la-catalogacio-dun-fons-bibliografic-sobre-g-k-chesterton\/\u00bb url_new_window=\u00bbon\u00bb button_text=\u00bb+ info sobre BPEB\u00bb button_alignment=\u00bbleft\u00bb _builder_version=\u00bb4.27.4&#8243; _module_preset=\u00bbdefault\u00bb custom_button=\u00bbon\u00bb button_text_size=\u00bb12px\u00bb button_border_width=\u00bb4px\u00bb global_colors_info=\u00bb{}\u00bb][\/et_pb_button][\/et_pb_column][et_pb_column type=\u00bb1_2&#8243; _builder_version=\u00bb4.27.4&#8243; _module_preset=\u00bbdefault\u00bb global_colors_info=\u00bb{}\u00bb][et_pb_heading title=\u00bb2. Biblioteca CEDGKC\u00bb _builder_version=\u00bb4.27.4&#8243; _module_preset=\u00bbdefault\u00bb title_level=\u00bbh2&#8243; title_text_align=\u00bbcenter\u00bb title_text_color=\u00bb#FFFFFF\u00bb title_font_size=\u00bb13px\u00bb background_color=\u00bb#004225&#8243; custom_margin=\u00bb10px||||false|false\u00bb custom_padding=\u00bb8px||||false|false\u00bb global_colors_info=\u00bb{}\u00bb][\/et_pb_heading][et_pb_text _builder_version=\u00bb4.27.4&#8243; _module_preset=\u00bbdefault\u00bb global_colors_info=\u00bb{}\u00bb]<\/p>\n<p>La segunda constituye la biblioteca depositada en la sede del Centre d\u2019Estudis i Documentaci\u00f3 G. K. Chesterton (Convento de los Capuchinos de Pompeia; Av. Diagonal, 450), que contiene bibliograf\u00eda especializada (libros y revistas) sobre Chesterton y su contexto (literario, cultural, social, religioso, period\u00edstico) brit\u00e1nico, europeo y americano, y con especial atenci\u00f3n a la recepci\u00f3n catalana y al mundo hisp\u00e1nico.<\/p>\n<p>[\/et_pb_text][et_pb_text _builder_version=\u00bb4.27.4&#8243; _module_preset=\u00bbdefault\u00bb custom_padding=\u00bb||0px|||\u00bb global_colors_info=\u00bb{}\u00bb]<\/p>\n<p style=\"text-align: left;\"><em>B01. Obra de Chesterton <a href=\"https:\/\/cedgkchesterton.cat\/wp-content\/uploads\/2025\/06\/B01.-Obra-de-Chesterton.pdf\"><span style=\"text-decoration: underline;\"><strong>descargar<\/strong><\/span><\/a><br \/><\/em><em>B02. Obra sobre Chesterton <a href=\"https:\/\/cedgkchesterton.cat\/wp-content\/uploads\/2025\/06\/B02.-Obra-sobre-Chesterton.pdf\"><span style=\"text-decoration: underline;\"><strong>descargar<\/strong><\/span><\/a><br \/><\/em><em>B03. Obra de contexto <a href=\"https:\/\/cedgkchesterton.cat\/wp-content\/uploads\/2025\/06\/B03.-Obra-de-context.pdf\"><span style=\"text-decoration: underline;\"><strong>descargar<\/strong><\/span><\/a><\/em><\/p>\n<p>[\/et_pb_text][\/et_pb_column][\/et_pb_row][\/et_pb_section][et_pb_section fb_built=\u00bb1&#8243; _builder_version=\u00bb4.27.4&#8243; _module_preset=\u00bbdefault\u00bb global_colors_info=\u00bb{}\u00bb][et_pb_row _builder_version=\u00bb4.27.4&#8243; _module_preset=\u00bbdefault\u00bb global_colors_info=\u00bb{}\u00bb][et_pb_column type=\u00bb4_4&#8243; _builder_version=\u00bb4.27.4&#8243; _module_preset=\u00bbdefault\u00bb global_colors_info=\u00bb{}\u00bb][et_pb_heading title=\u00bb3. Fondos documentales\u00bb _builder_version=\u00bb4.27.4&#8243; _module_preset=\u00bbdefault\u00bb title_level=\u00bbh2&#8243; title_text_align=\u00bbcenter\u00bb title_text_color=\u00bb#FFFFFF\u00bb title_font_size=\u00bb13px\u00bb background_color=\u00bb#004225&#8243; custom_margin=\u00bb10px||||false|false\u00bb custom_padding=\u00bb8px||||false|false\u00bb global_colors_info=\u00bb{}\u00bb][\/et_pb_heading][et_pb_text _builder_version=\u00bb4.27.4&#8243; _module_preset=\u00bbdefault\u00bb global_colors_info=\u00bb{}\u00bb]<\/p>\n<p>La tercera consiste en los fondos documentales (en fotocopia o copia digital), depositados tambi\u00e9n en el despacho del CEDGKC, procedentes de los archivos de Josep Carbonell i Rod\u00e9s y S\u00edlvia Coll-Vinent: el primero se centra en la figura y la obra de Chesterton, y el segundo, en la investigaci\u00f3n sobre la recepci\u00f3n de Chesterton y otros escritores ingleses en Catalu\u00f1a, y sobre intelectuales, cr\u00edticos y literatos en la Catalu\u00f1a de entreguerras.<\/p>\n<p>[\/et_pb_text][et_pb_accordion _builder_version=\u00bb4.27.4&#8243; _module_preset=\u00bbdefault\u00bb global_colors_info=\u00bb{}\u00bb][et_pb_accordion_item title=\u00bbFondo 01. Josep Carbonell i Rod\u00e9s\u00bb open=\u00bbon\u00bb _builder_version=\u00bb4.27.4&#8243; _module_preset=\u00bbdefault\u00bb global_colors_info=\u00bb{}\u00bb]<\/p>\n<p>Fondo_01_JCR_I.a <a href=\"https:\/\/cedgkchesterton.cat\/wp-content\/uploads\/2025\/06\/Fons_01_JCR_I.a.pdf\"><span style=\"text-decoration: underline;\"><strong><em>descargar<\/em><\/strong><\/span><\/a><br \/>Fondo_01_JCR_I.b <a href=\"https:\/\/cedgkchesterton.cat\/wp-content\/uploads\/2025\/06\/Fons_01_JCR_I.b.pdf\"><span style=\"text-decoration: underline;\"><strong><em>descargar<\/em><\/strong><\/span><\/a><br \/>Fondo_01_JCR_I.c <a href=\"https:\/\/cedgkchesterton.cat\/wp-content\/uploads\/2025\/06\/Fons_01_JCR_I.c.pdf\"><span style=\"text-decoration: underline;\"><strong><em>descargar<\/em><\/strong><\/span><\/a><br \/>Fondo_01_JCR_II.a <a href=\"https:\/\/cedgkchesterton.cat\/wp-content\/uploads\/2025\/06\/Fons_01_JCR_II.a.pdf\"><span style=\"text-decoration: underline;\"><strong><em>descargar<\/em><\/strong><\/span><\/a><br \/>Fondo_01_JCR_II.b <a href=\"https:\/\/cedgkchesterton.cat\/wp-content\/uploads\/2025\/06\/Fons_01_JCR_II.b.pdf\"><span style=\"text-decoration: underline;\"><strong><em>descargar<\/em><\/strong><\/span><\/a><br \/>Fondo_01_JCR_II.c <a href=\"https:\/\/cedgkchesterton.cat\/wp-content\/uploads\/2025\/06\/Fons_01_JCR_IIc.pdf\"><span style=\"text-decoration: underline;\"><strong><em>descargar<\/em><\/strong><\/span><\/a><br \/>Fondo_01_JCR_III <a href=\"https:\/\/cedgkchesterton.cat\/wp-content\/uploads\/2025\/06\/Fons_01_JCR_III.pdf\"><span style=\"text-decoration: underline;\"><strong><em>descargar<\/em><\/strong><\/span><\/a><\/p>\n<p>[\/et_pb_accordion_item][et_pb_accordion_item title=\u00bbFondo 02. S\u00edlvia Coll-Vinent\u00bb _builder_version=\u00bb4.27.4&#8243; _module_preset=\u00bbdefault\u00bb global_colors_info=\u00bb{}\u00bb open=\u00bboff\u00bb]<\/p>\n<p>Fondo_02_SCV <a href=\"https:\/\/cedgkchesterton.cat\/wp-content\/uploads\/2025\/06\/Fons_02_SCV.pdf\"><span style=\"text-decoration: underline;\"><strong><em>descargar<\/em><\/strong><\/span><\/a><\/p>\n<p>[\/et_pb_accordion_item][\/et_pb_accordion][\/et_pb_column][\/et_pb_row][\/et_pb_section]<\/p>\n","protected":false},"excerpt":{"rendered":"<p>Fondo documentalLa documentaci\u00f3n gestionada desde CEDGKC se compone de tres partes.La primera constituye el fondo de libros f\u00edsicos, de Chesterton y sobre Chesterton, coleccionados por Josep Carbonell y ahora depositados [&hellip;]<\/p>\n","protected":false},"author":3,"featured_media":0,"parent":0,"menu_order":0,"comment_status":"closed","ping_status":"closed","template":"","meta":{"_et_pb_use_builder":"on","_et_pb_old_content":"[et_pb_section fb_built=\"1\" inner_shadow=\"on\" _builder_version=\"4.27.4\" _module_preset=\"7b2d85e1-7830-4978-9321-f6c123abe07e\" background_color=\"#004225\" global_colors_info=\"{}\"][et_pb_row _builder_version=\"4.16\" custom_padding=\"9px||5px||false|false\" global_colors_info=\"{}\"][et_pb_column type=\"4_4\" admin_label=\"Columna\" _builder_version=\"4.16\" custom_padding=\"||||false|false\" global_colors_info=\"{}\"][et_pb_text _builder_version=\"4.27.4\" text_text_color=\"#FFFFFF\" background_color=\"#004225\" background_layout=\"dark\" global_colors_info=\"{}\"]\n<h1>Fons documental<\/h1>\n[\/et_pb_text][\/et_pb_column][\/et_pb_row][\/et_pb_section][et_pb_section fb_built=\"1\" _builder_version=\"4.16\" global_colors_info=\"{}\"][et_pb_row _builder_version=\"4.27.4\" _module_preset=\"default\" global_colors_info=\"{}\"][et_pb_column type=\"4_4\" _builder_version=\"4.27.4\" _module_preset=\"default\" global_colors_info=\"{}\"][et_pb_text _builder_version=\"4.27.4\" _module_preset=\"default\" global_colors_info=\"{}\"]\n<p style=\"text-align: left;\">La documentaci\u00f3 gestionada des del CEDGKC es compon de tres parts.<\/p>\n[\/et_pb_text][\/et_pb_column][\/et_pb_row][\/et_pb_section][et_pb_section fb_built=\"1\" _builder_version=\"4.27.4\" _module_preset=\"default\" global_colors_info=\"{}\"][et_pb_row column_structure=\"1_2,1_2\" _builder_version=\"4.27.4\" _module_preset=\"default\" global_colors_info=\"{}\"][et_pb_column type=\"1_2\" _builder_version=\"4.27.4\" _module_preset=\"default\" global_colors_info=\"{}\"][et_pb_heading title=\"1. Fons de llibres BPEB\" _builder_version=\"4.27.4\" _module_preset=\"default\" title_level=\"h2\" title_text_align=\"center\" title_text_color=\"#FFFFFF\" title_font_size=\"13px\" background_color=\"#004225\" custom_margin=\"10px||||false|false\" custom_padding=\"8px||||false|false\" global_colors_info=\"{}\"][\/et_pb_heading][et_pb_text _builder_version=\"4.27.4\" _module_preset=\"default\" global_colors_info=\"{}\"]\n\nLa primera constitueix el fons de llibres f\u00edsics, de Chesterton i sobre Chesterton, col\u00b7leccionats per Josep Carbonell i ara dipositats a la Biblioteca P\u00fablica Episcopal (BPEB) i ja catalogats.\n\n[\/et_pb_text][et_pb_button button_url=\"https:\/\/bibliotecaepiscopalbcn.org\/es-completa-la-catalogacio-dun-fons-bibliografic-sobre-g-k-chesterton\/\" url_new_window=\"on\" button_text=\"+ info sobre BPEB\" button_alignment=\"left\" _builder_version=\"4.27.4\" _module_preset=\"default\" custom_button=\"on\" button_text_size=\"12px\" button_border_width=\"4px\" global_colors_info=\"{}\"][\/et_pb_button][\/et_pb_column][et_pb_column type=\"1_2\" _builder_version=\"4.27.4\" _module_preset=\"default\" global_colors_info=\"{}\"][et_pb_heading title=\"2. Biblioteca del CEDGKC\" _builder_version=\"4.27.4\" _module_preset=\"default\" title_level=\"h2\" title_text_align=\"center\" title_text_color=\"#FFFFFF\" title_font_size=\"13px\" background_color=\"#004225\" custom_margin=\"10px||||false|false\" custom_padding=\"8px||||false|false\" global_colors_info=\"{}\"][\/et_pb_heading][et_pb_text _builder_version=\"4.27.4\" _module_preset=\"default\" global_colors_info=\"{}\"]\n\nLa segona constitueix la biblioteca dipositada a la seu del Centre d\u2019Estudis i Documentaci\u00f3 G. K. Chesterton (Convent dels Caputxins de Pompeia; Av. Diagonal, 450), que cont\u00e9 bibliografia especialitzada (llibres i revistes) sobre Chesterton i el seu context (literari, cultural, social, religi\u00f3s, period\u00edstic) brit\u00e0nic, europeu i americ\u00e0, i amb especial atenci\u00f3 a la recepci\u00f3 catalana i al m\u00f3n hisp\u00e0nic.\n\n[\/et_pb_text][et_pb_text _builder_version=\"4.27.4\" _module_preset=\"default\" custom_padding=\"||0px|||\" global_colors_info=\"{}\"]\n<p style=\"text-align: left;\"><em>B01. Obra de Chesterton <a href=\"https:\/\/cedgkchesterton.cat\/wp-content\/uploads\/2025\/06\/B01.-Obra-de-Chesterton.pdf\"><span style=\"text-decoration: underline;\"><strong>descarregar<\/strong><\/span><\/a>\n<\/em><em>B02. Obra sobre Chesterton <a href=\"https:\/\/cedgkchesterton.cat\/wp-content\/uploads\/2025\/06\/B02.-Obra-sobre-Chesterton.pdf\"><span style=\"text-decoration: underline;\"><strong>descarregar<\/strong><\/span><\/a>\n<\/em><em>B03. Obra de context <a href=\"https:\/\/cedgkchesterton.cat\/wp-content\/uploads\/2025\/06\/B03.-Obra-de-context.pdf\"><span style=\"text-decoration: underline;\"><strong>descarregar<\/strong><\/span><\/a><\/em><\/p>\n[\/et_pb_text][\/et_pb_column][\/et_pb_row][\/et_pb_section][et_pb_section fb_built=\"1\" _builder_version=\"4.27.4\" _module_preset=\"default\" global_colors_info=\"{}\"][et_pb_row _builder_version=\"4.27.4\" _module_preset=\"default\" global_colors_info=\"{}\"][et_pb_column type=\"4_4\" _builder_version=\"4.27.4\" _module_preset=\"default\" global_colors_info=\"{}\"][et_pb_heading title=\"3. Fons documental\" _builder_version=\"4.27.4\" _module_preset=\"default\" title_level=\"h2\" title_text_align=\"center\" title_text_color=\"#FFFFFF\" title_font_size=\"13px\" background_color=\"#004225\" custom_margin=\"10px||||false|false\" custom_padding=\"8px||||false|false\" global_colors_info=\"{}\"][\/et_pb_heading][et_pb_text _builder_version=\"4.27.4\" _module_preset=\"default\" global_colors_info=\"{}\"]\n\nLa tercera consisteix en els fons documentals (en fotoc\u00f2pia o c\u00f2pia digital), dipositats tamb\u00e9 al despatx del CEDGKC, procedents dels arxius de Josep Carbonell i Rod\u00e9s i S\u00edlvia Coll-Vinent: el primer se centra en la figura i l\u2019obra de Chesterton, i el segon, en la recerca sobre la recepci\u00f3 de Chesterton i altres escriptors anglesos a Catalunya, i sobre intel\u00b7lectuals, cr\u00edtics i literats en la Catalunya d\u2019entreguerres.\n\n[\/et_pb_text][et_pb_accordion _builder_version=\"4.27.4\" _module_preset=\"default\" hover_enabled=\"0\" global_colors_info=\"{}\" sticky_enabled=\"0\"][et_pb_accordion_item title=\"Fons 01. Josep Carbonell i Rod\u00e9s\" open=\"on\" _builder_version=\"4.27.4\" _module_preset=\"default\" hover_enabled=\"0\" global_colors_info=\"{}\" sticky_enabled=\"0\"]\n\nFons_01_JCR_I.a <a href=\"https:\/\/cedgkchesterton.cat\/wp-content\/uploads\/2025\/06\/Fons_01_JCR_I.a.pdf\"><span style=\"text-decoration: underline;\"><strong><em>descarregar<\/em><\/strong><\/span><\/a>\nFons_01_JCR_I.b <a href=\"https:\/\/cedgkchesterton.cat\/wp-content\/uploads\/2025\/06\/Fons_01_JCR_I.b.pdf\"><span style=\"text-decoration: underline;\"><strong><em>descarregar<\/em><\/strong><\/span><\/a>\nFons_01_JCR_I.c <a href=\"https:\/\/cedgkchesterton.cat\/wp-content\/uploads\/2025\/06\/Fons_01_JCR_I.c.pdf\"><span style=\"text-decoration: underline;\"><strong><em>descarregar<\/em><\/strong><\/span><\/a>\nFons_01_JCR_II.a <a href=\"https:\/\/cedgkchesterton.cat\/wp-content\/uploads\/2025\/06\/Fons_01_JCR_II.a.pdf\"><span style=\"text-decoration: underline;\"><strong><em>descarregar<\/em><\/strong><\/span><\/a>\nFons_01_JCR_II.b <a href=\"https:\/\/cedgkchesterton.cat\/wp-content\/uploads\/2025\/06\/Fons_01_JCR_II.b.pdf\"><span style=\"text-decoration: underline;\"><strong><em>descarregar<\/em><\/strong><\/span><\/a>\nFons_01_JCR_II.c <a href=\"https:\/\/cedgkchesterton.cat\/wp-content\/uploads\/2025\/06\/Fons_01_JCR_IIc.pdf\"><span style=\"text-decoration: underline;\"><strong><em>descarregar<\/em><\/strong><\/span><\/a>\nFons_01_JCR_III <a href=\"https:\/\/cedgkchesterton.cat\/wp-content\/uploads\/2025\/06\/Fons_01_JCR_III.pdf\"><span style=\"text-decoration: underline;\"><strong><em>descarregar<\/em><\/strong><\/span><\/a>\n\n[\/et_pb_accordion_item][et_pb_accordion_item title=\"Fons 02. S\u00edlvia Coll-Vinent\" _builder_version=\"4.27.4\" _module_preset=\"default\" global_colors_info=\"{}\" open=\"off\"]\n\nFons_02_SCV <a href=\"https:\/\/cedgkchesterton.cat\/wp-content\/uploads\/2025\/06\/Fons_02_SCV.pdf\"><span style=\"text-decoration: underline;\"><strong><em>descarregar<\/em><\/strong><\/span><\/a>\n\n[\/et_pb_accordion_item][\/et_pb_accordion][\/et_pb_column][\/et_pb_row][\/et_pb_section]","_et_gb_content_width":"","footnotes":""},"class_list":["post-2590","page","type-page","status-publish","hentry"],"yoast_head":"<!-- This site is optimized with the Yoast SEO plugin v25.3 - https:\/\/yoast.com\/wordpress\/plugins\/seo\/ -->\n<title>Fondo documental - Centro de Estudios y Documentaci\u00f3n G. K. Chesterton<\/title>\n<meta name=\"robots\" content=\"index, follow, max-snippet:-1, max-image-preview:large, max-video-preview:-1\" \/>\n<link rel=\"canonical\" href=\"https:\/\/cedgkchesterton.cat\/es\/centre-de-documentacio\/\" \/>\n<meta property=\"og:locale\" content=\"es_ES\" \/>\n<meta property=\"og:type\" content=\"article\" \/>\n<meta property=\"og:title\" content=\"Fondo documental - Centro de Estudios y Documentaci\u00f3n G. K. Chesterton\" \/>\n<meta property=\"og:description\" content=\"Fondo documentalLa documentaci\u00f3n gestionada desde CEDGKC se compone de tres partes.La primera constituye el fondo de libros f\u00edsicos, de Chesterton y sobre Chesterton, coleccionados por Josep Carbonell y ahora depositados [&hellip;]\" \/>\n<meta property=\"og:url\" content=\"https:\/\/cedgkchesterton.cat\/es\/centre-de-documentacio\/\" \/>\n<meta property=\"og:site_name\" content=\"Centro de Estudios y Documentaci\u00f3n G. K. Chesterton\" \/>\n<meta property=\"article:modified_time\" content=\"2025-06-27T09:56:17+00:00\" \/>\n<meta name=\"twitter:card\" content=\"summary_large_image\" \/>\n<meta name=\"twitter:label1\" content=\"Tiempo de lectura\" \/>\n\t<meta name=\"twitter:data1\" content=\"4 minutos\" \/>\n<script type=\"application\/ld+json\" class=\"yoast-schema-graph\">{\"@context\":\"https:\/\/schema.org\",\"@graph\":[{\"@type\":\"WebPage\",\"@id\":\"https:\/\/cedgkchesterton.cat\/es\/centre-de-documentacio\/\",\"url\":\"https:\/\/cedgkchesterton.cat\/es\/centre-de-documentacio\/\",\"name\":\"Fondo documental - Centro de Estudios y Documentaci\u00f3n G. K. Chesterton\",\"isPartOf\":{\"@id\":\"https:\/\/cedgkchesterton.cat\/#website\"},\"datePublished\":\"2025-06-26T10:11:19+00:00\",\"dateModified\":\"2025-06-27T09:56:17+00:00\",\"breadcrumb\":{\"@id\":\"https:\/\/cedgkchesterton.cat\/es\/centre-de-documentacio\/#breadcrumb\"},\"inLanguage\":\"es\",\"potentialAction\":[{\"@type\":\"ReadAction\",\"target\":[\"https:\/\/cedgkchesterton.cat\/es\/centre-de-documentacio\/\"]}]},{\"@type\":\"BreadcrumbList\",\"@id\":\"https:\/\/cedgkchesterton.cat\/es\/centre-de-documentacio\/#breadcrumb\",\"itemListElement\":[{\"@type\":\"ListItem\",\"position\":1,\"name\":\"Inici\",\"item\":\"https:\/\/cedgkchesterton.cat\/\"},{\"@type\":\"ListItem\",\"position\":2,\"name\":\"Fondo documental\"}]},{\"@type\":\"WebSite\",\"@id\":\"https:\/\/cedgkchesterton.cat\/#website\",\"url\":\"https:\/\/cedgkchesterton.cat\/\",\"name\":\"Centro de Estudios y Documentaci\u00f3n G. K. Chesterton\",\"description\":\"Estudi i divulgaci\u00f3 de l\u2019obra de Chesterton\",\"publisher\":{\"@id\":\"https:\/\/cedgkchesterton.cat\/#organization\"},\"potentialAction\":[{\"@type\":\"SearchAction\",\"target\":{\"@type\":\"EntryPoint\",\"urlTemplate\":\"https:\/\/cedgkchesterton.cat\/?s={search_term_string}\"},\"query-input\":{\"@type\":\"PropertyValueSpecification\",\"valueRequired\":true,\"valueName\":\"search_term_string\"}}],\"inLanguage\":\"es\"},{\"@type\":\"Organization\",\"@id\":\"https:\/\/cedgkchesterton.cat\/#organization\",\"name\":\"Centro de Estudios y Documentaci\u00f3n G. K. Chesterton\",\"url\":\"https:\/\/cedgkchesterton.cat\/\",\"logo\":{\"@type\":\"ImageObject\",\"inLanguage\":\"es\",\"@id\":\"https:\/\/cedgkchesterton.cat\/#\/schema\/logo\/image\/\",\"url\":\"https:\/\/cedgkchesterton.cat\/wp-content\/uploads\/2020\/09\/CEDGKC_logo.jpg\",\"contentUrl\":\"https:\/\/cedgkchesterton.cat\/wp-content\/uploads\/2020\/09\/CEDGKC_logo.jpg\",\"width\":492,\"height\":233,\"caption\":\"Centro de Estudios y Documentaci\u00f3n G. K. Chesterton\"},\"image\":{\"@id\":\"https:\/\/cedgkchesterton.cat\/#\/schema\/logo\/image\/\"}}]}<\/script>\n<!-- \/ Yoast SEO plugin. -->","yoast_head_json":{"title":"Fondo documental - Centro de Estudios y Documentaci\u00f3n G. K. Chesterton","robots":{"index":"index","follow":"follow","max-snippet":"max-snippet:-1","max-image-preview":"max-image-preview:large","max-video-preview":"max-video-preview:-1"},"canonical":"https:\/\/cedgkchesterton.cat\/es\/centre-de-documentacio\/","og_locale":"es_ES","og_type":"article","og_title":"Fondo documental - Centro de Estudios y Documentaci\u00f3n G. K. Chesterton","og_description":"Fondo documentalLa documentaci\u00f3n gestionada desde CEDGKC se compone de tres partes.La primera constituye el fondo de libros f\u00edsicos, de Chesterton y sobre Chesterton, coleccionados por Josep Carbonell y ahora depositados [&hellip;]","og_url":"https:\/\/cedgkchesterton.cat\/es\/centre-de-documentacio\/","og_site_name":"Centro de Estudios y Documentaci\u00f3n G. K. Chesterton","article_modified_time":"2025-06-27T09:56:17+00:00","twitter_card":"summary_large_image","twitter_misc":{"Tiempo de lectura":"4 minutos"},"schema":{"@context":"https:\/\/schema.org","@graph":[{"@type":"WebPage","@id":"https:\/\/cedgkchesterton.cat\/es\/centre-de-documentacio\/","url":"https:\/\/cedgkchesterton.cat\/es\/centre-de-documentacio\/","name":"Fondo documental - Centro de Estudios y Documentaci\u00f3n G. K. Chesterton","isPartOf":{"@id":"https:\/\/cedgkchesterton.cat\/#website"},"datePublished":"2025-06-26T10:11:19+00:00","dateModified":"2025-06-27T09:56:17+00:00","breadcrumb":{"@id":"https:\/\/cedgkchesterton.cat\/es\/centre-de-documentacio\/#breadcrumb"},"inLanguage":"es","potentialAction":[{"@type":"ReadAction","target":["https:\/\/cedgkchesterton.cat\/es\/centre-de-documentacio\/"]}]},{"@type":"BreadcrumbList","@id":"https:\/\/cedgkchesterton.cat\/es\/centre-de-documentacio\/#breadcrumb","itemListElement":[{"@type":"ListItem","position":1,"name":"Inici","item":"https:\/\/cedgkchesterton.cat\/"},{"@type":"ListItem","position":2,"name":"Fondo documental"}]},{"@type":"WebSite","@id":"https:\/\/cedgkchesterton.cat\/#website","url":"https:\/\/cedgkchesterton.cat\/","name":"Centro de Estudios y Documentaci\u00f3n G. K. Chesterton","description":"Estudi i divulgaci\u00f3 de l\u2019obra de Chesterton","publisher":{"@id":"https:\/\/cedgkchesterton.cat\/#organization"},"potentialAction":[{"@type":"SearchAction","target":{"@type":"EntryPoint","urlTemplate":"https:\/\/cedgkchesterton.cat\/?s={search_term_string}"},"query-input":{"@type":"PropertyValueSpecification","valueRequired":true,"valueName":"search_term_string"}}],"inLanguage":"es"},{"@type":"Organization","@id":"https:\/\/cedgkchesterton.cat\/#organization","name":"Centro de Estudios y Documentaci\u00f3n G. K. Chesterton","url":"https:\/\/cedgkchesterton.cat\/","logo":{"@type":"ImageObject","inLanguage":"es","@id":"https:\/\/cedgkchesterton.cat\/#\/schema\/logo\/image\/","url":"https:\/\/cedgkchesterton.cat\/wp-content\/uploads\/2020\/09\/CEDGKC_logo.jpg","contentUrl":"https:\/\/cedgkchesterton.cat\/wp-content\/uploads\/2020\/09\/CEDGKC_logo.jpg","width":492,"height":233,"caption":"Centro de Estudios y Documentaci\u00f3n G. K. Chesterton"},"image":{"@id":"https:\/\/cedgkchesterton.cat\/#\/schema\/logo\/image\/"}}]}},"_links":{"self":[{"href":"https:\/\/cedgkchesterton.cat\/es\/wp-json\/wp\/v2\/pages\/2590","targetHints":{"allow":["GET"]}}],"collection":[{"href":"https:\/\/cedgkchesterton.cat\/es\/wp-json\/wp\/v2\/pages"}],"about":[{"href":"https:\/\/cedgkchesterton.cat\/es\/wp-json\/wp\/v2\/types\/page"}],"author":[{"embeddable":true,"href":"https:\/\/cedgkchesterton.cat\/es\/wp-json\/wp\/v2\/users\/3"}],"replies":[{"embeddable":true,"href":"https:\/\/cedgkchesterton.cat\/es\/wp-json\/wp\/v2\/comments?post=2590"}],"version-history":[{"count":7,"href":"https:\/\/cedgkchesterton.cat\/es\/wp-json\/wp\/v2\/pages\/2590\/revisions"}],"predecessor-version":[{"id":2610,"href":"https:\/\/cedgkchesterton.cat\/es\/wp-json\/wp\/v2\/pages\/2590\/revisions\/2610"}],"wp:attachment":[{"href":"https:\/\/cedgkchesterton.cat\/es\/wp-json\/wp\/v2\/media?parent=2590"}],"curies":[{"name":"wp","href":"https:\/\/api.w.org\/{rel}","templated":true}]}}