{"id":817,"date":"2020-07-08T09:40:59","date_gmt":"2020-07-08T07:40:59","guid":{"rendered":"https:\/\/cedgkchesterton.cat\/inici\/"},"modified":"2021-06-29T16:39:52","modified_gmt":"2021-06-29T14:39:52","slug":"inicio","status":"publish","type":"page","link":"https:\/\/cedgkchesterton.cat\/es\/","title":{"rendered":"Inicio"},"content":{"rendered":"<p>[et_pb_section fb_built=\u00bb1&#8243; _builder_version=\u00bb3.22&#8243;][et_pb_row column_structure=\u00bb1_3,1_3,1_3&#8243; _builder_version=\u00bb3.25&#8243; background_size=\u00bbinitial\u00bb background_position=\u00bbtop_left\u00bb background_repeat=\u00bbrepeat\u00bb][et_pb_column type=\u00bb1_3&#8243; _builder_version=\u00bb3.25&#8243; custom_padding=\u00bb|||\u00bb custom_padding__hover=\u00bb|||\u00bb][et_pb_text _builder_version=\u00bb4.9.2&#8243; background_size=\u00bbinitial\u00bb background_position=\u00bbtop_left\u00bb background_repeat=\u00bbrepeat\u00bb hover_enabled=\u00bb0&#8243; sticky_enabled=\u00bb0&#8243;]<\/p>\n<p>El <strong>Centro de Estudios y Documentaci\u00f3n G. K. Chesterton<\/strong> se define como una plataforma activa, abierta y participativa destinada a investigadores, estudiosos e interesados en la persona, la vida y la obra de Gilbert Keith Chesterton (1874 \u2013 1936), con el objetivo de dar a conocer y divulgar su pensamiento y el entorno de sus ideas en la Europa de entreguerras y hasta hoy.<\/p>\n<p>[\/et_pb_text][\/et_pb_column][et_pb_column type=\u00bb1_3&#8243; _builder_version=\u00bb3.25&#8243; custom_padding=\u00bb|||\u00bb custom_padding__hover=\u00bb|||\u00bb][et_pb_text _builder_version=\u00bb4.9.2&#8243; background_size=\u00bbinitial\u00bb background_position=\u00bbtop_left\u00bb background_repeat=\u00bbrepeat\u00bb hover_enabled=\u00bb0&#8243; sticky_enabled=\u00bb0&#8243;]<\/p>\n<p>El <strong>ideario de Chesterton en el mundo contempor\u00e1neo<\/strong>. Su pensamiento y su obra se convierten en un legado valioso que debe integrarse en el debate sobre la definici\u00f3n de Europa, con el objetivo de documentar, sobre todo a trav\u00e9s de las publicaciones peri\u00f3dicas, la influencia human\u00edstica de ra\u00edz democristiana en el proceso hist\u00f3rico de globalizaci\u00f3n que vive el mundo actual.<\/p>\n<p>[\/et_pb_text][\/et_pb_column][et_pb_column type=\u00bb1_3&#8243; _builder_version=\u00bb3.25&#8243; custom_padding=\u00bb|||\u00bb custom_padding__hover=\u00bb|||\u00bb][et_pb_text _builder_version=\u00bb4.9.2&#8243; background_size=\u00bbinitial\u00bb background_position=\u00bbtop_left\u00bb background_repeat=\u00bbrepeat\u00bb hover_enabled=\u00bb0&#8243; sticky_enabled=\u00bb0&#8243;]<\/p>\n<p>\u200b<strong>La vinculaci\u00f3n de Chesterton con Catalu\u00f1a<\/strong>. Las dos estancias que realiz\u00f3 en 1926 y en 1935 y su difusi\u00f3n, junto con la de otros escritores ingleses, foment\u00f3 un intercambio de ideas, visiones y modelos literarios. Inspir\u00f3 escritores, periodistas y pensadores, como por ejemplo Mari\u00e0 Manent, Pau Romeva o Maurici Serrahima, entre otros muchos, y un grupo de Amigos de Chesterton que impuls\u00f3 la traducci\u00f3n de su obra.<\/p>\n<p>[\/et_pb_text][\/et_pb_column][\/et_pb_row][\/et_pb_section]<\/p>\n","protected":false},"excerpt":{"rendered":"<p>El Centro de Estudios y Documentaci\u00f3n G. K. Chesterton se define como una plataforma activa, abierta y participativa destinada a investigadores, estudiosos e interesados en la persona, la vida y [&hellip;]<\/p>\n","protected":false},"author":1,"featured_media":0,"parent":0,"menu_order":0,"comment_status":"closed","ping_status":"closed","template":"","meta":{"_et_pb_use_builder":"on","_et_pb_old_content":"","_et_gb_content_width":"","footnotes":""},"class_list":["post-817","page","type-page","status-publish","hentry"],"yoast_head":"<!-- This site is optimized with the Yoast SEO plugin v25.3 - https:\/\/yoast.com\/wordpress\/plugins\/seo\/ -->\n<title>Inicio - Centro de Estudios y Documentaci\u00f3n G. K. Chesterton<\/title>\n<meta name=\"robots\" content=\"index, follow, max-snippet:-1, max-image-preview:large, max-video-preview:-1\" \/>\n<link rel=\"canonical\" href=\"https:\/\/cedgkchesterton.cat\/\" \/>\n<meta property=\"og:locale\" content=\"es_ES\" \/>\n<meta property=\"og:type\" content=\"article\" \/>\n<meta property=\"og:title\" content=\"Inicio - Centro de Estudios y Documentaci\u00f3n G. K. Chesterton\" \/>\n<meta property=\"og:description\" content=\"El Centro de Estudios y Documentaci\u00f3n G. K. Chesterton se define como una plataforma activa, abierta y participativa destinada a investigadores, estudiosos e interesados en la persona, la vida y [&hellip;]\" \/>\n<meta property=\"og:url\" content=\"https:\/\/cedgkchesterton.cat\/\" \/>\n<meta property=\"og:site_name\" content=\"Centro de Estudios y Documentaci\u00f3n G. K. Chesterton\" \/>\n<meta property=\"article:modified_time\" content=\"2021-06-29T14:39:52+00:00\" \/>\n<meta name=\"twitter:card\" content=\"summary_large_image\" \/>\n<meta name=\"twitter:label1\" content=\"Tiempo de lectura\" \/>\n\t<meta name=\"twitter:data1\" content=\"2 minutos\" \/>\n<script type=\"application\/ld+json\" class=\"yoast-schema-graph\">{\"@context\":\"https:\/\/schema.org\",\"@graph\":[{\"@type\":\"WebPage\",\"@id\":\"https:\/\/cedgkchesterton.cat\/\",\"url\":\"https:\/\/cedgkchesterton.cat\/\",\"name\":\"Inicio - Centro de Estudios y Documentaci\u00f3n G. K. Chesterton\",\"isPartOf\":{\"@id\":\"https:\/\/cedgkchesterton.cat\/#website\"},\"datePublished\":\"2020-07-08T07:40:59+00:00\",\"dateModified\":\"2021-06-29T14:39:52+00:00\",\"breadcrumb\":{\"@id\":\"https:\/\/cedgkchesterton.cat\/#breadcrumb\"},\"inLanguage\":\"es\",\"potentialAction\":[{\"@type\":\"ReadAction\",\"target\":[\"https:\/\/cedgkchesterton.cat\/\"]}]},{\"@type\":\"BreadcrumbList\",\"@id\":\"https:\/\/cedgkchesterton.cat\/#breadcrumb\",\"itemListElement\":[{\"@type\":\"ListItem\",\"position\":1,\"name\":\"Inici\",\"item\":\"https:\/\/cedgkchesterton.cat\/\"},{\"@type\":\"ListItem\",\"position\":2,\"name\":\"Inicio\"}]},{\"@type\":\"WebSite\",\"@id\":\"https:\/\/cedgkchesterton.cat\/#website\",\"url\":\"https:\/\/cedgkchesterton.cat\/\",\"name\":\"Centro de Estudios y Documentaci\u00f3n G. K. Chesterton\",\"description\":\"Estudi i divulgaci\u00f3 de l\u2019obra de Chesterton\",\"publisher\":{\"@id\":\"https:\/\/cedgkchesterton.cat\/#organization\"},\"potentialAction\":[{\"@type\":\"SearchAction\",\"target\":{\"@type\":\"EntryPoint\",\"urlTemplate\":\"https:\/\/cedgkchesterton.cat\/?s={search_term_string}\"},\"query-input\":{\"@type\":\"PropertyValueSpecification\",\"valueRequired\":true,\"valueName\":\"search_term_string\"}}],\"inLanguage\":\"es\"},{\"@type\":\"Organization\",\"@id\":\"https:\/\/cedgkchesterton.cat\/#organization\",\"name\":\"Centro de Estudios y Documentaci\u00f3n G. K. Chesterton\",\"url\":\"https:\/\/cedgkchesterton.cat\/\",\"logo\":{\"@type\":\"ImageObject\",\"inLanguage\":\"es\",\"@id\":\"https:\/\/cedgkchesterton.cat\/#\/schema\/logo\/image\/\",\"url\":\"https:\/\/cedgkchesterton.cat\/wp-content\/uploads\/2020\/09\/CEDGKC_logo.jpg\",\"contentUrl\":\"https:\/\/cedgkchesterton.cat\/wp-content\/uploads\/2020\/09\/CEDGKC_logo.jpg\",\"width\":492,\"height\":233,\"caption\":\"Centro de Estudios y Documentaci\u00f3n G. K. Chesterton\"},\"image\":{\"@id\":\"https:\/\/cedgkchesterton.cat\/#\/schema\/logo\/image\/\"}}]}<\/script>\n<!-- \/ Yoast SEO plugin. -->","yoast_head_json":{"title":"Inicio - Centro de Estudios y Documentaci\u00f3n G. K. Chesterton","robots":{"index":"index","follow":"follow","max-snippet":"max-snippet:-1","max-image-preview":"max-image-preview:large","max-video-preview":"max-video-preview:-1"},"canonical":"https:\/\/cedgkchesterton.cat\/","og_locale":"es_ES","og_type":"article","og_title":"Inicio - Centro de Estudios y Documentaci\u00f3n G. K. Chesterton","og_description":"El Centro de Estudios y Documentaci\u00f3n G. K. Chesterton se define como una plataforma activa, abierta y participativa destinada a investigadores, estudiosos e interesados en la persona, la vida y [&hellip;]","og_url":"https:\/\/cedgkchesterton.cat\/","og_site_name":"Centro de Estudios y Documentaci\u00f3n G. K. Chesterton","article_modified_time":"2021-06-29T14:39:52+00:00","twitter_card":"summary_large_image","twitter_misc":{"Tiempo de lectura":"2 minutos"},"schema":{"@context":"https:\/\/schema.org","@graph":[{"@type":"WebPage","@id":"https:\/\/cedgkchesterton.cat\/","url":"https:\/\/cedgkchesterton.cat\/","name":"Inicio - Centro de Estudios y Documentaci\u00f3n G. K. Chesterton","isPartOf":{"@id":"https:\/\/cedgkchesterton.cat\/#website"},"datePublished":"2020-07-08T07:40:59+00:00","dateModified":"2021-06-29T14:39:52+00:00","breadcrumb":{"@id":"https:\/\/cedgkchesterton.cat\/#breadcrumb"},"inLanguage":"es","potentialAction":[{"@type":"ReadAction","target":["https:\/\/cedgkchesterton.cat\/"]}]},{"@type":"BreadcrumbList","@id":"https:\/\/cedgkchesterton.cat\/#breadcrumb","itemListElement":[{"@type":"ListItem","position":1,"name":"Inici","item":"https:\/\/cedgkchesterton.cat\/"},{"@type":"ListItem","position":2,"name":"Inicio"}]},{"@type":"WebSite","@id":"https:\/\/cedgkchesterton.cat\/#website","url":"https:\/\/cedgkchesterton.cat\/","name":"Centro de Estudios y Documentaci\u00f3n G. K. Chesterton","description":"Estudi i divulgaci\u00f3 de l\u2019obra de Chesterton","publisher":{"@id":"https:\/\/cedgkchesterton.cat\/#organization"},"potentialAction":[{"@type":"SearchAction","target":{"@type":"EntryPoint","urlTemplate":"https:\/\/cedgkchesterton.cat\/?s={search_term_string}"},"query-input":{"@type":"PropertyValueSpecification","valueRequired":true,"valueName":"search_term_string"}}],"inLanguage":"es"},{"@type":"Organization","@id":"https:\/\/cedgkchesterton.cat\/#organization","name":"Centro de Estudios y Documentaci\u00f3n G. K. Chesterton","url":"https:\/\/cedgkchesterton.cat\/","logo":{"@type":"ImageObject","inLanguage":"es","@id":"https:\/\/cedgkchesterton.cat\/#\/schema\/logo\/image\/","url":"https:\/\/cedgkchesterton.cat\/wp-content\/uploads\/2020\/09\/CEDGKC_logo.jpg","contentUrl":"https:\/\/cedgkchesterton.cat\/wp-content\/uploads\/2020\/09\/CEDGKC_logo.jpg","width":492,"height":233,"caption":"Centro de Estudios y Documentaci\u00f3n G. K. Chesterton"},"image":{"@id":"https:\/\/cedgkchesterton.cat\/#\/schema\/logo\/image\/"}}]}},"_links":{"self":[{"href":"https:\/\/cedgkchesterton.cat\/es\/wp-json\/wp\/v2\/pages\/817","targetHints":{"allow":["GET"]}}],"collection":[{"href":"https:\/\/cedgkchesterton.cat\/es\/wp-json\/wp\/v2\/pages"}],"about":[{"href":"https:\/\/cedgkchesterton.cat\/es\/wp-json\/wp\/v2\/types\/page"}],"author":[{"embeddable":true,"href":"https:\/\/cedgkchesterton.cat\/es\/wp-json\/wp\/v2\/users\/1"}],"replies":[{"embeddable":true,"href":"https:\/\/cedgkchesterton.cat\/es\/wp-json\/wp\/v2\/comments?post=817"}],"version-history":[{"count":2,"href":"https:\/\/cedgkchesterton.cat\/es\/wp-json\/wp\/v2\/pages\/817\/revisions"}],"predecessor-version":[{"id":1541,"href":"https:\/\/cedgkchesterton.cat\/es\/wp-json\/wp\/v2\/pages\/817\/revisions\/1541"}],"wp:attachment":[{"href":"https:\/\/cedgkchesterton.cat\/es\/wp-json\/wp\/v2\/media?parent=817"}],"curies":[{"name":"wp","href":"https:\/\/api.w.org\/{rel}","templated":true}]}}